{"id":2586,"date":"2020-01-21T18:21:11","date_gmt":"2020-01-21T17:21:11","guid":{"rendered":"http:\/\/taubenrennen.baiv.de\/?page_id=2586"},"modified":"2021-08-18T10:45:57","modified_gmt":"2021-08-18T09:45:57","slug":"anmeldung-zum-11-teutoburgerwaldtaubenrennen-2020","status":"publish","type":"page","link":"http:\/\/taubenrennen.baiv.de\/?page_id=2586","title":{"rendered":"Anmeldung zum 11. Teutoburgerwaldtaubenrennen 2020"},"content":{"rendered":"\n<p>\u00a0<\/p>\n<p>Hiermit melde ich ____ bezahlte Tauben an.________Reservetauben mit<\/p>\n<p>jeweils 20 Euro Versorgungsgeb\u00fchr!<\/p>\n<p>_____Freitauben (FT) bzw ___Startgutscheintauben (GT)<\/p>\n<p>Den Betrag von _______ Euro entrichte ich bei Anlieferung in bar<\/p>\n<p>oder \u00fcberweise ihn auf folgendes Konto: von Christoph Gr\u00f6ne<\/p>\n<p>IBAN: DE07 2655 0105 0007 3073 66<\/p>\n<p>BIC: NOLADE22XXX Sparkasse Osnabr\u00fcck<\/p>\n<p>Teilnehmer: __________________________<\/p>\n<p>Team-Name: _________________________<\/p>\n<p>Adresse _____________________________<\/p>\n<p>Kontaktdaten:<\/p>\n<p>Email: ______________________________<\/p>\n<p>Tel. \/ Fax.___________________________<\/p>\n<p>Bankverbindung:_____________________<\/p>\n<p>Wir danken allen Sponsoren und Helfern, die das Teutoburgerwald-<\/p>\n<p>taubenrennen mit unterst\u00fctzen.<\/p>\n<p>Futter \u00fcber Beyer`s Familie Pahnke<\/p>\n<p>Bony Farma<\/p>\n<p>Backs<\/p>\n<p>Spinnes<\/p>\n<p>Teekontor<\/p>\n<p>Klaus Gritsteine<\/p>\n<p>Auktionshaus www.tauben-versteigerung.de<\/p>\n<p>Veranstalter: Christoph Gr\u00f6ne, Dr\u00f6per Mark 2, 49124 Georgsmarienh\u00fctte<\/p>\n<p>Tel: 05401-368650 oder 0170-9653730 \/ Fax 05401-368649 sowie<\/p>\n<p>per Email chris.groene@osnanet.de \/ www.teutoburgerwaldtaubenrennen.de<\/p>\n","protected":false},"excerpt":{"rendered":"<p>\u00a0 Hiermit melde ich ____ bezahlte Tauben an.________Reservetauben mit jeweils 20 Euro Versorgungsgeb\u00fchr! _____Freitauben (FT) bzw ___Startgutscheintauben (GT) Den Betrag von _______ Euro entrichte ich bei Anlieferung in bar oder \u00fcberweise ihn auf folgendes Konto: von Christoph Gr\u00f6ne IBAN: DE07 &hellip; <a href=\"http:\/\/taubenrennen.baiv.de\/?page_id=2586\">Weiterlesen <span class=\"meta-nav\">&rarr;<\/span><\/a><\/p>\n","protected":false},"author":1,"featured_media":0,"parent":2590,"menu_order":0,"comment_status":"closed","ping_status":"closed","template":"","meta":{"footnotes":"","_links_to":"","_links_to_target":""},"class_list":["post-2586","page","type-page","status-publish","hentry"],"_links":{"self":[{"href":"http:\/\/taubenrennen.baiv.de\/index.php?rest_route=\/wp\/v2\/pages\/2586","targetHints":{"allow":["GET"]}}],"collection":[{"href":"http:\/\/taubenrennen.baiv.de\/index.php?rest_route=\/wp\/v2\/pages"}],"about":[{"href":"http:\/\/taubenrennen.baiv.de\/index.php?rest_route=\/wp\/v2\/types\/page"}],"author":[{"embeddable":true,"href":"http:\/\/taubenrennen.baiv.de\/index.php?rest_route=\/wp\/v2\/users\/1"}],"replies":[{"embeddable":true,"href":"http:\/\/taubenrennen.baiv.de\/index.php?rest_route=%2Fwp%2Fv2%2Fcomments&post=2586"}],"version-history":[{"count":1,"href":"http:\/\/taubenrennen.baiv.de\/index.php?rest_route=\/wp\/v2\/pages\/2586\/revisions"}],"predecessor-version":[{"id":2587,"href":"http:\/\/taubenrennen.baiv.de\/index.php?rest_route=\/wp\/v2\/pages\/2586\/revisions\/2587"}],"up":[{"embeddable":true,"href":"http:\/\/taubenrennen.baiv.de\/index.php?rest_route=\/wp\/v2\/pages\/2590"}],"wp:attachment":[{"href":"http:\/\/taubenrennen.baiv.de\/index.php?rest_route=%2Fwp%2Fv2%2Fmedia&parent=2586"}],"curies":[{"name":"wp","href":"https:\/\/api.w.org\/{rel}","templated":true}]}}