{"id":3204,"date":"2024-09-13T05:31:47","date_gmt":"2024-09-13T04:31:47","guid":{"rendered":"http:\/\/taubenrennen.baiv.de\/?page_id=3204"},"modified":"2025-04-10T11:42:20","modified_gmt":"2025-04-10T10:42:20","slug":"preisgeld","status":"publish","type":"page","link":"http:\/\/taubenrennen.baiv.de\/?page_id=3204","title":{"rendered":"Preisgeld"},"content":{"rendered":"\n<p><\/p>\n\n\n\n<p>Werte Teilnehmer und Interessierte, dieses Jahr f\u00fchren wir zum 15. Mal das Teutoburgerwaldtaubenrennen durch. Aus diesem Anlass werden wir folgende Gutscheine \u00fcber jeweils eine Freitaube f\u00fcr 2025 ausfliegen, sofern der Einzelteilnehmer oder das Team auch 2025 mit bezahlten Tauben am Rennen teilnimmt. Die Teilnehmenden sollen dadurch belohnt werden!<\/p>\n\n\n\n<p>Platz1,11,22,33,44,55,66,77,88,99,100,111,122,133,144,155,166,177,188,199,200, 211,222,233,244,255,266,277,288,299,300,311,322,333,344,355,366,377,388,399, 400,411,422,433,444,455,466,477,488,499,500<\/p>\n\n\n\n<p>Sollten bis eine Woche nach dem Finale am Abend um 20.00 unter 305 Tauben konstatiert sein, so erhalten die Pl\u00e4tze 10,20,30,40,50,60,70,80,90,110,120,130,140,150,160,170,180,190,210,220,230,240, 250,260,270,280,290 und die letzte Taube auch einen Freigutschein!<\/p>\n\n\n\n<p>Preisgeldverteilung 2024:<\/p>\n\n\n\n<figure class=\"wp-block-table\"><table><tbody><tr><td colspan=\"2\"><\/td><td colspan=\"2\">Platz 1: 6800 Euro Platz 2: 3500 Euro Platz 3: 1750 Euro Platz 4-10: jeweils 850 Euro Platz 11: 520 Euro Platz 12-15: 270 Euro Platz 16-20: 220 Euro Platz 21-60: 180 Euro Platz 61-80: 100 Euro Platz 81-100: 70 Euro <strong>Es werden drei Preisfl\u00fcge durchgef\u00fchrt: Platz 1: 350 Euro Platz 2: 220, Platz 3-5: jeweils 180 Euro; Platz 6-10: jeweils 120 Euro<br \/><\/strong> <strong>Asstaubenwertung (drei Preisfl\u00fcge plus Finalflug): Platz 1: 550 Euro Platz 2: 320 Euro und Platz 3: 220 Euro; Platz 4-10: jeweils 180 Euro<\/strong><\/td><\/tr><\/tbody><\/table><\/figure>\n","protected":false},"excerpt":{"rendered":"<p>Werte Teilnehmer und Interessierte, dieses Jahr f\u00fchren wir zum 15. Mal das Teutoburgerwaldtaubenrennen durch. Aus diesem Anlass werden wir folgende Gutscheine \u00fcber jeweils eine Freitaube f\u00fcr 2025 ausfliegen, sofern der Einzelteilnehmer oder das Team auch 2025 mit bezahlten Tauben am &hellip; <a href=\"http:\/\/taubenrennen.baiv.de\/?page_id=3204\">Weiterlesen <span class=\"meta-nav\">&rarr;<\/span><\/a><\/p>\n","protected":false},"author":1,"featured_media":0,"parent":3341,"menu_order":0,"comment_status":"closed","ping_status":"closed","template":"","meta":{"footnotes":"","_links_to":"","_links_to_target":""},"class_list":["post-3204","page","type-page","status-publish","hentry"],"_links":{"self":[{"href":"http:\/\/taubenrennen.baiv.de\/index.php?rest_route=\/wp\/v2\/pages\/3204","targetHints":{"allow":["GET"]}}],"collection":[{"href":"http:\/\/taubenrennen.baiv.de\/index.php?rest_route=\/wp\/v2\/pages"}],"about":[{"href":"http:\/\/taubenrennen.baiv.de\/index.php?rest_route=\/wp\/v2\/types\/page"}],"author":[{"embeddable":true,"href":"http:\/\/taubenrennen.baiv.de\/index.php?rest_route=\/wp\/v2\/users\/1"}],"replies":[{"embeddable":true,"href":"http:\/\/taubenrennen.baiv.de\/index.php?rest_route=%2Fwp%2Fv2%2Fcomments&post=3204"}],"version-history":[{"count":1,"href":"http:\/\/taubenrennen.baiv.de\/index.php?rest_route=\/wp\/v2\/pages\/3204\/revisions"}],"predecessor-version":[{"id":3205,"href":"http:\/\/taubenrennen.baiv.de\/index.php?rest_route=\/wp\/v2\/pages\/3204\/revisions\/3205"}],"up":[{"embeddable":true,"href":"http:\/\/taubenrennen.baiv.de\/index.php?rest_route=\/wp\/v2\/pages\/3341"}],"wp:attachment":[{"href":"http:\/\/taubenrennen.baiv.de\/index.php?rest_route=%2Fwp%2Fv2%2Fmedia&parent=3204"}],"curies":[{"name":"wp","href":"https:\/\/api.w.org\/{rel}","templated":true}]}}