{"id":121,"date":"2010-09-15T15:17:58","date_gmt":"2010-09-15T14:17:58","guid":{"rendered":"http:\/\/taubenrennen.baiv.de\/?page_id=121"},"modified":"2011-08-19T22:20:50","modified_gmt":"2011-08-19T21:20:50","slug":"aktuelle-bestandsliste-15-09-2010-um-10-47-uhr","status":"publish","type":"page","link":"https:\/\/taubenrennen.baiv.de\/?page_id=121","title":{"rendered":"aktuelle Bestandsliste 15.09.2010 um 10.47 Uhr"},"content":{"rendered":"<p>Bestandsliste15.09.2010<\/p>\n<p>Aktuelle Bestandsliste von 10.47 am 15.09.2010. Einige Tauben sind noch unterwegs. Die nicht konstatiert waren und somit noch unterwegs sind, sind mit einem x gekennzeichnet.<\/p>\n<p>Es sind noch einige wenige Tauben nicht vollbezahlt. Bitte bezahlen Sie diese oder sie werden dem Team Georgsmarienh\u00fctte zur Verf\u00fcgung gestellt. Wenn der Z\u00fcchter Anteile bezahlt hat, so ist er mit diesen (durch 50 Euro teilbar) am Team Georgsmarienh\u00fctte beteiligt ansonsten hat er keinen Anspruch auf Preis bzw Versteigerungsanteile.<\/p>\n<p>Der Veranstalter hat beschlossen, da\u00df es ein Team Georgsmarienh\u00fctte geben wird. Unten sehen Sie welche Z\u00fcchter, die ihre Anteile bezahlt haben, Tauben dem Team Georgsmarienh\u00fctte zur Verf\u00fcgung gestellt haben.<\/p>\n<p>Falls Sie noch am Team Georgsmarienh\u00fctte teilnehmen wollen, setzen Sie sich bitte mit uns in Verbindung 05401-368650 oder 0170-9653730. Die Liste mit den bisherigen Anteilen wird heute Abend ver\u00f6ffentlicht. Sie kann bis Samstag noch erg\u00e4nzt werden. Sp\u00e4testens Freitag steht dann auch die Liste der Tauben im Internet, die nicht bezahlt worden sind.<\/p>\n<p>Wir w\u00fcnschen Euch weiterhin Gut Flug<\/p>\n<p>Euer Teutoburgerwaldtaubenrennenteam Christoph Gr\u00f6ne und Johannes Bu\u00dfmann<\/p>\n<p>P.S.: Wer Tauben schon mit 200 Euro vollbezahlt hat oder Teams mit 300 Euro bezahlt hat und diese bis zum Einsetzen zum Endflug \u00a0komplett weg sind, dann bleibt das Geld als Guthaben f\u00fcr das n\u00e4chste Jahr stehen; dieses gilt aber nicht f\u00fcr mit 30 bzw 40 Euro voraktivierte Tauben. Falls Sie Fragen haben, melden Sie sich bitte bei uns. Wir stehen gerne zur Verf\u00fcgung.<\/p>\n<p>Eine weitere Erkl\u00e4rung: Falls wie wir ausgehen 90 Tauben vollbezahlt am Sonntag am Start sind, so wird es 23 Geldpreise geben. Nur soviel: auch die letzte Preistaube erh\u00e4lt noch 200 Euro als Preisgeld (also das komplette Einsatzgeld) Dieses war eine Beispielrechnung f\u00fcr 90 vollbezahlte Tauben. Die endg\u00fcltige Liste mit vollbezahlten Tauben wird am Samstagabend nach dem Einsetzen ver\u00f6ffentlicht.<\/p>\n<p>Die Tauben werden am Samstag den 18.09. in der Zeit von 18.30 bis ca 19.30 eingesetzt.<\/p>\n<p>Am Sonntag werden sie dann in Hammelburg ca 265 km aufgelassen, falls die Witterung es zul\u00e4\u00dft!<\/p>\n<p>Peter und Erna Schacht<\/p>\n<p>08345-10-245\u00a0\u00a0\u00a0\u00a0<\/p>\n<p>08345-10-256\u00a0\u00a0\u00a0\u00a0<\/p>\n<p>Peter Fuschera<\/p>\n<p>Altmiks\/Soudy<\/p>\n<p>02694-10-664\u00a0\u00a0\u00a0\u00a0<\/p>\n<p>02694-10-674\u00a0\u00a0\u00a0\u00a0<\/p>\n<p>02694-10-660\u00a0\u00a0\u00a0\u00a0<\/p>\n<p>02694-10-666<\/p>\n<p>Blankenauffulland, Wilhelm<\/p>\n<p>TOPTEAM Buchloh<\/p>\n<p>05986-10-1031\u00a0<\/p>\n<p>05986-10-1038\u00a0<\/p>\n<p>Casselmann, Albert und Elfriede<\/p>\n<p>01190-10-924\u00a0\u00a0\u00a0\u00a0<\/p>\n<p>Deigner-Sun<\/p>\n<p>Dierk, G\u00fcnter<\/p>\n<p>04236-10-543<\/p>\n<p>Ferchen, Willi und Marlies<\/p>\n<p>05536-10-254\u00a0\u00a0\u00a0\u00a0<\/p>\n<p>05536-10-255\u00a0\u00a0\u00a0\u00a0<\/p>\n<p>F\u00fcllbier, Peter<\/p>\n<p>Gl\u00fcsen<\/p>\n<p>01538-10-455\u00a0\u00a0\u00a0\u00a0<\/p>\n<p>G\u00f6bel HS<\/p>\n<p>0855-10-459\u00a0\u00a0\u00a0\u00a0\u00a0\u00a0<\/p>\n<p>Hallmann H.J.<\/p>\n<p>03801-10-297\u00a0\u00a0\u00a0\u00a0<\/p>\n<p>Hansen, Heinz<\/p>\n<p>07648-10-55\u00a0\u00a0\u00a0\u00a0\u00a0\u00a0<\/p>\n<p>07648-10-51\u00a0\u00a0\u00a0\u00a0\u00a0\u00a0<\/p>\n<p>Hartk\u00e4mper<\/p>\n<p>Hemann, Ottmar<\/p>\n<p>Hogg, Alistair<\/p>\n<p>SU 10 3011 CA\u00a0\u00a0<\/p>\n<p>SU-10-3024 CA<\/p>\n<p>Holdorf Gerd<\/p>\n<p>01966-10-781\u00a0\u00a0\u00a0\u00a0 <strong><\/strong><\/p>\n<p>SG Jasper, Vieten, Korte<\/p>\n<p>Kegelclub Hei wackelt<\/p>\n<p>Keller, Hubert<\/p>\n<p>Klaas, Alfons<\/p>\n<p>Kleser Eddie<\/p>\n<p>03801-10-283\u00a0\u00a0\u00a0\u00a0<\/p>\n<p>Kr\u00f6ger,\u00a0 Bernd<\/p>\n<p>K\u00fcpper, Robert<\/p>\n<p>06628-10-538\u00a0\u00a0\u00a0\u00a0<\/p>\n<p>Lang, Karl Heinz<\/p>\n<p>08596-10-2099\u00a0<\/p>\n<p>Marien, Rainer und Raiko<\/p>\n<p>Mayer, Siegfried\u00a0\u00a0\u00a0\u00a0\u00a0\u00a0\u00a0\u00a0\u00a0\u00a0\u00a0\u00a0<\/p>\n<p>M\u00f6dder, Manfred<\/p>\n<p>Osteerennen.de Gerrits<\/p>\n<p>04657-10-727\u00a0\u00a0\u00a0\u00a0<\/p>\n<p>04657-10-729\u00a0\u00a0\u00a0\u00a0<\/p>\n<p>Paetsch, Manfred<\/p>\n<p>Pahnke, Erhard<\/p>\n<p>03273-10-676\u00a0\u00a0\u00a0\u00a0<\/p>\n<p>03273-10-680\u00a0\u00a0\u00a0\u00a0<\/p>\n<p>Peitzmeier, Adolf<\/p>\n<p>Placke, Johannes<\/p>\n<p>07847-10-392\u00a0\u00a0\u00a0\u00a0<\/p>\n<p>Reese, Friedhelm<\/p>\n<p>Rehm, Wilhelm und Jens, Kramer<\/p>\n<p>Rottmann, Josef<\/p>\n<p>03214-10-355\u00a0\u00a0\u00a0\u00a0<\/p>\n<p>Sauert, Harald<\/p>\n<p>080-10-296<\/p>\n<p>Schlenk, Walter<\/p>\n<p>05425-10-115\u00a0\u00a0\u00a0\u00a0<\/p>\n<p>Schnackenberg, Hinrich<\/p>\n<p>08173-10-773\u00a0\u00a0\u00a0\u00a0<\/p>\n<p>Schone, Volker<\/p>\n<p>08009-10-584\u00a0\u00a0\u00a0\u00a0<\/p>\n<p>Schoppmeyer, Reinhold<\/p>\n<p>Schweers, Hermann<\/p>\n<p>0667-10-422\u00a0\u00a0\u00a0\u00a0\u00a0\u00a0<\/p>\n<p>0667-10-423\u00a0\u00a0\u00a0\u00a0\u00a0\u00a0<\/p>\n<p>Siekmann, Heiko<\/p>\n<p>06332-10-791\u00a0\u00a0\u00a0\u00a0<\/p>\n<p>Team Aichazandt<\/p>\n<p>03485-10-1070\u00a0<\/p>\n<p>Team Allg\u00e4uer-Jungtaubenderby Kaiser, Dietmar<\/p>\n<p>02741-10-658\u00a0\u00a0\u00a0\u00a0<\/p>\n<p>02741-10-646\u00a0\u00a0\u00a0\u00a0<\/p>\n<p>Team Amazone<\/p>\n<p>01866-10-531\u00a0\u00a0\u00a0\u00a0<\/p>\n<p>Team Ali<\/p>\n<p>Team <a href=\"http:\/\/www.as-finanz.de\/\">www.as-finanz.de<\/a><\/p>\n<p>08510-10-396\u00a0\u00a0\u00a0\u00a0<\/p>\n<p>Team Dressurpferde<\/p>\n<p>08510-10-526\u00a0\u00a0\u00a0\u00a0<\/p>\n<p>TEAM Eggebote<\/p>\n<p>Team Fortuna Oesede<\/p>\n<p>08510-10-41\u00a0\u00a0\u00a0\u00a0\u00a0\u00a0<\/p>\n<p>Team Kegelclub Waldwinkel<\/p>\n<p>Team Leimbrink<\/p>\n<p>08510-10-601\u00a0\u00a0\u00a0\u00a0<\/p>\n<p>x08510-10-598\u00a0<\/p>\n<p>Team M\u00fcnsterland-Derby Wilken, Leo<\/p>\n<p>01083-10-299\u00a0\u00a0\u00a0\u00a0<\/p>\n<p>Team Oesede S\u00fcd<\/p>\n<p>08510-10-140\u00a0\u00a0\u00a0\u00a0<\/p>\n<p>08510-10-143\u00a0\u00a0\u00a0\u00a0<\/p>\n<p>Team RGWM<\/p>\n<p>02301-10-385\u00a0\u00a0\u00a0\u00a0<\/p>\n<p>02301-10-396\u00a0\u00a0\u00a0\u00a0<\/p>\n<p>02301-10-393\u00a0\u00a0\u00a0\u00a0<\/p>\n<p>02301-10-397<\/p>\n<p>Team Saak<\/p>\n<p>06310-10-113<\/p>\n<p>Team Schalke<\/p>\n<p>06956-10-517\u00a0\u00a0\u00a0\u00a0<\/p>\n<p>03911-10-1244\u00a0<\/p>\n<p>Team <a href=\"http:\/\/www.schaumburg-rennen.de\/\">www.schaumburg-rennen.de<\/a> Plenert, J\u00f6rg<\/p>\n<p>08852-10-170\u00a0\u00a0\u00a0\u00a0<\/p>\n<p>Team <a href=\"http:\/\/www.schausteller-waldmann.de\/\">www.schausteller-Waldmann.de<\/a><\/p>\n<p>Team Scholz und Holzgrefe<\/p>\n<p>0144-10-105\u00a0\u00a0\u00a0\u00a0\u00a0\u00a0<\/p>\n<p>Team G. Schulze<\/p>\n<p>07603-10-847\u00a0\u00a0\u00a0\u00a0<\/p>\n<p>07603-10-849\u00a0\u00a0\u00a0\u00a0<\/p>\n<p>Team Sharon<\/p>\n<p>08510-10-366\u00a0\u00a0\u00a0\u00a0<\/p>\n<p>Team Stagge<\/p>\n<p>05298-10-1323\u00a0 \u00a0\u00a0\u00a0\u00a0\u00a0\u00a0\u00a0\u00a0\u00a0\u00a0\u00a0\u00a0\u00a0\u00a0<\/p>\n<p>05298-10-1329\u00a0<\/p>\n<p>Team Sylt 2000<\/p>\n<p>06278-10-321 Fleschenberg\/Wolter\u00a0\u00a0\u00a0\u00a0\u00a0\u00a0<\/p>\n<p>05536-10-257 Ferchen, Willi u Marlies\u00a0<\/p>\n<p>02694-10-661 Altmiks\/Soudy\u00a0\u00a0\u00a0\u00a0\u00a0\u00a0\u00a0\u00a0\u00a0\u00a0\u00a0\u00a0\u00a0\u00a0\u00a0\u00a0\u00a0\u00a0\u00a0<\/p>\n<p>03911-10-38 Wienekamp, Hermann\u00a0\u00a0\u00a0\u00a0\u00a0\u00a0<\/p>\n<p>0334-10-125 G\u00f6bel-Varney\u00a0\u00a0\u00a0\u00a0\u00a0\u00a0\u00a0\u00a0\u00a0\u00a0\u00a0\u00a0\u00a0\u00a0\u00a0\u00a0\u00a0\u00a0\u00a0\u00a0\u00a0\u00a0\u00a0<\/p>\n<p>04236-10-807 Rehm, Wilhelm und Jens\u00a0\u00a0\u00a0\u00a0\u00a0\u00a0\u00a0\u00a0\u00a0\u00a0\u00a0\u00a0\u00a0\u00a0<\/p>\n<p>07648-10-123 Hansen, Heinz\u00a0\u00a0\u00a0\u00a0\u00a0\u00a0\u00a0\u00a0\u00a0\u00a0\u00a0\u00a0\u00a0\u00a0\u00a0\u00a0\u00a0\u00a0\u00a0\u00a0<\/p>\n<p>Team Tanicciari<\/p>\n<p>08592-10-1015\u00a0<\/p>\n<p>08592-10-1027\u00a0<\/p>\n<p>08592-10-1023\u00a0<\/p>\n<p>08592-10-1042\u00a0<\/p>\n<p>08592-10-1026<\/p>\n<p>Team <a href=\"http:\/\/www.taubenschlag-blockhaus.de\/\">www.Taubenschlag-Blockhaus.de<\/a><\/p>\n<p>07194-10-222<\/p>\n<p>Team XXL<\/p>\n<p>08510-10-300\u00a0\u00a0\u00a0\u00a0<\/p>\n<p>08510-10-372\u00a0\u00a0\u00a0\u00a0<\/p>\n<p>Thun, Walter<\/p>\n<p>Trautmann<\/p>\n<p>02415-10-261\u00a0\u00a0\u00a0\u00a0<\/p>\n<p>02415-10-262\u00a0\u00a0\u00a0\u00a0<\/p>\n<p>V\u00f6lkel, Eckehard<\/p>\n<p>Waldow, Werner und Thiel, Silvia<\/p>\n<p>04858-10-1579\u00a0<\/p>\n<p>04858-10-1585\u00a0<\/p>\n<p>04858-10-1376\u00a0<\/p>\n<p>x04858-10-1575\u00a0\u00a0\u00a0\u00a0\u00a0\u00a0\u00a0\u00a0\u00a0\u00a0\u00a0\u00a0\u00a0\u00a0\u00a0<\/p>\n<p>Wienekamp Hermann<\/p>\n<p>03911-10-41\u00a0\u00a0\u00a0\u00a0\u00a0\u00a0<\/p>\n<p>SG Winter, Helmut und J\u00fcrgen<\/p>\n<p>Witte, Udo<\/p>\n<p>Team Georgsmarienh\u00fctte bisherige Tauben:<\/p>\n<p>0435-10-693\u00a0\u00a0\u00a0\u00a0\u00a0\u00a0<\/p>\n<p>0435-10-667\u00a0\u00a0\u00a0\u00a0\u00a0\u00a0<\/p>\n<p>0435-10-582\u00a0\u00a0\u00a0\u00a0\u00a0\u00a0<\/p>\n<p>0435-10-679\u00a0\u00a0\u00a0\u00a0\u00a0\u00a0<\/p>\n<p>0435-10-689\u00a0\u00a0\u00a0\u00a0\u00a0\u00a0<\/p>\n<p>0435-10-673<\/p>\n<p>0435-10-497\u00a0\u00a0\u00a0\u00a0\u00a0\u00a0 Mayer Siegfried<\/p>\n<p>08510-10-295<\/p>\n<p>08510-10-347<\/p>\n<p>03273-10-562 \u00a0\u00a0\u00a0 Pahnke, Erhard<\/p>\n<p>Die Tauben vom Team Taniciarri<\/p>\n<p>Die Tauben vom Team RGWM<\/p>\n<p>Eine Taube Team Leimbrink<\/p>\n","protected":false},"excerpt":{"rendered":"<p>Bestandsliste15.09.2010 Aktuelle Bestandsliste von 10.47 am 15.09.2010. Einige Tauben sind noch unterwegs. Die nicht konstatiert waren und somit noch unterwegs sind, sind mit einem x gekennzeichnet. Es sind noch einige wenige Tauben nicht vollbezahlt. Bitte bezahlen Sie diese oder sie &hellip; <a href=\"https:\/\/taubenrennen.baiv.de\/?page_id=121\">Weiterlesen <span class=\"meta-nav\">&rarr;<\/span><\/a><\/p>\n","protected":false},"author":1,"featured_media":0,"parent":556,"menu_order":39,"comment_status":"open","ping_status":"closed","template":"","meta":{"footnotes":"","_links_to":"","_links_to_target":""},"class_list":["post-121","page","type-page","status-publish","hentry"],"_links":{"self":[{"href":"https:\/\/taubenrennen.baiv.de\/index.php?rest_route=\/wp\/v2\/pages\/121","targetHints":{"allow":["GET"]}}],"collection":[{"href":"https:\/\/taubenrennen.baiv.de\/index.php?rest_route=\/wp\/v2\/pages"}],"about":[{"href":"https:\/\/taubenrennen.baiv.de\/index.php?rest_route=\/wp\/v2\/types\/page"}],"author":[{"embeddable":true,"href":"https:\/\/taubenrennen.baiv.de\/index.php?rest_route=\/wp\/v2\/users\/1"}],"replies":[{"embeddable":true,"href":"https:\/\/taubenrennen.baiv.de\/index.php?rest_route=%2Fwp%2Fv2%2Fcomments&post=121"}],"version-history":[{"count":3,"href":"https:\/\/taubenrennen.baiv.de\/index.php?rest_route=\/wp\/v2\/pages\/121\/revisions"}],"predecessor-version":[{"id":565,"href":"https:\/\/taubenrennen.baiv.de\/index.php?rest_route=\/wp\/v2\/pages\/121\/revisions\/565"}],"up":[{"embeddable":true,"href":"https:\/\/taubenrennen.baiv.de\/index.php?rest_route=\/wp\/v2\/pages\/556"}],"wp:attachment":[{"href":"https:\/\/taubenrennen.baiv.de\/index.php?rest_route=%2Fwp%2Fv2%2Fmedia&parent=121"}],"curies":[{"name":"wp","href":"https:\/\/api.w.org\/{rel}","templated":true}]}}