{"id":1240,"date":"2013-08-22T22:58:02","date_gmt":"2013-08-22T21:58:02","guid":{"rendered":"http:\/\/taubenrennen.baiv.de\/?page_id=1240"},"modified":"2013-11-03T16:17:16","modified_gmt":"2013-11-03T15:17:16","slug":"asstaubenwertung-2013-bisheriger-stand","status":"publish","type":"page","link":"https:\/\/taubenrennen.baiv.de\/?page_id=1240","title":{"rendered":"Asstaubenwertung 2013 Endstand"},"content":{"rendered":"<p>Teutoburgerwaldtaubenrennen 2013 Asstaubenwertung nach 4 Preisfl\u00fcgen:<\/p>\n<p>Platz 1 Team Sylt 2000 Heun \/ Makowski 03585-13-352 4Preise (155)<\/p>\n<p>Platz 2 Dieter Siebert 06723-13-2540 3 Preise (68)<\/p>\n<p>Platz 3 Team Colonia 08585-13-7 3 Preise (93)<\/p>\n<p>Platz 4 Team Allflite.co.za 08510-13-175 3 Preise (94)<\/p>\n<p>Platz 5 Alfons Klaas 0507-13-585 3 Preise (94)<\/p>\n<p>Platz 6 Team Amazone 01866-13-197 3 Preise (98)<\/p>\n<p>Dieses sind die Geldr\u00e4nge; alle weiteren Z\u00fcchter und Teams, deren Asstauben \u00a03 Preise haben, k\u00f6nnen 2014 eine zus\u00e4tzliche Reservetaube schicken, die dann erst zu den Preisfl\u00fcgen bezahlt werden mu\u00df, sofern sie nat\u00fcrlich bezahlte Tauben zum Teutoburgerwaldtaubenrennen 2014 schicken.<\/p>\n<p>&nbsp;<\/p>\n<p>Folgende Tauben hatten alle drei Preise nach dem dritten Preisflug:<\/p>\n<p>Platz 1 Alfons Klaas mit 585 (94)<\/p>\n<p>Platz 2 Team Eggebote mit 517 (126)<\/p>\n<p>Platz 3 Team Sylt 2000 Heun Makowski mit 352 (143)<\/p>\n<p>Platz 4 Team K\u00f6nigsblau mit 40 (145)<\/p>\n<p>Platz 5 Klaus W\u00fcstefeld mit 474 (158)<\/p>\n<p>Platz 6 Dieter Siebert mit 2538 (208)<\/p>\n<p>Platz\u00a07 Team Elze (Stichweh\/Brandes) mit 681 (216)<\/p>\n<p>Platz\u00a08 Team Graaf-Fock mit 647 (225)<\/p>\n<p>Angaben ohne Gew\u00e4hr und der Endflug folgt noch!<\/p>\n<p>&nbsp;<\/p>\n","protected":false},"excerpt":{"rendered":"<p>Teutoburgerwaldtaubenrennen 2013 Asstaubenwertung nach 4 Preisfl\u00fcgen: Platz 1 Team Sylt 2000 Heun \/ Makowski 03585-13-352 4Preise (155) Platz 2 Dieter Siebert 06723-13-2540 3 Preise (68) Platz 3 Team Colonia 08585-13-7 3 Preise (93) Platz 4 Team Allflite.co.za 08510-13-175 3 Preise &hellip; <a href=\"https:\/\/taubenrennen.baiv.de\/?page_id=1240\">Weiterlesen <span class=\"meta-nav\">&rarr;<\/span><\/a><\/p>\n","protected":false},"author":1,"featured_media":0,"parent":1190,"menu_order":0,"comment_status":"open","ping_status":"closed","template":"","meta":{"footnotes":"","_links_to":"","_links_to_target":""},"class_list":["post-1240","page","type-page","status-publish","hentry"],"_links":{"self":[{"href":"https:\/\/taubenrennen.baiv.de\/index.php?rest_route=\/wp\/v2\/pages\/1240","targetHints":{"allow":["GET"]}}],"collection":[{"href":"https:\/\/taubenrennen.baiv.de\/index.php?rest_route=\/wp\/v2\/pages"}],"about":[{"href":"https:\/\/taubenrennen.baiv.de\/index.php?rest_route=\/wp\/v2\/types\/page"}],"author":[{"embeddable":true,"href":"https:\/\/taubenrennen.baiv.de\/index.php?rest_route=\/wp\/v2\/users\/1"}],"replies":[{"embeddable":true,"href":"https:\/\/taubenrennen.baiv.de\/index.php?rest_route=%2Fwp%2Fv2%2Fcomments&post=1240"}],"version-history":[{"count":5,"href":"https:\/\/taubenrennen.baiv.de\/index.php?rest_route=\/wp\/v2\/pages\/1240\/revisions"}],"predecessor-version":[{"id":1294,"href":"https:\/\/taubenrennen.baiv.de\/index.php?rest_route=\/wp\/v2\/pages\/1240\/revisions\/1294"}],"up":[{"embeddable":true,"href":"https:\/\/taubenrennen.baiv.de\/index.php?rest_route=\/wp\/v2\/pages\/1190"}],"wp:attachment":[{"href":"https:\/\/taubenrennen.baiv.de\/index.php?rest_route=%2Fwp%2Fv2%2Fmedia&parent=1240"}],"curies":[{"name":"wp","href":"https:\/\/api.w.org\/{rel}","templated":true}]}}