{"id":136,"date":"2010-09-18T19:35:00","date_gmt":"2010-09-18T18:35:00","guid":{"rendered":"http:\/\/taubenrennen.baiv.de\/?page_id=136"},"modified":"2011-08-19T22:23:04","modified_gmt":"2011-08-19T21:23:04","slug":"preisgeldverteilung-endflug-astaubenwertung-preisflug-und-fruheinzahlerbonus","status":"publish","type":"page","link":"https:\/\/taubenrennen.baiv.de\/?page_id=136","title":{"rendered":"Preisgeldverteilung Endflug, Astaubenwertung Preisflug und Fr\u00fcheinzahlerbonus"},"content":{"rendered":"<p>Preisgeldverteilung 2010 Endflug Teutoburgerwaldtaubenrennen am 19.09.2010:<\/p>\n<ol>\n<li>Platz \u00a0\u00a0\u00a0\u00a0 2.500 \u00a0\u00a0\u00a0 Euro<\/li>\n<li>Platz\u00a0\u00a0\u00a0\u00a0\u00a0 1.000 \u00a0\u00a0\u00a0 Euro<\/li>\n<li>Platz\u00a0\u00a0\u00a0\u00a0\u00a0 600 \u00a0\u00a0\u00a0\u00a0\u00a0\u00a0\u00a0 Euro<\/li>\n<li>Platz\u00a0\u00a0\u00a0\u00a0\u00a0 500\u00a0\u00a0\u00a0\u00a0\u00a0\u00a0\u00a0\u00a0 Euro<\/li>\n<li>Platz\u00a0\u00a0\u00a0\u00a0\u00a0 400\u00a0\u00a0\u00a0\u00a0\u00a0\u00a0\u00a0\u00a0 Euro<\/li>\n<li>Platz\u00a0\u00a0\u00a0\u00a0\u00a0 300\u00a0\u00a0\u00a0\u00a0\u00a0\u00a0\u00a0\u00a0 Euro<\/li>\n<li>Platz\u00a0\u00a0\u00a0\u00a0\u00a0 300\u00a0\u00a0\u00a0\u00a0\u00a0\u00a0\u00a0\u00a0 Euro<\/li>\n<li>Platz\u00a0\u00a0\u00a0\u00a0\u00a0 300\u00a0\u00a0\u00a0\u00a0\u00a0\u00a0\u00a0\u00a0 Euro<\/li>\n<li>Platz\u00a0\u00a0\u00a0\u00a0\u00a0 300\u00a0\u00a0\u00a0\u00a0\u00a0\u00a0\u00a0\u00a0 Euro<\/li>\n<li>Platz\u00a0\u00a0\u00a0\u00a0\u00a0 300\u00a0\u00a0\u00a0\u00a0\u00a0\u00a0\u00a0\u00a0 Euro<\/li>\n<li>Platz\u00a0\u00a0\u00a0\u00a0\u00a0 250\u00a0\u00a0\u00a0\u00a0\u00a0\u00a0\u00a0\u00a0 Euro<\/li>\n<li>Platz\u00a0\u00a0\u00a0\u00a0\u00a0 250\u00a0\u00a0\u00a0\u00a0\u00a0\u00a0\u00a0\u00a0 Euro<\/li>\n<li>Platz\u00a0\u00a0\u00a0\u00a0\u00a0 250\u00a0\u00a0\u00a0\u00a0\u00a0\u00a0\u00a0\u00a0 Euro<\/li>\n<li>Platz\u00a0\u00a0\u00a0\u00a0\u00a0 250\u00a0\u00a0\u00a0\u00a0\u00a0\u00a0\u00a0\u00a0 Euro<\/li>\n<li>Platz\u00a0\u00a0\u00a0\u00a0\u00a0 250\u00a0\u00a0\u00a0\u00a0\u00a0\u00a0\u00a0\u00a0 Euro<\/li>\n<li>Platz\u00a0\u00a0\u00a0\u00a0\u00a0 210\u00a0\u00a0\u00a0\u00a0\u00a0\u00a0\u00a0\u00a0 Euro<\/li>\n<li>Platz\u00a0\u00a0\u00a0\u00a0\u00a0 210\u00a0\u00a0\u00a0\u00a0\u00a0\u00a0\u00a0\u00a0 Euro<\/li>\n<li>Platz\u00a0\u00a0\u00a0\u00a0\u00a0 210\u00a0\u00a0\u00a0\u00a0\u00a0\u00a0\u00a0\u00a0 Euro<\/li>\n<li>Platz\u00a0\u00a0\u00a0\u00a0\u00a0 210 \u00a0\u00a0\u00a0\u00a0\u00a0\u00a0\u00a0 Euro<\/li>\n<li>Platz\u00a0\u00a0\u00a0\u00a0\u00a0 210\u00a0\u00a0\u00a0\u00a0\u00a0\u00a0\u00a0\u00a0 Euro<\/li>\n<li>Platz\u00a0\u00a0\u00a0\u00a0\u00a0 200\u00a0\u00a0\u00a0\u00a0\u00a0\u00a0\u00a0\u00a0 Euro<\/li>\n<li>Platz\u00a0\u00a0\u00a0\u00a0\u00a0 200\u00a0\u00a0\u00a0\u00a0\u00a0\u00a0\u00a0\u00a0 Euro<\/li>\n<li>Platz \u00a0\u00a0\u00a0\u00a0 200\u00a0\u00a0\u00a0\u00a0\u00a0\u00a0\u00a0\u00a0 Euro<\/li>\n<li>Platz\u00a0\u00a0\u00a0\u00a0\u00a0 200\u00a0\u00a0\u00a0\u00a0\u00a0\u00a0\u00a0\u00a0 Euro<\/li>\n<li>Platz\u00a0\u00a0\u00a0\u00a0\u00a0 200 \u00a0\u00a0\u00a0\u00a0\u00a0\u00a0\u00a0 Euro<\/li>\n<\/ol>\n<p>\u00a0<\/p>\n<p>1. Taube Preisflug ab Korbach\u00a0\u00a0 200 Euro<\/p>\n<ol>\n<li>As taube nach Geschwindigkeit m\/min auf den Preisfl\u00fcgen und dem Endflug: 200 Euro<\/li>\n<\/ol>\n<p>\u00a0<\/p>\n<ol>\n<li>Wer den vollen Betrag: 200 Euro \/ Taube oder 300 Euro pro Team bis zum 15.03.2010 \u00fcberweist, dann bekommt derjenige 200 Euro, der von allen Fr\u00fcheinzahlern (bis zum 15.03.10) die erste Taube hat.<\/li>\n<\/ol>\n<p>\u00a0<\/p>\n<ol>\n<li>Wer den vollen Betrag: 200 Euro \/ Taube oder 300 Euro pro Team bis zum 01.05.2010 \u00fcberweist, dann bekommt derjenige 150 Euro, der von allen Fr\u00fcheinzahlern (bis zum 01.05.10) die erste Taube hat.<\/li>\n<\/ol>\n<p>F\u00fcr die Fr\u00fcheinzahlerkonditionen z\u00e4hlen nat\u00fcrlich nur die eigenen im Rennen verbliebenen Tauben und nicht dem Team Georgsmarienh\u00fctte evtl zur Verf\u00fcgung gestellte Tauben oder Anteile im Team Georgsmarienh\u00fctte.<\/p>\n","protected":false},"excerpt":{"rendered":"<p>Preisgeldverteilung 2010 Endflug Teutoburgerwaldtaubenrennen am 19.09.2010: Platz \u00a0\u00a0\u00a0\u00a0 2.500 \u00a0\u00a0\u00a0 Euro Platz\u00a0\u00a0\u00a0\u00a0\u00a0 1.000 \u00a0\u00a0\u00a0 Euro Platz\u00a0\u00a0\u00a0\u00a0\u00a0 600 \u00a0\u00a0\u00a0\u00a0\u00a0\u00a0\u00a0 Euro Platz\u00a0\u00a0\u00a0\u00a0\u00a0 500\u00a0\u00a0\u00a0\u00a0\u00a0\u00a0\u00a0\u00a0 Euro Platz\u00a0\u00a0\u00a0\u00a0\u00a0 400\u00a0\u00a0\u00a0\u00a0\u00a0\u00a0\u00a0\u00a0 Euro Platz\u00a0\u00a0\u00a0\u00a0\u00a0 300\u00a0\u00a0\u00a0\u00a0\u00a0\u00a0\u00a0\u00a0 Euro Platz\u00a0\u00a0\u00a0\u00a0\u00a0 300\u00a0\u00a0\u00a0\u00a0\u00a0\u00a0\u00a0\u00a0 Euro Platz\u00a0\u00a0\u00a0\u00a0\u00a0 300\u00a0\u00a0\u00a0\u00a0\u00a0\u00a0\u00a0\u00a0 Euro Platz\u00a0\u00a0\u00a0\u00a0\u00a0 300\u00a0\u00a0\u00a0\u00a0\u00a0\u00a0\u00a0\u00a0 Euro Platz\u00a0\u00a0\u00a0\u00a0\u00a0 300\u00a0\u00a0\u00a0\u00a0\u00a0\u00a0\u00a0\u00a0 Euro &hellip; <a href=\"https:\/\/taubenrennen.baiv.de\/?page_id=136\">Weiterlesen <span class=\"meta-nav\">&rarr;<\/span><\/a><\/p>\n","protected":false},"author":1,"featured_media":0,"parent":441,"menu_order":0,"comment_status":"open","ping_status":"closed","template":"","meta":{"footnotes":"","_links_to":"","_links_to_target":""},"class_list":["post-136","page","type-page","status-publish","hentry"],"_links":{"self":[{"href":"https:\/\/taubenrennen.baiv.de\/index.php?rest_route=\/wp\/v2\/pages\/136","targetHints":{"allow":["GET"]}}],"collection":[{"href":"https:\/\/taubenrennen.baiv.de\/index.php?rest_route=\/wp\/v2\/pages"}],"about":[{"href":"https:\/\/taubenrennen.baiv.de\/index.php?rest_route=\/wp\/v2\/types\/page"}],"author":[{"embeddable":true,"href":"https:\/\/taubenrennen.baiv.de\/index.php?rest_route=\/wp\/v2\/users\/1"}],"replies":[{"embeddable":true,"href":"https:\/\/taubenrennen.baiv.de\/index.php?rest_route=%2Fwp%2Fv2%2Fcomments&post=136"}],"version-history":[{"count":3,"href":"https:\/\/taubenrennen.baiv.de\/index.php?rest_route=\/wp\/v2\/pages\/136\/revisions"}],"predecessor-version":[{"id":580,"href":"https:\/\/taubenrennen.baiv.de\/index.php?rest_route=\/wp\/v2\/pages\/136\/revisions\/580"}],"up":[{"embeddable":true,"href":"https:\/\/taubenrennen.baiv.de\/index.php?rest_route=\/wp\/v2\/pages\/441"}],"wp:attachment":[{"href":"https:\/\/taubenrennen.baiv.de\/index.php?rest_route=%2Fwp%2Fv2%2Fmedia&parent=136"}],"curies":[{"name":"wp","href":"https:\/\/api.w.org\/{rel}","templated":true}]}}