{"id":1890,"date":"2015-09-29T12:52:11","date_gmt":"2015-09-29T11:52:11","guid":{"rendered":"http:\/\/taubenrennen.baiv.de\/?page_id=1890"},"modified":"2017-04-03T21:23:29","modified_gmt":"2017-04-03T20:23:29","slug":"ausschreibung-2016","status":"publish","type":"page","link":"https:\/\/taubenrennen.baiv.de\/?page_id=1890","title":{"rendered":"Ausschreibung 2016 \u00fcber 56% der Startgeb\u00fchr werden ausgesch\u00fcttet!"},"content":{"rendered":"<p style=\"margin-bottom: 18.0pt;\"><span style=\"font-family: 'Georgia','serif'; color: #444444;\">Werte Sportfreunde und Interessierte, aktuell 13.10.2015 : Taubenmarkt Kassel: Besucht uns in Halle 1 Stand 11 kurz nach dem Haupteingang 0170-9653730<\/span><\/p>\n<p style=\"margin-bottom: 18.0pt;\">\u00fcber 56% werden 2016 ausgesch\u00fcttet; Preisgeld ist nochmal aufgestockt worden!<\/p>\n<p>Ausschreibung zum 7. Teutoburgerwaldtaubenrennen 18. September 2016:<\/p>\n<p>Endflug S\u00fcdost \u00fcber 300 km! Es gibt f\u00fcr jede Taube 5 Gewinnchancen: drei Preisfl\u00fcge, Asstaubenwertung und der Finalflug!<\/p>\n<p>Platz 1: 6400 Euro bei 400 bezahlten Tauben. Insgesamt gibt es 36.200 Euro Preisgeld bei 400 bezahlten Tauben!<\/p>\n<p>Es werden \u00fcber 56% der Startgeb\u00fchr ausgesch\u00fcttet.<\/p>\n<p>Eine Taube kostet 160 Euro.<\/p>\n<p>Wer drei Tauben bezahlt kann eine Reservetaube zus\u00e4tzlich mitschicken (wenn alle vier Tauben Ende Juli noch da sind, kann die vierte Taube mit 160 Euro aktiviert werden; ansonsten kann sie von Dritten aktiviert werden.<\/p>\n<p>Wer 4 Tauben bezahlt kann zwei Reservetauben schicken und hat die 5. Taube frei. (Falls 6 Tauben Ende Juli da sind, muss nur noch eine Reservetaube mit 160 Euro aktiviert werden.)<\/p>\n<p>Es werden drei Preisfl\u00fcge durchgef\u00fchrt: Platz 1: 320 Euro Platz 2-10: jeweils 160 Euro<\/p>\n<p>Asstaubenwertung (drei Preisfl\u00fcge plus Finalflug): Platz 1: 500 Euro Plaz 2: 300 Euro und Platz 3: 200 Euro;\u00a0 Platz 4-10: jeweils 160 Euro<\/p>\n<p>Platz 1: 6400 Euro<\/p>\n<p>Platz 2: 2400 Euro<\/p>\n<p>Platz 3: 1600 Euro<\/p>\n<p>Platz 4-10: jeweils 800 Euro<\/p>\n<p>Platz 11: 500 Euro<\/p>\n<p>Platz 12-15: 350 Euro<\/p>\n<p>Platz 16-30: 200 Euro<\/p>\n<p>Platz 31-70: 160 Euro<\/p>\n<p>Platz 71-100: 50 Euro<\/p>\n<p style=\"margin-bottom: 18.0pt;\">Danke an alle HelferInnen, Unterst\u00fctzern, Sponsoren, Teilnehmern, Aufla\u00dfleitern, Versteigerern, K\u00e4ufern, Transporteuren, den Familien Gr\u00f6ne und Tiesmeyer! Danke Danke Danke Ihr Euer Christoph Gr\u00f6ne<\/p>\n<p style=\"margin-bottom: 18.0pt;\">F\u00fcrs n\u00e4chste Jahr sind schon ca 100 bezahlte Tauben in ca 25 4+2 Teams gemeldet! umgerechnet k\u00f6nnen max 100 4+2 Teams teilnehmen u.a. dabei sind: Team Tichelwarf, SG Herman und Denis Beverdam, Sg Hallmann-Kleser, Team Bella Amalia, Team de Winter, Team Owl-Renner, Team Busche, Andreas M\u00f6ller, SG Gerd und Holm Sander, Dirk Gebert und weitere norwegische Sportfreunde, Team Tauben-versteigerung.de, Dr Werner Scheck, Willi und Marlies Ferchen&#8230;.nat\u00fcrlich kann man auch mit einer bezahlten Taube oder 3+1 teilnehmen; max 400 bezahlte plus Ersatztauben werden angenommen! \u00dcber 55% der Startgeb\u00fchr werden ausgesch\u00fcttet!<\/p>\n<p>Bei 400 bezahlten Tauben gibt es 100 Geldpreise auf dem Endflug!<\/p>\n<p>F\u00fcr Verluste jedweder Art haftet nicht der Veranstalter. Der Veranstalter kann die gesamte Veranstaltung absagen. Der Rechtsweg ist ausgeschlossen.<\/p>\n<p>Anlieferung der Tauben vom 1. April bis 15. Mai 2016; in der Eingew\u00f6hnungsphase verloren gegangene Tauben, k\u00f6nnen bis zum 15. Mai kostenlos ersetzt werden.<\/p>\n","protected":false},"excerpt":{"rendered":"<p>Werte Sportfreunde und Interessierte, aktuell 13.10.2015 : Taubenmarkt Kassel: Besucht uns in Halle 1 Stand 11 kurz nach dem Haupteingang 0170-9653730 \u00fcber 56% werden 2016 ausgesch\u00fcttet; Preisgeld ist nochmal aufgestockt worden! Ausschreibung zum 7. Teutoburgerwaldtaubenrennen 18. September 2016: Endflug S\u00fcdost &hellip; <a href=\"https:\/\/taubenrennen.baiv.de\/?page_id=1890\">Weiterlesen <span class=\"meta-nav\">&rarr;<\/span><\/a><\/p>\n","protected":false},"author":1,"featured_media":0,"parent":2051,"menu_order":0,"comment_status":"open","ping_status":"closed","template":"","meta":{"footnotes":"","_links_to":"","_links_to_target":""},"class_list":["post-1890","page","type-page","status-publish","hentry"],"_links":{"self":[{"href":"https:\/\/taubenrennen.baiv.de\/index.php?rest_route=\/wp\/v2\/pages\/1890","targetHints":{"allow":["GET"]}}],"collection":[{"href":"https:\/\/taubenrennen.baiv.de\/index.php?rest_route=\/wp\/v2\/pages"}],"about":[{"href":"https:\/\/taubenrennen.baiv.de\/index.php?rest_route=\/wp\/v2\/types\/page"}],"author":[{"embeddable":true,"href":"https:\/\/taubenrennen.baiv.de\/index.php?rest_route=\/wp\/v2\/users\/1"}],"replies":[{"embeddable":true,"href":"https:\/\/taubenrennen.baiv.de\/index.php?rest_route=%2Fwp%2Fv2%2Fcomments&post=1890"}],"version-history":[{"count":4,"href":"https:\/\/taubenrennen.baiv.de\/index.php?rest_route=\/wp\/v2\/pages\/1890\/revisions"}],"predecessor-version":[{"id":1900,"href":"https:\/\/taubenrennen.baiv.de\/index.php?rest_route=\/wp\/v2\/pages\/1890\/revisions\/1900"}],"up":[{"embeddable":true,"href":"https:\/\/taubenrennen.baiv.de\/index.php?rest_route=\/wp\/v2\/pages\/2051"}],"wp:attachment":[{"href":"https:\/\/taubenrennen.baiv.de\/index.php?rest_route=%2Fwp%2Fv2%2Fmedia&parent=1890"}],"curies":[{"name":"wp","href":"https:\/\/api.w.org\/{rel}","templated":true}]}}