{"id":2054,"date":"2017-04-03T21:32:14","date_gmt":"2017-04-03T20:32:14","guid":{"rendered":"http:\/\/taubenrennen.baiv.de\/?page_id=2054"},"modified":"2018-04-10T15:44:24","modified_gmt":"2018-04-10T14:44:24","slug":"ausschreibung-zum-8-teutoburgerwaldtaubenrennen-2017","status":"publish","type":"page","link":"https:\/\/taubenrennen.baiv.de\/?page_id=2054","title":{"rendered":"Ausschreibung zum 8. Teutoburgerwaldtaubenrennen 2017"},"content":{"rendered":"<p>Ausschreibung zum 8. Teutoburgerwaldtaubenrennen 15. September 2017:<\/p>\n<p>Endflug S\u00fcdost \u00fcber 300 km! Es gibt f\u00fcr jede Taube 5 Gewinnchancen: drei Preisfl\u00fcge, Asstaubenwertung und der Finalflug!<\/p>\n<p>Platz 1: 10000 Euro bei 600 bezahlten Tauben. Insgesamt gibt es \u00fcber 50.000\u00a0 Euro Preisgeld bei 600 bezahlten Tauben und 150 Geldpreise auf dem Finalflug! (Bei weniger bezahlten Tauben verringern sich die Geldpreise; f\u00fcr je vier bezahlte Tauben gibt es einen Geldpreis auf dem Finalflug!<\/p>\n<p>Es werden \u00fcber 50% der Startgeb\u00fchr ausgesch\u00fcttet.<\/p>\n<p>Eine Taube kostet 160 Euro.<\/p>\n<p>Wer drei Tauben bezahlt, \u00a0kann eine Reservetaube zus\u00e4tzlich mitschicken (wenn alle vier Tauben Ende Juli noch da sind, kann die vierte Taube mit 160 Euro aktiviert werden; ansonsten kann sie von Dritten aktiviert werden).<\/p>\n<p>Wer 4 Tauben bezahlt, \u00a0kann zwei Reservetauben schicken und hat die 5. Taube frei. (Falls 6 Tauben Ende Juli da sind, muss nur noch eine Reservetaube mit 160 Euro aktiviert werden.)<\/p>\n<p>Es werden drei Preisfl\u00fcge durchgef\u00fchrt: Platz 1: 500 Euro Platz 2: 300 Euro Platz 3-10: jeweils 160 Euro<\/p>\n<p>Asstaubenwertung (drei Preisfl\u00fcge plus Finalflug): Platz 1: 600 Euro Plaz 2: 400 Euro und Platz 3: 300 Euro;\u00a0 Platz 4-10: jeweils 160 Euro<\/p>\n<p>Preisgeld auf dem Endflug bei 600 bezahlten Tauben:<\/p>\n<p>Platz 1: 10000 Euro<\/p>\n<p>Platz 2: 3200 Euro<\/p>\n<p>Platz 3: 2400 Euro<\/p>\n<p>Platz 4: 1600 Euro<\/p>\n<p>Platz 5-10: jeweils 800 Euro<\/p>\n<p>Platz 11: 500 Euro<\/p>\n<p>Platz 12-20: 350 Euro<\/p>\n<p>Platz 20-30: 200 Euro<\/p>\n<p>Platz 31-100: 160 Euro<\/p>\n<p>Platz 101-150: 60 Euro<\/p>\n<p>Bei 600 bezahlten Tauben gibt es 150 Geldpreise auf dem Endflug!<\/p>\n<p>F\u00fcr Verluste jedweder Art haftet nicht der Veranstalter. Der Veranstalter kann die gesamte Veranstaltung absagen. Der Rechtsweg ist ausgeschlossen.<\/p>\n<p>Anlieferung der Tauben vom 1. April bis 15. Mai 2017; in der Eingew\u00f6hnungsphase verloren gegangene Tauben, k\u00f6nnen bis zum 15. Mai kostenlos ersetzt werden.<\/p>\n<p>Nach dem Endflug werden die Tauben unter <a href=\"http:\/\/www.tauben-versteigerung.de\">www.tauben-versteigerung.de<\/a> vorgesteigert und am 09.10.2016 hauptversteigert. Nach Abzug der Versteigerungskosten erh\u00e4lt der Z\u00fcchter 50%!<\/p>\n<p>Der Rechtsweg ist ausgeschlossen.\u00a0 Gut Flug Ihr\/Euer Christoph Gr\u00f6ne<\/p>\n<p>Veranstalter: Christoph Gr\u00f6ne, Dr\u00f6per Mark 2, 49124 Georgsmarienh\u00fctte Tel: 05401-368650 oder 0170-9653730 sowie per mail <a href=\"mailto:chris.groene@osnanet.de\">chris.groene@osnanet.de<\/a>\u00a0 oder fax 05401-368649<\/p>\n<p><a href=\"http:\/\/www.teutoburgerwaldtaubenrennen.de\">www.teutoburgerwaldtaubenrennen.de<\/a><\/p>\n<p>Anmeldung:<\/p>\n<p>Hiermit melde ich ____ Tauben an.<\/p>\n<p>Den Betrag von _______ Euro entrichte ich bei Anlieferung in bar________ oder \u00fcberweise ihn auf folgendes Konto: Christoph Gr\u00f6ne, Ktnr 7307366, BLZ 26550105 Sparkasse Osnabr\u00fcck<\/p>\n<p>Adresse und Teamname ___________________________________________________________<\/p>\n<p>Kontaktdaten: email tel_____________________________________________________________<\/p>\n<p>Bankverbindung:____________________________________________________________________<\/p>\n<p>&nbsp;<\/p>\n<p>Wir danken allen Sponsoren und Helfern, die das Teutoburgerwaldtaubenrennen mit unterst\u00fctzen. Beachten Sie beim Transport auch unsere Partner vom Auktionshaus unter <a href=\"http:\/\/www.tauben-versteigerung.de\">www.tauben-versteigerung.de<\/a><\/p>\n<p>Futter \u00fcber Beyer`s Familie Pahnke<\/p>\n<p>Backs<\/p>\n<p>Spinnes<\/p>\n<p>Teekontor<\/p>\n<p>Klaus Gritsteine<\/p>\n<p>Tipes Familie Motz<\/p>\n<p>Taubenmarkt<\/p>\n","protected":false},"excerpt":{"rendered":"<p>Ausschreibung zum 8. Teutoburgerwaldtaubenrennen 15. September 2017: Endflug S\u00fcdost \u00fcber 300 km! Es gibt f\u00fcr jede Taube 5 Gewinnchancen: drei Preisfl\u00fcge, Asstaubenwertung und der Finalflug! Platz 1: 10000 Euro bei 600 bezahlten Tauben. Insgesamt gibt es \u00fcber 50.000\u00a0 Euro Preisgeld &hellip; <a href=\"https:\/\/taubenrennen.baiv.de\/?page_id=2054\">Weiterlesen <span class=\"meta-nav\">&rarr;<\/span><\/a><\/p>\n","protected":false},"author":1,"featured_media":0,"parent":2187,"menu_order":0,"comment_status":"closed","ping_status":"closed","template":"","meta":{"footnotes":"","_links_to":"","_links_to_target":""},"class_list":["post-2054","page","type-page","status-publish","hentry"],"_links":{"self":[{"href":"https:\/\/taubenrennen.baiv.de\/index.php?rest_route=\/wp\/v2\/pages\/2054","targetHints":{"allow":["GET"]}}],"collection":[{"href":"https:\/\/taubenrennen.baiv.de\/index.php?rest_route=\/wp\/v2\/pages"}],"about":[{"href":"https:\/\/taubenrennen.baiv.de\/index.php?rest_route=\/wp\/v2\/types\/page"}],"author":[{"embeddable":true,"href":"https:\/\/taubenrennen.baiv.de\/index.php?rest_route=\/wp\/v2\/users\/1"}],"replies":[{"embeddable":true,"href":"https:\/\/taubenrennen.baiv.de\/index.php?rest_route=%2Fwp%2Fv2%2Fcomments&post=2054"}],"version-history":[{"count":1,"href":"https:\/\/taubenrennen.baiv.de\/index.php?rest_route=\/wp\/v2\/pages\/2054\/revisions"}],"predecessor-version":[{"id":2055,"href":"https:\/\/taubenrennen.baiv.de\/index.php?rest_route=\/wp\/v2\/pages\/2054\/revisions\/2055"}],"up":[{"embeddable":true,"href":"https:\/\/taubenrennen.baiv.de\/index.php?rest_route=\/wp\/v2\/pages\/2187"}],"wp:attachment":[{"href":"https:\/\/taubenrennen.baiv.de\/index.php?rest_route=%2Fwp%2Fv2%2Fmedia&parent=2054"}],"curies":[{"name":"wp","href":"https:\/\/api.w.org\/{rel}","templated":true}]}}