{"id":2189,"date":"2018-04-10T15:51:14","date_gmt":"2018-04-10T14:51:14","guid":{"rendered":"http:\/\/taubenrennen.baiv.de\/?page_id=2189"},"modified":"2019-02-06T21:34:29","modified_gmt":"2019-02-06T20:34:29","slug":"ausschreibung-2018-zum-9-teutoburgerwaldtaubenrennen-ueber-54-der-startgebuehr-werden-ausgeschuettet","status":"publish","type":"page","link":"https:\/\/taubenrennen.baiv.de\/?page_id=2189","title":{"rendered":"Ausschreibung 2018 zum 9. Teutoburgerwaldtaubenrennen \u00fcber 54% der Startgeb\u00fchr werden ausgesch\u00fcttet!"},"content":{"rendered":"<p>Ausschreibung zum 9. Teutoburgerwaldtaubenrennen 14. September 2018:<br \/>\nEndflug S\u00fcdost \u00fcber 300 km! Es gibt f\u00fcr jede Taube 5 Gewinnchancen: drei Preisfl\u00fcge, Asstaubenwertung und der Finalflug! F\u00fcr je 4 bezahlte Tauben gibt es einen Geldpreis auf dem Endflug!<br \/>\nPlatz 1: 6000 Euro bei 400 bezahlten Tauben. Insgesamt gibt es  \u00fcber 35000 Euro Preisgeld bei 400 bezahlten Tauben! Es gibt dann 100 Geldpreise auf dem Endflug!<br \/>\nEs werden \u00fcber 54% der Startgeb\u00fchr ausgesch\u00fcttet.<br \/>\nEine Taube kostet 160 Euro.<br \/>\nPlatz 1: 8000 Euro bei 500 bezahlten Tauben. Insgesamt gibt es \u00fcber 43000 Euro Preisgeld bei 500 bezahlten Tauben! Es gibt dann 125 Geldpreise auf dem Finalflug!<br \/>\nPlatz 1: 10000 Euro bei 600 bezahlten Tauben. Insgesamt gibt es \u00fcber 51800 Euro Preisgeld bei 600 bezahlten Tauben! Es gibt dann 150 Geldpreise auf dem Finalflug!<br \/>\nWer drei Tauben bezahlt, kann eine Reservetaube zus\u00e4tzlich mitschicken (wenn alle vier Tauben Ende Juli noch da sind, kann die vierte Taube mit 160 Euro aktiviert werden; ansonsten kann sie von Dritten aktiviert werden.)<br \/>\nWer 4 Tauben bezahlt, kann zwei Reservetauben schicken. (Falls 6 Tauben Ende Juli da sind, m\u00fcssen die Reservetauben mit 160 Euro aktiviert werden, sonst sind sie nicht preisgeldberechtigt.)<br \/>\nWer 10 Tauben bezahlt, kann 18 Tauben schicken und hat die 11. Taube frei und somit 7 Reservetauben (alle Reservetauben m\u00fcssen zum 1. Preisflug aktiviert werden; ansonsten sind sie nicht preisgeldberechtigt auf allen Fl\u00fcgen!)<br \/>\nEs werden drei Preisfl\u00fcge durchgef\u00fchrt: Platz 1: 320 Euro Platz 2-10: jeweils 160 Euro<br \/>\nAsstaubenwertung (drei Preisfl\u00fcge plus Finalflug): Platz 1: 500 Euro Plaz 2: 300 Euro und Platz 3: 200 Euro;  Platz 4-10: jeweils 160 Euro<br \/>\nPreisgeld auf dem Endflug: bei 400 bezahlten Tauben<br \/>\nPlatz 1: 6000 Euro<br \/>\nPlatz 2: 2400 Euro<br \/>\nPlatz 3: 1600 Euro<br \/>\nPlatz 4-10: jeweils 800 Euro<br \/>\nPlatz 11: 500 Euro<br \/>\nPlatz 12-15: 250 Euro<br \/>\nPlatz 16-20: 200 Euro<br \/>\nPlatz 21-70: 160 Euro<br \/>\nPlatz 71-100: 50 Euro<br \/>\nBei 400 bezahlten Tauben gibt es 100 Geldpreise auf dem Endflug!<br \/>\nF\u00fcr Verluste jedweder Art haftet nicht der Veranstalter. Der Veranstalter kann die gesamte Veranstaltung absagen. Der Rechtsweg ist ausgeschlossen.<br \/>\nAnlieferung der Tauben vom 1. April bis 16. Mai 2018; in der Eingew\u00f6hnungsphase verloren gegangene Tauben, k\u00f6nnen bis zum 16. Mai kostenlos ersetzt werden.<br \/>\nNach dem Endflug werden die Tauben im Internet vorgesteigert und am 07.10.2018 hauptversteigert. Nach Abzug der Versteigerungskosten erh\u00e4lt der Z\u00fcchter 50%!<br \/>\nDer Rechtsweg ist ausgeschlossen.  Gut Flug Ihr\/Euer Christoph Gr\u00f6ne<br \/>\nVeranstalter: Christoph Gr\u00f6ne, Dr\u00f6per Mark 2, 49124 Georgsmarienh\u00fctte Tel: 05401-368650 oder 0170-9653730 sowie per mail chris.groene@osnanet.de  oder fax 05401-368649<br \/>\nwww.teutoburgerwaldtaubenrennen.de<br \/>\nAnmeldung:<br \/>\nHiermit melde ich ____ Tauben an.<br \/>\nDen Betrag von _______ Euro entrichte ich bei Anlieferung in bar________ oder \u00fcberweise ihn auf folgendes Konto: Christoph Gr\u00f6ne, Ktnr 7307366, BLZ 26550105 Sparkasse Osnabr\u00fcck<br \/>\nAdresse und Teamname ___________________________________________________________<br \/>\nKontaktdaten: email tel_____________________________________________________________<br \/>\nBankverbindung:____________________________________________________________________<\/p>\n<p>Wir danken allen Sponsoren und Helfern, die das Teutoburgerwaldtaubenrennen mit unterst\u00fctzen.<br \/>\nFutter \u00fcber Beyer`s Familie Pahnke<br \/>\nBacks<br \/>\nSpinnes<br \/>\nTeekontor<br \/>\nKlaus Gritsteine<br \/>\nAuktionshaus<\/p>\n","protected":false},"excerpt":{"rendered":"<p>Ausschreibung zum 9. Teutoburgerwaldtaubenrennen 14. September 2018: Endflug S\u00fcdost \u00fcber 300 km! Es gibt f\u00fcr jede Taube 5 Gewinnchancen: drei Preisfl\u00fcge, Asstaubenwertung und der Finalflug! F\u00fcr je 4 bezahlte Tauben gibt es einen Geldpreis auf dem Endflug! Platz 1: 6000 &hellip; <a href=\"https:\/\/taubenrennen.baiv.de\/?page_id=2189\">Weiterlesen <span class=\"meta-nav\">&rarr;<\/span><\/a><\/p>\n","protected":false},"author":1,"featured_media":0,"parent":2311,"menu_order":37,"comment_status":"closed","ping_status":"closed","template":"","meta":{"footnotes":"","_links_to":"","_links_to_target":""},"class_list":["post-2189","page","type-page","status-publish","hentry"],"_links":{"self":[{"href":"https:\/\/taubenrennen.baiv.de\/index.php?rest_route=\/wp\/v2\/pages\/2189","targetHints":{"allow":["GET"]}}],"collection":[{"href":"https:\/\/taubenrennen.baiv.de\/index.php?rest_route=\/wp\/v2\/pages"}],"about":[{"href":"https:\/\/taubenrennen.baiv.de\/index.php?rest_route=\/wp\/v2\/types\/page"}],"author":[{"embeddable":true,"href":"https:\/\/taubenrennen.baiv.de\/index.php?rest_route=\/wp\/v2\/users\/1"}],"replies":[{"embeddable":true,"href":"https:\/\/taubenrennen.baiv.de\/index.php?rest_route=%2Fwp%2Fv2%2Fcomments&post=2189"}],"version-history":[{"count":1,"href":"https:\/\/taubenrennen.baiv.de\/index.php?rest_route=\/wp\/v2\/pages\/2189\/revisions"}],"predecessor-version":[{"id":2190,"href":"https:\/\/taubenrennen.baiv.de\/index.php?rest_route=\/wp\/v2\/pages\/2189\/revisions\/2190"}],"up":[{"embeddable":true,"href":"https:\/\/taubenrennen.baiv.de\/index.php?rest_route=\/wp\/v2\/pages\/2311"}],"wp:attachment":[{"href":"https:\/\/taubenrennen.baiv.de\/index.php?rest_route=%2Fwp%2Fv2%2Fmedia&parent=2189"}],"curies":[{"name":"wp","href":"https:\/\/api.w.org\/{rel}","templated":true}]}}