{"id":2596,"date":"2020-01-21T18:30:43","date_gmt":"2020-01-21T17:30:43","guid":{"rendered":"http:\/\/taubenrennen.baiv.de\/?page_id=2596"},"modified":"2021-08-18T10:45:45","modified_gmt":"2021-08-18T09:45:45","slug":"trainingsplan-und-preisflugplan-2020","status":"publish","type":"page","link":"https:\/\/taubenrennen.baiv.de\/?page_id=2596","title":{"rendered":"Trainingsplan und Preisflugplan 2020"},"content":{"rendered":"\n<p><br \/>Je nach Witterung kann davon abgewichen werden sei es zu hei\u00df oder zu regnerisch!<br \/>Wir w\u00fcnschen allen Gut Flug!<br \/>18.06.2020 \u2013 10.07.2020 zwei bis dreimal die Woche Training auf kurzer Entfernung<br \/>13.07. oder 14.07. 8 km Hilter<br \/>16.07. oder 17.07. 8 km Hilter<br \/>20.07. oder 21.07. 15 km Versmold<br \/>23. oder 24.07. 20 km Versmold<br \/>27. oder 28.07. 20 km Versmold<br \/>30.07.oder31.07. 30 km Harsewinkel<br \/>03.08 der04.08. 35 km Herzebrock Clarholz (Beginn Aktivierung Reservetauben)<br \/>06.8. oder 7.08. 40 km Rheda-Wiedenbr\u00fcck<br \/>10.\/ 11.08. oder 13.\/14.08. 55km Delbr\u00fcck (danach Aktivierung der Reservetauben bis zum 18.08.)<\/p>\n<p>18.08. Harsewinkel<\/p>\n<p>Reservetauben, die vom Eigent\u00fcmer nicht aktiviert werden; k\u00f6nnen zum 1. Preisflug von Dritten aktiviert werden!<\/p>\n<p>1. Preisflug 86 km (24.08.; 25.08.. Oder 27.08.) Bad W\u00fcnnenberg<br \/>2. Preisflug 115 km (31.08., 01.09. oder 03.09.\/04.09.) Berndorf<br \/>3. Preisflug 165 (07.09., 08.09. oder 10.09.) Schwalmstadt<br \/>Evtl Training 20 km 13\/14.09.<br \/>Finale am 18.09. oder 19.09.2020 falls die Witterung es zul\u00e4\u00dft. Prichsenstatdt ca 310 km kurzfristige \u00c4nderungen m\u00f6glich, je nach Wetter und Windvorhersage!<br \/>Der Veranstalter beh\u00e4lt sich vor, das Finale um ein paar Tage nach hinten zu verschieben. \u00c4nderungen witterungsbedingt vorbehalten!<br \/>Allen Gut Flug<\/p>\n","protected":false},"excerpt":{"rendered":"<p>Je nach Witterung kann davon abgewichen werden sei es zu hei\u00df oder zu regnerisch!Wir w\u00fcnschen allen Gut Flug!18.06.2020 \u2013 10.07.2020 zwei bis dreimal die Woche Training auf kurzer Entfernung13.07. oder 14.07. 8 km Hilter16.07. oder 17.07. 8 km Hilter20.07. oder &hellip; <a href=\"https:\/\/taubenrennen.baiv.de\/?page_id=2596\">Weiterlesen <span class=\"meta-nav\">&rarr;<\/span><\/a><\/p>\n","protected":false},"author":1,"featured_media":0,"parent":2590,"menu_order":0,"comment_status":"closed","ping_status":"closed","template":"","meta":{"footnotes":"","_links_to":"","_links_to_target":""},"class_list":["post-2596","page","type-page","status-publish","hentry"],"_links":{"self":[{"href":"https:\/\/taubenrennen.baiv.de\/index.php?rest_route=\/wp\/v2\/pages\/2596","targetHints":{"allow":["GET"]}}],"collection":[{"href":"https:\/\/taubenrennen.baiv.de\/index.php?rest_route=\/wp\/v2\/pages"}],"about":[{"href":"https:\/\/taubenrennen.baiv.de\/index.php?rest_route=\/wp\/v2\/types\/page"}],"author":[{"embeddable":true,"href":"https:\/\/taubenrennen.baiv.de\/index.php?rest_route=\/wp\/v2\/users\/1"}],"replies":[{"embeddable":true,"href":"https:\/\/taubenrennen.baiv.de\/index.php?rest_route=%2Fwp%2Fv2%2Fcomments&post=2596"}],"version-history":[{"count":2,"href":"https:\/\/taubenrennen.baiv.de\/index.php?rest_route=\/wp\/v2\/pages\/2596\/revisions"}],"predecessor-version":[{"id":2600,"href":"https:\/\/taubenrennen.baiv.de\/index.php?rest_route=\/wp\/v2\/pages\/2596\/revisions\/2600"}],"up":[{"embeddable":true,"href":"https:\/\/taubenrennen.baiv.de\/index.php?rest_route=\/wp\/v2\/pages\/2590"}],"wp:attachment":[{"href":"https:\/\/taubenrennen.baiv.de\/index.php?rest_route=%2Fwp%2Fv2%2Fmedia&parent=2596"}],"curies":[{"name":"wp","href":"https:\/\/api.w.org\/{rel}","templated":true}]}}