{"id":2703,"date":"2020-12-04T19:51:59","date_gmt":"2020-12-04T18:51:59","guid":{"rendered":"http:\/\/taubenrennen.baiv.de\/?page_id=2703"},"modified":"2022-08-24T20:40:40","modified_gmt":"2022-08-24T19:40:40","slug":"ausschreibung-12-teutoburgerwaldtaubenrennen-2021","status":"publish","type":"page","link":"https:\/\/taubenrennen.baiv.de\/?page_id=2703","title":{"rendered":"Ausschreibung 12.Teutoburgerwaldtaubenrennen 2021"},"content":{"rendered":"\n<p>Ausschreibung zum <strong>12.\nTeutoburgerwaldtaubenrennen 17. September 2021<\/strong>: <strong>Fr\u00fchbucherrabatte\n (Abk\u00fcrzung:FR) <\/strong>beachten; <strong>er geht bis sp\u00e4testens zum\n31.Januar 2021<\/strong>, sofern es noch Startpl\u00e4tze gibt! <strong>Achtung: Wer\nvom 01.01.2021 bis zum 31.01.2021 das Startgeld einzahlt, kann\nzus\u00e4tzlich eine Freitaube mitschicken (20 Euro Versorgungskosten)!\nBitte erst ab dem 01.01.2021 einzahlen!!!<\/strong><\/p>\n\n\n\n<p>Endflug S\u00fcdost \u00fcber 300 km! Es gibt\nf\u00fcr jede Taube 5 Gewinnchancen: drei Preisfl\u00fcge, Asstaubenwertung\nund der Finalflug! F\u00fcr je 4 bezahlte Tauben gibt es einen Geldpreis\nauf dem Endflug!<\/p>\n\n\n\n<p><strong>Platz 1: 6000 Euro bei 400 bezahlten\nTauben<\/strong>. Insgesamt gibt es  <strong>\u00fcber 35000 Euro Preisgeld bei 400\nbezahlten Tauben<\/strong>! <strong>Es gibt dann 100 Geldpreise auf dem Endflug!\n<\/strong>\n<\/p>\n\n\n\n<p>Es werden \u00fcber 54% der Startgeb\u00fchr\nausgesch\u00fcttet.<\/p>\n\n\n\n<p><strong>Eine Taube kostet 160 Euro<\/strong>. F\u00fcr\nTauben, f\u00fcr die zu Beginn kein Startgeld bezahlt wird, wie\nz.b.Reservetauben, Freitauben,Gutscheintauben, mu\u00df 20 Euro\nVersorgungsgeld gezahlt werden. Jedem ist es selbst freigestellt, ob\ner das Angebot von Reservetauben oder Gutscheintauben annimmt. Sollte\neine Freitaube bzw Startgutscheintaube den 1. Platz erringen werden\n1600 Euro abgezogen und beim 2. Platz 500 Euro! Reservetauben k\u00f6nnen\ndann bis sp\u00e4testens 15. August 2021 mit 140 Euro vollaktiviert\nwerden. Ansonsten k\u00f6nnen sie von Dritten mit 160 Euro aktiviert\nwerden!<\/p>\n\n\n\n<p><strong>Wer drei Tauben bezahlt, kann eine\nReservetaube zus\u00e4tzlich mitschicken<\/strong> (wenn alle vier Tauben Ende\nJuli noch da sind, kann die vierte Taube mit 140 Euro aktiviert\nwerden; ansonsten kann sie von Dritten aktiviert\nwerden.)<strong>Fr\u00fchbucherrabatt (FR) bis 31. Januar 2021: 2 anstatt 1\nReservetaube<\/strong><\/p>\n\n\n\n<p><strong>Wer 4 Tauben bezahlt, kann zwei\nReservetauben schicken.<\/strong> (Falls 6 Tauben Ende Juli da sind, m\u00fcssen\ndie Reservetauben mit 140 Euro aktiviert werden, sonst sind sie nicht\npreisgeldberechtigt.) <strong>Fr\u00fcbucherrabatt (FR) bis 31. Januar 2021 3\nanstatt 2 Reservetauben<\/strong>.<\/p>\n\n\n\n<p><strong>Wer 5 Tauben bezahlt kann 5\nReservetauben schicken<\/strong>. (Falls 10 Tauben Ende Juli da sind,\nm\u00fcssen die Reservetauben mit 140 Euro aktiviert werden, sonst sind\nsie nicht preisgeldberechtigt.) <strong>Fr\u00fcbucherrabatt (FR) bis 31.\nJanuar 2021 die 11. Taube ist frei<\/strong>!<\/p>\n\n\n\n<p><strong>Wer 10 Tauben bezahlt, kann 18\nTauben schicken und hat die 11. Taube frei und somit 7 Reservetauben\n<\/strong>(alle Reservetauben m\u00fcssen zum 1. Preisflug aktiviert werden;\nansonsten sind sie nicht preisgeldberechtigt auf allen Fl\u00fcgen!) <strong>FR\n2021 Wer 10 Tauben bezahlt, kann 25 Tauben schicken und hat die 11.,\n12.,13., 23, 24, und 25. Taube frei und somit 8 Reservetauben<\/strong>\n(alle Reservetauben m\u00fcssen zum 1. Preisflug aktiviert werden;\nansonsten sind sie nicht preisgeldberechtigt auf allen Fl\u00fcgen!)\nN<strong>ochmals: f\u00fcr alle Frei-, Reveretauben-, und Gutscheintauben\nf\u00e4llt eine Versorgungsbeg\u00fchr von 20 Euro an. Wenn Reservetauben\nAnfang bis sp\u00e4testens Mitte  August aktiviert werden, so hat der\nZ\u00fcchter pro Reservetaube 140 Euro nachzuzahlen, sonst sind nur die\nbezahlten und vom Z\u00fcchter benannten Freitauben (sofern vorhanden)\npreisgeldberechtigt!<\/strong><\/p>\n\n\n\n<p><strong>Es werden drei Preisfl\u00fcge\ndurchgef\u00fchrt: Platz 1: 320 Euro Platz 2-10: jeweils 160 Euro<\/strong><\/p>\n\n\n\n<p><strong>Asstaubenwertung (drei Preisfl\u00fcge\nplus Finalflug): Platz 1: 500 Euro Plaz 2: 300 Euro und Platz 3: 200\nEuro;  Platz 4-10: jeweils 160 Euro<\/strong><\/p>\n\n\n\n<p><strong>Preisgeld auf dem Endflug: bei \nmindestens 400 bezahlten Tauben<\/strong><\/p>\n\n\n\n<p>Platz 1: 6000 Euro<\/p>\n\n\n\n<p>Platz 2: 2400 Euro<\/p>\n\n\n\n<p>Platz 3: 1600 Euro<\/p>\n\n\n\n<p>Platz 4-10: jeweils 800 Euro<\/p>\n\n\n\n<p>Platz 11: 500 Euro<\/p>\n\n\n\n<p>Platz 12-15: 250 Euro<\/p>\n\n\n\n<p>Platz 16-20: 200 Euro<\/p>\n\n\n\n<p>Platz 21-70: 160 Euro<\/p>\n\n\n\n<p>Platz 71-100: 50 Euro<\/p>\n\n\n\n<p>Bei  mindestens 400 bezahlten Tauben\ngibt es 100 Geldpreise auf dem Endflug! \u00dcber 54% der Startgeb\u00fchr\nwerden ausgesch\u00fcttet!!!!!<\/p>\n\n\n\n<p>F\u00fcr Verluste jedweder Art haftet nicht\nder Veranstalter. Der Veranstalter kann die gesamte Veranstaltung\nabsagen. Der Rechtsweg ist ausgeschlossen.<\/p>\n\n\n\n<p><strong>Anlieferung der Tauben vom 1. April\nbis 20. Mai 2021<\/strong>; in der Eingew\u00f6hnungsphase verloren gegangene\nTauben, k\u00f6nnen bis zum 31. Mai 2021 kostenlos ersetzt werden.<\/p>\n\n\n\n<p><strong>Neu Neu 2021! Siegerehrung der\nSieger vom Teutoburgerwaldtaubenrennen 2021 am Samstag den 02.10.2021\nab 15.00 Uhr bei Kaffee und Kuchen sowie gegrilltem im Rahmen eines\nZ\u00fcchtertreffens! Besichtigung der ersten 50 Preistauben und weiterer\nausgew\u00e4hlter Tauben m\u00f6glich!<\/strong><\/p>\n\n\n\n<p>Nach dem Endflug werden die Tauben im\nInternet auf <strong>www.tauben-versteigerung.de<\/strong> versteigert:\nvoraussichtlich bis zum 10.10.2021 Sonntagabend ab 20.00 Uhr\nzeitversetzt auslaufend!Nichtversteigerte Preistauben und\nNachpreistauben werden auf der gleichen Plattform bis zum 17.10.2021\nversteigert (zeitversetzt auslaufend ab 20.00 Uhr)! Ersteigerte\ntauben k\u00f6nnen per Logistik oder pers\u00f6nlich abgeholt werden bzw in\nKassel auf dem Taubenmarkt (Transportkostenpauschale von 10 Euro bei\n\u00dcbergabe) \u00fcbergeben werden. Nach Abzug der Versteigerungskosten vom\nVersteigerungsentgelt erh\u00e4lt der Z\u00fcchter bei den Preistauben 50%(\nca 40%vom Versteigerungsentgelt)! Bei den Nachpreistauben erh\u00e4lt der\nZ\u00fcchter ca 35% vom Versteigerungsentgelt! Wenn das\nVersteigerungsentgelt \u00fcber 500 Euro liegt, erh\u00e4lt der Z\u00fcchter 45%!<\/p>\n\n\n\n<p><strong>Wer bis zum 10.09.2021 keine\nAbstammung und Ringkarte eingereicht hat, erh\u00e4lt kein Preisgeld und\nnur 10% vom Versteigerungsentgelt!!!!<\/strong><\/p>\n\n\n\n<p>Der Rechtsweg ist ausgeschlossen.  Gut\nFlug Ihr\/Euer Christoph Gr\u00f6ne<\/p>\n\n\n\n<p>Veranstalter: Christoph Gr\u00f6ne, Dr\u00f6per\nMark 2, 49124 Georgsmarienh\u00fctte Tel: 05401-368650 oder 0170-9653730\nsowie per mail <a href=\"mailto:chris.groene@osnanet.de\">chris.groene@osnanet.de<\/a>\n oder fax 05401-368649<\/p>\n\n\n\n<p><a href=\"http:\/\/www.teutoburgerwaldtaubenrennen.de\/\">www.teutoburgerwaldtaubenrennen.de<\/a><\/p>\n\n\n\n<p>Veranstalter:\nChristoph Gr\u00f6ne, Dr\u00f6per Mark 2, 49124 Georgsmarienh\u00fctte Tel:\n05401-368650 oder 0170-9653730 sowie per mail <a href=\"mailto:chris.groene@osnanet.de\">chris.groene@osnanet.de<\/a>\n oder fax 05401-368649<\/p>\n\n\n\n<p><a href=\"http:\/\/www.teutoburgerwaldtaubenrennen.de\/\">www.teutoburgerwaldtaubenrennen.de<\/a><\/p>\n\n\n\n<p><strong>Anmeldung zum 12.\nTeutoburgerwaldtaubenrennen 2021<\/strong>:<\/p>\n\n\n\n<p>Hiermit melde ich ____ bezahlte Tauben\nan.________Reservetauben mit jeweils 20 Euro\nVersorgungsgeb\u00fchr!_____Freitauben (FT) bzw ___Startgutscheintauben\n(GT)<\/p>\n\n\n\n<p>Den Betrag von _______ Euro entrichte\nich bei Anlieferung in bar________ oder \u00fcberweise ihn auf folgendes\nKonto: Christoph Gr\u00f6ne, Ktnr 7307366, BLZ 26550105 Sparkasse\nOsnabr\u00fcck<\/p>\n\n\n\n<p>Sparkasse Osnabr\u00fcck <br \/>Christoph\nGr\u00f6ne<\/p>\n\n\n\n<p>\nIBAN:\nDE07 2655 0105 0007 3073 66<\/p>\n\n\n\n<p>\nBIC:\nNOLADE22XXX<\/p>\n\n\n\n<p>Adresse und Teamname\n___________________________________________________________<\/p>\n\n\n\n<p>Kontaktdaten: email\ntel_____________________________________________________________<\/p>\n\n\n\n<p>Bankverbindung:____________________________________________________________________<\/p>\n\n\n\n<p><strong>Wir danken allen Sponsoren und\nHelfern, die das Teutoburgerwaldtaubenrennen mit unterst\u00fctzen! <\/strong>\n<\/p>\n\n\n\n<p><strong>Futter \u00fcber Beyer`s Familie Pahnke<\/strong><\/p>\n\n\n\n<p><strong>MIFUMA (Futter)<\/strong><\/p>\n\n\n\n<p><strong>Bony Farma<\/strong><\/p>\n\n\n\n<p><strong>De Weerd<\/strong><\/p>\n\n\n\n<p><strong>Backs<\/strong><\/p>\n\n\n\n<p><strong>Spinnes<\/strong><\/p>\n\n\n\n<p><strong>Teekontor<\/strong><\/p>\n\n\n\n<p><strong>Klaus Gritsteine<\/strong><\/p>\n\n\n\n<p><strong>Auktionshaus\nwww.tauben-versteigerung.de<\/strong><\/p>\n","protected":false},"excerpt":{"rendered":"<p>Ausschreibung zum 12. Teutoburgerwaldtaubenrennen 17. September 2021: Fr\u00fchbucherrabatte (Abk\u00fcrzung:FR) beachten; er geht bis sp\u00e4testens zum 31.Januar 2021, sofern es noch Startpl\u00e4tze gibt! Achtung: Wer vom 01.01.2021 bis zum 31.01.2021 das Startgeld einzahlt, kann zus\u00e4tzlich eine Freitaube mitschicken (20 Euro Versorgungskosten)! &hellip; <a href=\"https:\/\/taubenrennen.baiv.de\/?page_id=2703\">Weiterlesen <span class=\"meta-nav\">&rarr;<\/span><\/a><\/p>\n","protected":false},"author":1,"featured_media":0,"parent":2798,"menu_order":0,"comment_status":"closed","ping_status":"closed","template":"","meta":{"footnotes":"","_links_to":"","_links_to_target":""},"class_list":["post-2703","page","type-page","status-publish","hentry"],"_links":{"self":[{"href":"https:\/\/taubenrennen.baiv.de\/index.php?rest_route=\/wp\/v2\/pages\/2703","targetHints":{"allow":["GET"]}}],"collection":[{"href":"https:\/\/taubenrennen.baiv.de\/index.php?rest_route=\/wp\/v2\/pages"}],"about":[{"href":"https:\/\/taubenrennen.baiv.de\/index.php?rest_route=\/wp\/v2\/types\/page"}],"author":[{"embeddable":true,"href":"https:\/\/taubenrennen.baiv.de\/index.php?rest_route=\/wp\/v2\/users\/1"}],"replies":[{"embeddable":true,"href":"https:\/\/taubenrennen.baiv.de\/index.php?rest_route=%2Fwp%2Fv2%2Fcomments&post=2703"}],"version-history":[{"count":1,"href":"https:\/\/taubenrennen.baiv.de\/index.php?rest_route=\/wp\/v2\/pages\/2703\/revisions"}],"predecessor-version":[{"id":2704,"href":"https:\/\/taubenrennen.baiv.de\/index.php?rest_route=\/wp\/v2\/pages\/2703\/revisions\/2704"}],"up":[{"embeddable":true,"href":"https:\/\/taubenrennen.baiv.de\/index.php?rest_route=\/wp\/v2\/pages\/2798"}],"wp:attachment":[{"href":"https:\/\/taubenrennen.baiv.de\/index.php?rest_route=%2Fwp%2Fv2%2Fmedia&parent=2703"}],"curies":[{"name":"wp","href":"https:\/\/api.w.org\/{rel}","templated":true}]}}