{"id":280,"date":"2010-10-21T18:19:23","date_gmt":"2010-10-21T17:19:23","guid":{"rendered":"http:\/\/taubenrennen.baiv.de\/?page_id=280"},"modified":"2010-10-21T18:19:48","modified_gmt":"2010-10-21T17:19:48","slug":"versteigerungsliste-2010-fur-den-02-10-2010-ab-16-00-uhr-gebote-ab-jetzt","status":"publish","type":"page","link":"https:\/\/taubenrennen.baiv.de\/?page_id=280","title":{"rendered":"Versteigerungsliste f\u00fcr den 02.10.2010"},"content":{"rendered":"<div>Versteigerungsliste vom 1. Teutoburgerwaldtaubenrennen<\/div>\n<div>Die Versteigerung findet am 02.10.2010 um 16.00 Uhr bei Christoph Gr\u00f6ne, Dr\u00f6per Mark 2, 49124 Georgsmarienh\u00fctte statt. Besichtigung der Tauben ab 15.00 Uhr bei Kaffee und Kuchen. Weitere Getr\u00e4nke gibt es auch.<\/div>\n<div>Gebote k\u00f6nnen ab sofort schriftlich an Christoph Gr\u00f6ne Dr\u00f6per Mark 2 in 49124 Georgsmarienh\u00fctte geschickt werden oder an 05401-368649 gefaxt werden.<\/div>\n<div>Email: <a href=\"mailto:chris.groene@osnanet.de\">chris.groene@osnanet.de<\/a><\/div>\n<div>Die Gebote werden in dieser Woche am Mittwochabend und am Sonntagabend und ab der n\u00e4chsten Woche t\u00e4glich aktualisiert und hier ver\u00f6ffentlicht!<\/div>\n<div>Das Mindestgebot betr\u00e4gt 30 Euro.<\/div>\n<div>Die hier ver\u00f6ffentlichten Gebote sind dann am Samstag den 02.10.2010 die Versteigerungser\u00f6ffnungsgebote. Sollte ein hier ver\u00f6ffentlichte Gebot das H\u00f6chstgebot sein, mu\u00df der Z\u00fcchter die taube bis zum 17.10. an obiger Adresse abgehlot haben ansonsten wird die Taube ihn dann kostenpflichtig zugesandt. Die Versandpauschale betr\u00e4gt 40 Euro. Der Versteigerungsbetrag \u00a0mu\u00df bis zur Abholung bzw bis zum Versand mit der Versandpauschale \u00fcberwiesen sein.<\/div>\n<div>\u00a0<\/div>\n<div>Versteigerungsliste nach Endflugplatzierung:<\/div>\n<div>\u00a0<\/div>\n<div>Rang Name\u00a0\u00a0\u00a0\u00a0\u00a0\u00a0\u00a0\u00a0\u00a0\u00a0\u00a0\u00a0\u00a0\u00a0\u00a0\u00a0 \u00a0\u00a0\u00a0\u00a0\u00a0\u00a0\u00a0\u00a0 \u00a0\u00a0\u00a0\u00a0\u00a0\u00a0\u00a0\u00a0 Taube\u00a0\u00a0\u00a0\u00a0\u00a0\u00a0\u00a0\u00a0\u00a0\u00a0\u00a0\u00a0\u00a0\u00a0\u00a0\u00a0\u00a0\u00a0\u00a0\u00a0\u00a0\u00a0\u00a0\u00a0\u00a0\u00a0\u00a0\u00a0\u00a0\u00a0\u00a0\u00a0\u00a0\u00a0\u00a0\u00a0\u00a0\u00a0\u00a0\u00a0\u00a0\u00a0\u00a0\u00a0\u00a0\u00a0\u00a0\u00a0\u00a0\u00a0\u00a0 Gebot<\/div>\n<ol>\n<li><span style=\"font-size: 12pt; line-height: 115%; font-family: &amp;amp;amp;\"><a href=\"http:\/\/taubenrennen.baiv.de\/wp-content\/uploads\/2010\/09\/02694-10-660.jpg\" target=\"_self\">Altmiks\/Soudy<span> <\/span>02694-10-660<span>\u00a0 <\/span>100 Euro<\/a>\u00a0\u00a0\u00a0\u00a0\u00a0\u00a0\u00a0\u00a0\u00a0\u00a0\u00a0\u00a0 120 Euro<\/span><\/li>\n<li><span style=\"font-size: 12pt; line-height: 115%; font-family: &amp;amp;amp;\"><a href=\"http:\/\/taubenrennen.baiv.de\/wp-content\/uploads\/2010\/09\/02694-10-664.jpg\" target=\"_self\">Altmiks\/Soudy<span> <\/span>02694-10-664<\/a> (9.Astaube)<span> <\/span>100 Euro<\/span><\/li>\n<li><span style=\"font-size: 12pt; line-height: 115%; font-family: &amp;amp;amp;\"><a href=\"http:\/\/taubenrennen.baiv.de\/wp-content\/uploads\/2010\/09\/02301-10-393.jpg\" target=\"_self\">Team GMh\u00fctte<span> <\/span>02301-10-393<span> <\/span>50 Euro<\/a><\/span><\/li>\n<li><span style=\"font-size: 12pt; line-height: 115%; font-family: &amp;amp;amp;\"><a href=\"http:\/\/taubenrennen.baiv.de\/wp-content\/uploads\/2010\/09\/0667-10-423.jpg\" target=\"_self\">Schweers, Hermann<span> <\/span>0667-10-423<\/a> (1.Astaube)<span>\u00a0\u00a0\u00a0 1<\/span>60 Euro<\/span><\/li>\n<li><span style=\"font-size: 12pt; line-height: 115%; font-family: &amp;amp;amp;\">Wal<a href=\"http:\/\/taubenrennen.baiv.de\/wp-content\/uploads\/2010\/09\/04858-10-1579.jpg\" target=\"_self\">dow, Werner<span> <\/span>04858-10-1579<\/a> (3.Astaube)<span> <\/span>50 Euro<\/span><\/li>\n<li><span style=\"font-size: 12pt; line-height: 115%; font-family: &amp;amp;amp;\"><a href=\"http:\/\/taubenrennen.baiv.de\/wp-content\/uploads\/2010\/09\/04236-10-807.jpg\" target=\"_self\">Team Sylt 2000<span> <\/span>04236-10-807<\/a> Rehm <\/span><\/li>\n<li><span style=\"font-size: 12pt; line-height: 115%; font-family: &amp;amp;amp;\"><a href=\"http:\/\/taubenrennen.baiv.de\/wp-content\/uploads\/2010\/09\/0855-10-459.jpg\" target=\"_self\">G\u00f6bel, Heiko<span> <\/span>0855-10-459 (2.Astaube)<\/a>\u00a0\u00a0\u00a0\u00a0\u00a0\u00a0\u00a0\u00a0\u00a0\u00a0\u00a0 80 Euro<\/span><\/li>\n<li><span style=\"font-size: 12pt; line-height: 115%; font-family: &amp;amp;amp;\"><a href=\"http:\/\/taubenrennen.baiv.de\/wp-content\/uploads\/2010\/09\/02415-10-262.jpg\" target=\"_self\">Trautmann, Karl<span> <\/span>02415-10-262<\/a><\/span><\/li>\n<li><span style=\"font-size: 12pt; line-height: 115%; font-family: &amp;amp;amp;\"><a href=\"http:\/\/taubenrennen.baiv.de\/wp-content\/uploads\/2010\/09\/05298-10-1323.jpg\" target=\"_self\">Team Stagge<span> <\/span>05298-10-1323<\/a><\/span><\/li>\n<li><span style=\"font-size: 12pt; line-height: 115%; font-family: &amp;amp;amp;\">Ostseerennen<span> <\/span>04657-10-727 Gerrits (4.Ast)<\/span><\/li>\n<li><span style=\"font-size: 12pt; line-height: 115%; font-family: &amp;amp;amp;\"><a href=\"http:\/\/taubenrennen.baiv.de\/wp-content\/uploads\/2010\/09\/0435-10-582.jpg\" target=\"_self\">Team GmH\u00fctte<span> <\/span>0435-10-582<\/a><span><a href=\"http:\/\/taubenrennen.baiv.de\/wp-content\/uploads\/2010\/09\/0435-10-582.jpg\" target=\"_self\">\u00a0\u00a0<\/a>\u00a0\u00a0\u00a0\u00a0\u00a0\u00a0\u00a0\u00a0\u00a0\u00a0\u00a0\u00a0\u00a0\u00a0\u00a0\u00a0\u00a0\u00a0\u00a0\u00a0 <\/span>30 Euro<\/span><\/li>\n<li><span style=\"font-size: 12pt; line-height: 115%; font-family: &amp;amp;amp;\"><a href=\"http:\/\/taubenrennen.baiv.de\/wp-content\/uploads\/2010\/09\/02415-10-261.jpg\" target=\"_self\">Trautmann, Karl<span> <\/span>02415-10-261 <\/a>(10.Astaube)<\/span><\/li>\n<li><span style=\"font-size: 12pt; line-height: 115%; font-family: &amp;amp;amp;\"><a href=\"http:\/\/taubenrennen.baiv.de\/wp-content\/uploads\/2010\/09\/07648-10-123.jpg\" target=\"_self\">Team Sylt 2000<span> <\/span>07648-10-123<\/a> Hansen<span> <\/span><\/span><\/li>\n<li><span style=\"font-size: 12pt; line-height: 115%; font-family: &amp;amp;amp;\">Team Schalke<span> <\/span>06956-10-517 <\/span><\/li>\n<li><span style=\"font-size: 12pt; line-height: 115%; font-family: &amp;amp;amp;\">Team Aichazandt<span> <\/span>03485-10-1070 (5.Astaube)<\/span><\/li>\n<li><span style=\"font-size: 12pt; line-height: 115%; font-family: &amp;amp;amp;\"><a href=\"http:\/\/taubenrennen.baiv.de\/wp-content\/uploads\/2010\/09\/03801-10-283.jpg\" target=\"_self\">Kleser, Eddi<span> <\/span>03801-10-283<\/a><\/span><\/li>\n<li><span style=\"font-size: 12pt; line-height: 115%; font-family: &amp;amp;amp;\"><a href=\"http:\/\/taubenrennen.baiv.de\/wp-content\/uploads\/2010\/09\/08592-10-1042.jpg\" target=\"_self\">Team GmH\u00fctte<span> <\/span>08592-10-1042<\/a><\/span><\/li>\n<li><span style=\"font-size: 12pt; line-height: 115%; font-family: &amp;amp;amp;\">Schone, Volker<span> <\/span>08009-10-584 (7. Astaube)<span> <\/span><\/span><\/li>\n<li><span style=\"font-size: 12pt; line-height: 115%; font-family: &amp;amp;amp;\"><a href=\"http:\/\/taubenrennen.baiv.de\/wp-content\/uploads\/2010\/09\/03273-10-676.jpg\" target=\"_self\">Pahnke, Erhard<span> <\/span>03273-10-676<\/a><\/span><\/li>\n<li><span style=\"font-size: 12pt; line-height: 115%; font-family: &amp;amp;amp;\"><a href=\"http:\/\/taubenrennen.baiv.de\/wp-content\/uploads\/2010\/09\/04236-10-543.jpg\" target=\"_self\">Dierk, G\u00fcnter<span> <\/span>04236-10-543<\/a><\/span><\/li>\n<li><span style=\"font-size: 12pt; line-height: 115%; font-family: &amp;amp;amp;\">Wienekamp, Hermann<span> <\/span>03911-10-41 (8.Astaube)\u00a0\u00a0\u00a0\u00a0\u00a0\u00a0 100 Euro<span>\u00a0<\/span><\/span><\/li>\n<li><span style=\"font-size: 12pt; line-height: 115%; font-family: &amp;amp;amp;\"><a href=\"http:\/\/taubenrennen.baiv.de\/wp-content\/uploads\/2010\/09\/0435-10-667.jpg\" target=\"_self\">Team GmH\u00fctte<span> <\/span>0435-10-667<\/a><\/span><\/li>\n<li><span style=\"font-size: 12pt; line-height: 115%; font-family: &amp;amp;amp;\"><a href=\"http:\/\/taubenrennen.baiv.de\/wp-content\/uploads\/2010\/09\/05536-10-257.jpg\" target=\"_self\">Team Sylt 200<span> <\/span>05536-10-257 <\/a>Ferchen (6. Astaube)<span> <\/span><\/span><\/li>\n<li><span style=\"font-size: 12pt; line-height: 115%; font-family: &amp;amp;amp;\"><a href=\"http:\/\/taubenrennen.baiv.de\/wp-content\/uploads\/2010\/09\/05536-10-254.jpg\" target=\"_self\">Ferchen, Willi<span> <\/span>05536-10-254<\/a><\/span><\/li>\n<li><span style=\"font-size: 12pt; line-height: 115%; font-family: &amp;amp;amp;\">Team Schalke<span> <\/span>03911-10-1244 <\/span><\/li>\n<li><span style=\"font-size: 12pt; line-height: 115%; font-family: &amp;amp;amp;\">Team XXL<span> <\/span>08510-10-372<\/span><\/li>\n<li><span style=\"font-size: 12pt; line-height: 115%; font-family: &amp;amp;amp;\"><a href=\"http:\/\/taubenrennen.baiv.de\/wp-content\/uploads\/2010\/09\/08510-10-526.jpg\" target=\"_self\">Team Dressurpferde 08510-10-526<span> <\/span><\/a><\/span><\/li>\n<li><span style=\"font-size: 12pt; line-height: 115%; font-family: &amp;amp;amp;\"><a href=\"http:\/\/taubenrennen.baiv.de\/wp-content\/uploads\/2010\/09\/05536-10-255.jpg\" target=\"_self\">Ferchen, Willi<span> <\/span>05536-10-255<span> <\/span><\/a><\/span><\/li>\n<li><span style=\"font-size: 12pt; line-height: 115%; font-family: &amp;amp;amp;\"><a href=\"http:\/\/taubenrennen.baiv.de\/wp-content\/uploads\/2010\/09\/0435-10-664.jpg\" target=\"_self\">Team GmH\u00fctte<span> <\/span>0435-10-664<span> <\/span><\/a><\/span><\/li>\n<li><span style=\"font-size: 12pt; line-height: 115%; font-family: &amp;amp;amp;\"><a href=\"http:\/\/taubenrennen.baiv.de\/wp-content\/uploads\/2010\/09\/02741-10-568.jpg\">Team Allg\u00e4uer Jung<span> <\/span>02741-10-658<\/a><\/span><\/li>\n<li><span style=\"font-size: 12pt; line-height: 115%; font-family: &amp;amp;amp;\"><a href=\"http:\/\/taubenrennen.baiv.de\/wp-content\/uploads\/2010\/09\/0435-10-497.jpg\" target=\"_self\">Team GmH\u00fctte<span> <\/span>0435-10-497<\/a><span><a href=\"http:\/\/taubenrennen.baiv.de\/wp-content\/uploads\/2010\/09\/0435-10-497.jpg\" target=\"_self\">\u00a0\u00a0<\/a>\u00a0\u00a0\u00a0 <\/span>30 Euro<\/span><\/li>\n<li><span style=\"font-size: 12pt; line-height: 115%; font-family: &amp;amp;amp;\"><a href=\"http:\/\/taubenrennen.baiv.de\/wp-content\/uploads\/2010\/09\/08592-10-1015.jpg\" target=\"_self\">Team GmH\u00fctte<span> <\/span>08592-10-1015<\/a><\/span><\/li>\n<li><span style=\"font-size: 12pt; line-height: 115%; font-family: &amp;amp;amp;\"><a href=\"http:\/\/taubenrennen.baiv.de\/wp-content\/uploads\/2010\/09\/04858-10-1585.jpg\" target=\"_self\">Waldow, Werner<span> <\/span>04858-10-1585<\/a><\/span><\/li>\n<li><span style=\"font-size: 12pt; line-height: 115%; font-family: &amp;amp;amp;\">Casselmann, AE<span> <\/span>01190-10-924<\/span><\/li>\n<li><span style=\"font-size: 12pt; line-height: 115%; font-family: &amp;amp;amp;\">Team XXL 08510-10-300<\/span><\/li>\n<li><span style=\"font-size: 12pt; line-height: 115%; font-family: &amp;amp;amp;\"><a href=\"http:\/\/taubenrennen.baiv.de\/wp-content\/uploads\/2010\/09\/07603-10-849.jpg\" target=\"_self\">Team Schulze, G.<span> <\/span>07603-10-849<span> <\/span><\/a><\/span><\/li>\n<li><span style=\"font-size: 12pt; line-height: 115%; font-family: &amp;amp;amp;\">Team Sylt 2000<span> <\/span>03911-10-38 Wienekamp\u00a0\u00a0\u00a0\u00a0\u00a0 50 Euro<\/span><\/li>\n<li><span style=\"font-size: 12pt; line-height: 115%; font-family: &amp;amp;amp;\" lang=\"EN-US\"><a href=\"http:\/\/taubenrennen.baiv.de\/wp-content\/uploads\/2010\/09\/03273-10-680.jpg\" target=\"_self\">Pahnke, Erhard<span> <\/span>03273-10-680<\/a><\/span><\/li>\n<li><span style=\"font-size: 12pt; line-height: 115%; font-family: &amp;amp;amp;\" lang=\"EN-US\"><a href=\"http:\/\/taubenrennen.baiv.de\/wp-content\/uploads\/2010\/09\/07847-10-392.jpg\" target=\"_self\">Placke, Johannes<span> <\/span>07847-10-392<span> <\/span><\/a><\/span><\/li>\n<li><span style=\"font-size: 12pt; line-height: 115%; font-family: &amp;amp;amp;\" lang=\"EN-US\">Hogg, Alistair<span> <\/span>SU-10-3011-CA<\/span><\/li>\n<li><span style=\"font-size: 12pt; line-height: 115%; font-family: &amp;amp;amp;\" lang=\"EN-US\">Team GmH\u00fctte<span> <\/span>08510-10-347<span> <\/span><\/span><\/li>\n<li><span style=\"font-size: 12pt; line-height: 115%; font-family: &amp;amp;amp;\" lang=\"EN-US\"><a href=\"http:\/\/taubenrennen.baiv.de\/wp-content\/uploads\/2010\/09\/02694-10-661.jpg\" target=\"_self\">Team Sylt 2000<span> <\/span>02694-10-661<\/a> Altmiks\/Soudy<\/span><\/li>\n<li><span style=\"font-size: 12pt; line-height: 115%; font-family: &amp;amp;amp;\" lang=\"EN-US\"><a href=\"http:\/\/taubenrennen.baiv.de\/wp-content\/uploads\/2010\/09\/03801-10-297.jpg\" target=\"_self\">Hallmann, H.J.<span> <\/span>03801-10-297<\/a><\/span><\/li>\n<li><span style=\"font-size: 12pt; line-height: 115%; font-family: &amp;amp;amp;\"><a href=\"http:\/\/taubenrennen.baiv.de\/wp-content\/uploads\/2010\/09\/02694-10-677.jpg\" target=\"_self\">Altmiks\/Soudy<span> <\/span>02694-10-677 <\/a><\/span><\/li>\n<li><span style=\"font-size: 12pt; line-height: 115%; font-family: &amp;amp;amp;\">Tea<a href=\"http:\/\/taubenrennen.baiv.de\/wp-content\/uploads\/2010\/09\/0435-10-693.jpg\" target=\"_self\">m GmH\u00fctte<span> <\/span>0435-10-693<\/a><\/span><\/li>\n<li><span style=\"font-size: 12pt; line-height: 115%; font-family: &amp;amp;amp;\"><a href=\"http:\/\/taubenrennen.baiv.de\/wp-content\/uploads\/2010\/09\/03214-10-335.jpg\" target=\"_self\">Rottmann, Josef<span> <\/span>03214-10-335<\/a><\/span><\/li>\n<li><span style=\"font-size: 12pt; line-height: 115%; font-family: &amp;amp;amp;\">Team Scholz\/Holzgrefe 0144-10-105 <\/span><\/li>\n<li><span style=\"font-size: 12pt; line-height: 115%; font-family: &amp;amp;amp;\"><a href=\"http:\/\/taubenrennen.baiv.de\/wp-content\/uploads\/2010\/09\/01538-10-455.jpg\" target=\"_self\">Gl\u00fcsen, HW<span> <\/span>01538-10-455<\/a><\/span><\/li>\n<li><span style=\"font-size: 12pt; line-height: 115%; font-family: &amp;amp;amp;\">Team Fortuna Oesede 08510-10-41 <\/span><\/li>\n<li><span style=\"font-size: 12pt; line-height: 115%; font-family: &amp;amp;amp;\"><a href=\"http:\/\/taubenrennen.baiv.de\/wp-content\/uploads\/2010\/09\/0435-10-679.jpg\" target=\"_self\">Team GmH\u00fctte<span> <\/span>0435-10-679 <\/a><\/span><\/li>\n<li><span style=\"font-size: 12pt; line-height: 115%; font-family: &amp;amp;amp;\"><a href=\"http:\/\/taubenrennen.baiv.de\/wp-content\/uploads\/2010\/09\/07194-10-222.jpg\" target=\"_self\">Team Taubenschlag Blockhaus 07194-10-222<\/a><\/span><\/li>\n<li><span style=\"font-size: 12pt; line-height: 115%; font-family: &amp;amp;amp;\"><a href=\"http:\/\/taubenrennen.baiv.de\/wp-content\/uploads\/2010\/09\/08592-10-1023.jpg\" target=\"_self\">Team Georgsmarienh\u00fctte 08592-10-1023<\/a><\/span><\/li>\n<li><span style=\"font-size: 12pt; line-height: 115%; font-family: &amp;amp;amp;\">Team Oesede S\u00fcd<span> <\/span>08510-10-140<span> <\/span><\/span><\/li>\n<li><span style=\"font-size: 12pt; line-height: 115%; font-family: &amp;amp;amp;\">Team Saak<span> <\/span>06310-10-113<\/span><\/li>\n<li><span style=\"font-size: 12pt; line-height: 115%; font-family: &amp;amp;amp;\">Team Leimbrink<span> <\/span>08510-10-601<\/span><\/li>\n<li><span style=\"font-size: 12pt; line-height: 115%; font-family: &amp;amp;amp;\"><a href=\"http:\/\/taubenrennen.baiv.de\/wp-content\/uploads\/2010\/09\/02694-10-666.jpg\">Altmiks\/Soudy<span> <\/span>02694-10-666<\/a><\/span><\/li>\n<li><span style=\"font-size: 12pt; line-height: 115%; font-family: &amp;amp;amp;\"><a href=\"http:\/\/taubenrennen.baiv.de\/wp-content\/uploads\/2010\/09\/08592-10-1026.jpg\" target=\"_self\">Team GmH\u00fctte<span> <\/span>08592-10-1026<\/a><\/span><\/li>\n<li><span style=\"font-size: 12pt; line-height: 115%; font-family: &amp;amp;amp;\">Team www.as-finanz.de 08510-10-396 <\/span><\/li>\n<li><span style=\"font-size: 12pt; line-height: 115%; font-family: &amp;amp;amp;\">Tea<a href=\"http:\/\/taubenrennen.baiv.de\/wp-content\/uploads\/2010\/09\/01083-10-299.jpg\" target=\"_self\">m M\u00fcnsterlanderby 01083-10-299 <\/a><\/span><\/li>\n<li><span style=\"font-size: 12pt; line-height: 115%; font-family: &amp;amp;amp;\"><a href=\"http:\/\/taubenrennen.baiv.de\/wp-content\/uploads\/2010\/09\/07603-10-847.jpg\" target=\"_self\">Team Schulze, G.<span> <\/span>07603-10-847 <\/a><\/span><\/li>\n<li><span style=\"font-size: 12pt; line-height: 115%; font-family: &amp;amp;amp;\"><a href=\"http:\/\/taubenrennen.baiv.de\/wp-content\/uploads\/2010\/09\/080-10-296.jpg\" target=\"_self\">Sauert, Harald<span> <\/span>080-10-296 <\/a><\/span><\/li>\n<li><span style=\"font-size: 12pt; line-height: 115%; font-family: &amp;amp;amp;\">Altmiks\/Soudy<span> <\/span>02694-10-674<span> <\/span><\/span><\/li>\n<li><span style=\"font-size: 12pt; line-height: 115%; font-family: &amp;amp;amp;\"><a href=\"http:\/\/taubenrennen.baiv.de\/wp-content\/uploads\/2010\/09\/02741-10-646.jpg\" target=\"_self\">Team Allg\u00e4uer Jungtaubenderby 02741-10-646<\/a><\/span><\/li>\n<li><span style=\"font-size: 12pt; line-height: 115%; font-family: &amp;amp;amp;\"><a href=\"http:\/\/taubenrennen.baiv.de\/wp-content\/uploads\/2010\/09\/06628-10-538.jpg\" target=\"_self\">K\u00fcpper, Robert<span> <\/span>06628-10-538<span> <\/span><\/a><\/span><\/li>\n<li><span style=\"font-size: 12pt; line-height: 115%; font-family: &amp;amp;amp;\">Team Oesede S\u00fcd<span> <\/span>08510-10-143 <\/span><\/li>\n<li><span style=\"font-size: 12pt; line-height: 115%; font-family: &amp;amp;amp;\"><a href=\"http:\/\/taubenrennen.baiv.de\/wp-content\/uploads\/2010\/09\/05986-10-1031.jpg\" target=\"_self\">TOPTEAM Buchloh 05986-10-1031<\/a><\/span><\/li>\n<li><span style=\"font-size: 12pt; line-height: 115%; font-family: &amp;amp;amp;\"><a href=\"http:\/\/taubenrennen.baiv.de\/wp-content\/uploads\/2010\/09\/02301-10-385.jpg\" target=\"_self\">Team GmH\u00fctte 02301-10-385<\/a><\/span><\/li>\n<li><span style=\"font-size: 12pt; line-height: 115%; font-family: &amp;amp;amp;\"><a href=\"http:\/\/taubenrennen.baiv.de\/wp-content\/uploads\/2010\/09\/02301-10-396.jpg\" target=\"_self\">Team GmH\u00fctte<span> <\/span>02301-10-396 <\/a><\/span><\/li>\n<\/ol>\n<div class=\"MsoNormal\">\n<div class=\"MsoNormal\">AS-Taubenliste 1. Teutoburgerwaldtaubenrennen der Fl\u00fcge Korbach und Hammelburg<\/div>\n<div>Endstand 2010<\/div>\n<div>\u00a0<\/div>\n<div>Rangliste\u00a0\u00a0\u00a0\u00a0\u00a0\u00a0\u00a0\u00a0 Nr.\u00a0\u00a0\u00a0\u00a0\u00a0\u00a0\u00a0\u00a0\u00a0\u00a0\u00a0\u00a0\u00a0\u00a0\u00a0Z\u00fcchtername\u00a0\u00a0\u00a0\u00a0\u00a0\u00a0\u00a0\u00a0\u00a0\u00a0\u00a0\u00a0\u00a0\u00a0\u00a0\u00a0\u00a0\u00a0\u00a0\u00a0\u00a0\u00a0\u00a0\u00a0\u00a0\u00a0\u00a0\u00a0\u00a0\u00a0\u00a0Preise\u00a0\u00a0 \u00a0\u00a0\u00a0\u00a0\u00a0 Geschwindigkeit\u00a0m\/min<\/div>\n<div>1\u00a0\u00a0\u00a0\u00a0\u00a0\u00a0\u00a0\u00a0 0667-10-423 \u00a0\u00a0\u00a0\u00a0\u00a0\u00a0 \u00a0Schweers, Hermann\u00a0\u00a0\u00a0\u00a0\u00a0\u00a0\u00a0\u00a0\u00a0\u00a0\u00a0\u00a0\u00a0\u00a0\u00a0\u00a0\u00a0\u00a0\u00a0\u00a0\u00a0\u00a0\u00a0\u00a0\u00a0\u00a0\u00a0\u00a0 2\u00a0\u00a0\u00a0\u00a0\u00a0\u00a0\u00a0\u00a0\u00a0\u00a0\u00a0\u00a0\u00a0\u00a0\u00a0\u00a0\u00a0\u00a0\u00a0 2258\u00a0\u00a0\u00a0 (200 Euro)<\/div>\n<div>2\u00a0\u00a0\u00a0\u00a0\u00a0\u00a0\u00a0\u00a0 0855-10-459\u00a0\u00a0\u00a0\u00a0\u00a0\u00a0\u00a0 \u00a0G\u00f6bel, \u00a0Heiko\u00a0\u00a0\u00a0\u00a0\u00a0\u00a0\u00a0\u00a0\u00a0\u00a0\u00a0\u00a0\u00a0\u00a0\u00a0\u00a0\u00a0\u00a0\u00a0\u00a0\u00a0\u00a0\u00a0\u00a0\u00a0\u00a0\u00a0\u00a0\u00a0\u00a0\u00a0\u00a0\u00a0\u00a0\u00a0\u00a0\u00a0\u00a0\u00a0\u00a0 2\u00a0\u00a0\u00a0\u00a0\u00a0\u00a0\u00a0\u00a0\u00a0\u00a0\u00a0\u00a0\u00a0\u00a0\u00a0\u00a0\u00a0\u00a0\u00a0\u00a02256<\/div>\n<div>3\u00a0\u00a0\u00a0\u00a0\u00a0\u00a0\u00a0\u00a0 04858-10-1579\u00a0\u00a0\u00a0\u00a0\u00a0 Waldow, Werner u. Silvia\u00a0\u00a0\u00a0\u00a0\u00a0\u00a0\u00a0\u00a0\u00a0\u00a0\u00a0\u00a0\u00a0\u00a0\u00a0\u00a0\u00a0\u00a0 2\u00a0\u00a0\u00a0\u00a0\u00a0\u00a0\u00a0\u00a0\u00a0\u00a0\u00a0\u00a0\u00a0\u00a0\u00a0\u00a0\u00a0\u00a0\u00a0\u00a02255<\/div>\n<div>4\u00a0\u00a0\u00a0\u00a0\u00a0\u00a0\u00a0\u00a0 04657-10-727\u00a0\u00a0\u00a0\u00a0\u00a0 Ostseerennen.de Gerrits\u00a0\u00a0\u00a0\u00a0\u00a0\u00a0\u00a0\u00a0\u00a0\u00a0\u00a0\u00a0\u00a0\u00a0\u00a0\u00a0\u00a0\u00a0\u00a0\u00a0\u00a0\u00a0\u00a0\u00a0 2\u00a0\u00a0\u00a0\u00a0\u00a0\u00a0\u00a0\u00a0\u00a0\u00a0\u00a0\u00a0\u00a0\u00a0\u00a0\u00a0\u00a0\u00a0\u00a0 2250<\/div>\n<div>5\u00a0\u00a0\u00a0\u00a0\u00a0\u00a0\u00a0\u00a0 03485-10-1070\u00a0\u00a0\u00a0\u00a0\u00a0\u00a0\u00a0\u00a0\u00a0 Team Aichazandt\u00a0\u00a0\u00a0\u00a0\u00a0\u00a0\u00a0\u00a0\u00a0\u00a0\u00a0\u00a0\u00a0\u00a0\u00a0\u00a0\u00a0\u00a0\u00a0\u00a0\u00a0\u00a0\u00a0\u00a0\u00a0\u00a0\u00a02\u00a0\u00a0\u00a0\u00a0\u00a0\u00a0\u00a0\u00a0\u00a0\u00a0\u00a0\u00a0\u00a0\u00a0\u00a0\u00a0\u00a0\u00a0\u00a02247<\/div>\n<div>6\u00a0\u00a0\u00a0\u00a0\u00a0\u00a0\u00a0\u00a0 05536-10-257\u00a0\u00a0\u00a0\u00a0\u00a0\u00a0\u00a0\u00a0\u00a0\u00a0\u00a0 Team Sylt 2000 Ferchen\u00a0\u00a0\u00a0\u00a0\u00a0\u00a0\u00a0\u00a0\u00a0\u00a0\u00a0\u00a0\u00a0\u00a02\u00a0\u00a0\u00a0\u00a0\u00a0\u00a0\u00a0\u00a0\u00a0\u00a0\u00a0\u00a0\u00a0\u00a0\u00a0\u00a0\u00a0\u00a02238<\/div>\n<div>7\u00a0\u00a0\u00a0\u00a0\u00a0\u00a0\u00a0\u00a0 08009-10-584\u00a0\u00a0\u00a0\u00a0\u00a0\u00a0\u00a0\u00a0\u00a0\u00a0\u00a0 Schone, Volker\u00a0\u00a0\u00a0\u00a0\u00a0\u00a0\u00a0\u00a0\u00a0\u00a0\u00a0\u00a0\u00a0\u00a0\u00a0\u00a0\u00a0\u00a0\u00a0\u00a0\u00a0\u00a0\u00a0\u00a0\u00a0\u00a0\u00a0\u00a0\u00a0\u00a0\u00a0 2\u00a0\u00a0\u00a0\u00a0\u00a0\u00a0\u00a0\u00a0\u00a0\u00a0\u00a0\u00a0\u00a0\u00a0\u00a0\u00a0\u00a0\u00a02204<\/div>\n<div>8\u00a0\u00a0\u00a0\u00a0\u00a0\u00a0\u00a0\u00a0 03911-10-41\u00a0\u00a0\u00a0\u00a0\u00a0\u00a0\u00a0\u00a0\u00a0\u00a0\u00a0\u00a0\u00a0\u00a0 Wienekamp, Hermann\u00a0\u00a0\u00a0\u00a0\u00a0\u00a0\u00a0\u00a0\u00a0\u00a0\u00a0\u00a0\u00a0\u00a0\u00a0\u00a0 2\u00a0\u00a0\u00a0\u00a0\u00a0\u00a0\u00a0\u00a0\u00a0\u00a0\u00a0\u00a0\u00a0\u00a0\u00a0\u00a0\u00a0\u00a0\u00a0 2203<\/div>\n<div>9\u00a0\u00a0\u00a0\u00a0\u00a0\u00a0\u00a0\u00a0 02694-10-664\u00a0\u00a0\u00a0\u00a0\u00a0\u00a0\u00a0\u00a0\u00a0\u00a0\u00a0 Altmiks\/Soudy\u00a0\u00a0\u00a0\u00a0\u00a0\u00a0\u00a0\u00a0\u00a0\u00a0\u00a0\u00a0\u00a0\u00a0\u00a0\u00a0\u00a0\u00a0\u00a0\u00a0\u00a0\u00a0\u00a0\u00a0\u00a0\u00a0\u00a0\u00a0\u00a0\u00a02\u00a0\u00a0\u00a0\u00a0\u00a0\u00a0\u00a0\u00a0\u00a0\u00a0\u00a0\u00a0\u00a0\u00a0\u00a0\u00a0\u00a0\u00a0\u00a0 2178<\/div>\n<div>10\u00a0\u00a0\u00a0\u00a0 02415-10-261\u00a0\u00a0\u00a0\u00a0\u00a0\u00a0\u00a0\u00a0\u00a0\u00a0\u00a0 Trautmann, Karl\u00a0\u00a0\u00a0\u00a0\u00a0\u00a0\u00a0\u00a0\u00a0\u00a0\u00a0\u00a0\u00a0\u00a0\u00a0\u00a0\u00a0\u00a0\u00a0\u00a0\u00a0\u00a0\u00a0\u00a0\u00a0\u00a0\u00a0\u00a02\u00a0\u00a0\u00a0\u00a0\u00a0\u00a0\u00a0\u00a0\u00a0\u00a0\u00a0\u00a0\u00a0\u00a0\u00a0\u00a0\u00a0\u00a0\u00a0\u00a0\u00a0 2171<\/div>\n<div>Endstand Fr\u00fcheinzahlerbonus:<\/div>\n<div>03485-10-1070 Team Aichazandt 1. Taube bis 15.03.2010 und bis 01.05.2010 der Fr\u00fcheinzahler<\/div>\n<div>Diese Taube hat somit 350 Euro gewonnen!<\/div>\n<div>Herzlichen Gl\u00fcckwunsch allen Gewinnern und Platzierten!<\/div>\n<div>Auf ein Wiedersehen im Jahr 2011 beim 2. Teutoburgerwaldtaubenrennen<\/div>\n<div>Euer Teutoburgerwaldtaubenrenenteam<\/div>\n<div>Christoph Gr\u00f6ne und Johannes Bu\u00dfmann<\/div>\n<div id=\"_mcePaste\" style=\"position: absolute; width: 1px; height: 1px; overflow: hidden; top: 249px; left: -10000px;\">\n<div><!--if gte mso -->&lt; ![endif] &gt;<!--if gte mso -->&lt; ![endif] &gt;<!--if gte mso 1--> &lt; ! \/* Style Definitions *\/ table.MsoNormalTable {mso-style-name:&#8220;Normale Tabelle&#8220;; mso-tstyle-rowband-size:0; mso-tstyle-colband-size:0; mso-style-noshow:yes; mso-style-priority:99; mso-style-qformat:yes; mso-style-parent:&#8220;&#8220;; mso-padding-alt:0cm 5.4pt 0cm 5.4pt; mso-para-margin-top:0cm; mso-para-margin-right:0cm; mso-para-margin-bottom:10.0pt; mso-para-margin-left:0cm; line-height:115%; mso-pagination:widow-orphan; font-size:11.0pt; font-family:&#8220;Calibri&#8220;,&#8220;sans-serif&#8220;; mso-ascii-font-family:Calibri; mso-ascii-theme-font:minor-latin; mso-hansi-font-family:Calibri; mso-hansi-theme-font:minor-latin; mso-bidi-font-family:&#8220;Times New Roman&#8220;; mso-bidi-theme-font:minor-bidi; mso-fareast-language:EN-US;} &gt; <!--endif-->&lt;&#8211;&gt;<\/div>\n<\/div>\n<\/div>\n","protected":false},"excerpt":{"rendered":"<p>Versteigerungsliste vom 1. Teutoburgerwaldtaubenrennen Die Versteigerung findet am 02.10.2010 um 16.00 Uhr bei Christoph Gr\u00f6ne, Dr\u00f6per Mark 2, 49124 Georgsmarienh\u00fctte statt. Besichtigung der Tauben ab 15.00 Uhr bei Kaffee und Kuchen. Weitere Getr\u00e4nke gibt es auch. Gebote k\u00f6nnen ab sofort &hellip; <a href=\"https:\/\/taubenrennen.baiv.de\/?page_id=280\">Weiterlesen <span class=\"meta-nav\">&rarr;<\/span><\/a><\/p>\n","protected":false},"author":1,"featured_media":0,"parent":182,"menu_order":55,"comment_status":"open","ping_status":"closed","template":"","meta":{"footnotes":"","_links_to":"","_links_to_target":""},"class_list":["post-280","page","type-page","status-publish","hentry"],"_links":{"self":[{"href":"https:\/\/taubenrennen.baiv.de\/index.php?rest_route=\/wp\/v2\/pages\/280","targetHints":{"allow":["GET"]}}],"collection":[{"href":"https:\/\/taubenrennen.baiv.de\/index.php?rest_route=\/wp\/v2\/pages"}],"about":[{"href":"https:\/\/taubenrennen.baiv.de\/index.php?rest_route=\/wp\/v2\/types\/page"}],"author":[{"embeddable":true,"href":"https:\/\/taubenrennen.baiv.de\/index.php?rest_route=\/wp\/v2\/users\/1"}],"replies":[{"embeddable":true,"href":"https:\/\/taubenrennen.baiv.de\/index.php?rest_route=%2Fwp%2Fv2%2Fcomments&post=280"}],"version-history":[{"count":5,"href":"https:\/\/taubenrennen.baiv.de\/index.php?rest_route=\/wp\/v2\/pages\/280\/revisions"}],"predecessor-version":[{"id":287,"href":"https:\/\/taubenrennen.baiv.de\/index.php?rest_route=\/wp\/v2\/pages\/280\/revisions\/287"}],"up":[{"embeddable":true,"href":"https:\/\/taubenrennen.baiv.de\/index.php?rest_route=\/wp\/v2\/pages\/182"}],"wp:attachment":[{"href":"https:\/\/taubenrennen.baiv.de\/index.php?rest_route=%2Fwp%2Fv2%2Fmedia&parent=280"}],"curies":[{"name":"wp","href":"https:\/\/api.w.org\/{rel}","templated":true}]}}