{"id":2808,"date":"2021-10-22T09:52:41","date_gmt":"2021-10-22T08:52:41","guid":{"rendered":"http:\/\/taubenrennen.baiv.de\/?page_id=2808"},"modified":"2023-09-08T08:24:46","modified_gmt":"2023-09-08T07:24:46","slug":"ausschreibung-zum-13-teutoburgerwaldtaubenrennen-2022","status":"publish","type":"page","link":"https:\/\/taubenrennen.baiv.de\/?page_id=2808","title":{"rendered":"Ausschreibung zum 13. Teutoburgerwaldtaubenrennen 2022!"},"content":{"rendered":"\n<p>Ausschreibung zum <strong>13.\nTeutoburgerwaldtaubenrennen 16. September 2022<\/strong>:\n<strong>Fr\u00fcheinzahlerbonus 1 und 2  (Abk\u00fcrzung:FEB1 und FEB2) <\/strong>beachten;\nFEB1<strong> geht vom 01.01.2022 bis sp\u00e4testens zum 08.Januar 2022 <\/strong>\n<strong>Achtung: FEB1:Wer vom 01.01.2022 bis zum 08.01.2022 das Startgeld \nf\u00fcr 5 Tauben einzahlt, kann zus\u00e4tzlich 2 Freitauben mitschicken!\nFEB2:Wer vom 09.01.2022 bis zum 15.02.2022 das Startgeld  f\u00fcr 5\nTauben einzahlt, kann zus\u00e4tzlich 1 Freitaube mitschicken! Bitte erst\nab dem 01.01.2022 einzahlen!!!<\/strong><\/p>\n\n\n\n<p>Endflug S\u00fcdost \u00fcber 300 km! Es gibt\nf\u00fcr jede Taube 5 Gewinnchancen: drei Preisfl\u00fcge, Asstaubenwertung\nund der Finalflug! <strong>Bei nur 600 bezahlten Tauben gibt es 50000 Euro\nPreisgeld!<\/strong><\/p>\n\n\n\n<p><strong>Platz 1: 10000 Euro bei 600\nbezahlten Tauben (Insgesamt 50000 Euro Preisgeld!)<\/strong>. Bei mehr oder\nweniger bezahlten Tauben werden die Preisgelder angepasst und die\nGeldr\u00e4nge auf dem Endflug! <strong>Es gibt dann 100 Geldr\u00e4nge auf<\/strong>\n<strong>dem Endflug! <\/strong>\n<\/p>\n\n\n\n<p>Es werden \u00fcber 52% der Startgeb\u00fchr\nausgesch\u00fcttet.<\/p>\n\n\n\n<p><strong>Eine Taube kostet 160 Euro<\/strong>. Die\nStartgeb\u00fchr ist sp\u00e4testens bei Anlieferung f\u00e4llig!<\/p>\n\n\n\n<p><strong>Fr\u00fcheinzahlerbonus 1( FEB1):<\/strong><\/p>\n\n\n\n<p><strong>Wer vom 01.01.2022 bis zum\n08.01.2022 das Startgeld  f\u00fcr 5 Tauben einzahlt (800 Euro), kann\nzus\u00e4tzlich 2 Freitauben mitschicken! Zusammen 7 Tauben<\/strong><\/p>\n\n\n\n<p><strong>Wer vom 01.01.2022 bis zum\n08.01.2022 das Startgeld  f\u00fcr 10 Tauben einzahlt (1600), kann\nzus\u00e4tzlich 5 Freitauben mitschicken! Zusammen 15 Tauben<\/strong><\/p>\n\n\n\n<p><strong>Wer vom 01.01.2022 bis zum\n08.01.2022 das Startgeld  f\u00fcr 15 Tauben einzahlt (2400), kann\nzus\u00e4tzlich 10 Freitauben mitschicken! Zusammen 25 Tauben<\/strong><\/p>\n\n\n\n<p><strong>Wer vom 01.01.2022 bis zum\n08.01.2022 das Startgeld  f\u00fcr 20 Tauben einzahlt (3200), kann\nzus\u00e4tzlich 13 Freitauben mitschicken! Zusammen 33 Tauben<\/strong><\/p>\n\n\n\n<p><strong>Fr\u00fcheinzahlerbonus 2 (FEB2):<\/strong><\/p>\n\n\n\n<p><strong>Wer vom 09.01.2022 bis zum\n15.02.2022 das Startgeld  f\u00fcr 5 Tauben einzahlt (800), kann\nzus\u00e4tzlich 1 Freitaube mitschicken! Zusammen 6 Tauben<\/strong><\/p>\n\n\n\n<p><strong>Wer vom 09.01.2022 bis zum\n15.02.2022 das Startgeld  f\u00fcr 10 Tauben einzahlt (1600), kann\nzus\u00e4tzlich 3 Freitauben mitschicken! Zusammen 13 Tauben<\/strong><\/p>\n\n\n\n<p><strong>Wer vom 09.01.2022 bis zum\n15.02.2022 das Startgeld  f\u00fcr 15 Tauben einzahlt (2400), kann\nzus\u00e4tzlich 5 Freitauben mitschicken! Zusammen 20 Tauben<\/strong><\/p>\n\n\n\n<p><strong>Wer vom 09.01.2022 bis zum\n15.02.2022 das Startgeld  f\u00fcr 20 Tauben einzahlt (3200), kann\nzus\u00e4tzlich 10 Freitauben mitschicken! Zusammen 30 Tauben<\/strong><\/p>\n\n\n\n<p><strong>Es werden drei Preisfl\u00fcge\ndurchgef\u00fchrt: Platz 1: 500 Euro Platz 2: 200, Platz 3-10: jeweils\n160 Euro<\/strong><\/p>\n\n\n\n<p><strong>Asstaubenwertung (drei Preisfl\u00fcge\nplus Finalflug): Platz 1: 1000 Euro Platz 2: 500 Euro und Platz 3:\n300 Euro;  Platz 4-10: jeweils 200 Euro<\/strong><\/p>\n\n\n\n<p><strong>Preisgeld auf dem Endflug: bei  600\nbezahlten Tauben<\/strong><\/p>\n\n\n\n<p>Platz 1: 10000 Euro<\/p>\n\n\n\n<p>Platz 2: 5000 Euro<\/p>\n\n\n\n<p>Platz 3: 2500 Euro<\/p>\n\n\n\n<p>Platz 4+5: jeweils 1000 Euro<\/p>\n\n\n\n<p>Platz 6-10: jeweils 900 Euro<\/p>\n\n\n\n<p>Platz 11: 500 Euro<\/p>\n\n\n\n<p>Platz 12-15: 300 Euro<\/p>\n\n\n\n<p>Platz 16-20: 250 Euro<\/p>\n\n\n\n<p>Platz 21-50: 200 Euro<\/p>\n\n\n\n<p>Platz 51-100: 160 Euro<\/p>\n\n\n\n<p>Bei  600 bezahlten Tauben gibt es 100\nGeldpreise auf dem Endflug! \u00dcber 52% der Startgeb\u00fchr werden\nausgesch\u00fcttet!!!!!F\u00fcr Verluste jedweder Art haftet nicht der\nVeranstalter. Der Veranstalter kann die gesamte Veranstaltung\nabsagen. Der Rechtsweg ist ausgeschlossen.<\/p>\n\n\n\n<p><strong>Anlieferung der Tauben vom 1. April\nbis 20. Mai 2022<\/strong>; in der Eingew\u00f6hnungsphase verloren gegangene\nTauben, k\u00f6nnen bis zum 31. Mai 2022 kostenlos ersetzt werden.<\/p>\n\n\n\n<p><strong>Neu Neu 2022! Siegerehrung der\nSieger vom Teutoburgerwaldtaubenrennen 2022 am Samstag den 08.10.2022\nab 15.00 Uhr bei Kaffee und Kuchen sowie gegrilltem oder Buffet im\nRahmen eines Z\u00fcchtertreffens! Besichtigung der ersten 50 Preistauben\nund weiterer ausgew\u00e4hlter Tauben m\u00f6glich! <\/strong>Nach dem Endflug\nwerden die Tauben im Internet auf <strong>www.tauben-versteigerung.de<\/strong>\nversteigert: voraussichtlich bis zum 09.10.2022 Sonntagabend ab 20.00\nUhr zeitversetzt auslaufend!Nichtversteigerte Preistauben und\nNachpreistauben werden auf der gleichen Plattform bis zum 16.10.2022\nversteigert (zeitversetzt auslaufend ab 20.00 Uhr)! Ersteigerte\ntauben k\u00f6nnen per Logistik oder pers\u00f6nlich abgeholt werden bzw in\nKassel auf dem Taubenmarkt (Transportkostenpauschale von 10 Euro bei\n\u00dcbergabe) \u00fcbergeben werden. Nach Abzug der Versteigerungskosten vom\nVersteigerungsentgelt erh\u00e4lt der Z\u00fcchter bei den Preistauben 50%(\nca 40%vom Versteigerungsentgelt)! Bei den Nachpreistauben erh\u00e4lt der\nZ\u00fcchter ca 35% vom Versteigerungsentgelt! Wenn das\nVersteigerungsentgelt \u00fcber 500 Euro liegt, erh\u00e4lt der Z\u00fcchter\n45%!<strong>Wer bis zum 10.09.2022 keine Abstammung und Ringkarte\neingereicht hat, erh\u00e4lt kein Preisgeld und nur 10% vom\nVersteigerungsentgelt!!!!<\/strong><\/p>\n\n\n\n<p>Der Rechtsweg ist ausgeschlossen.  Gut\nFlug Ihr\/Euer Christoph Gr\u00f6ne<\/p>\n\n\n\n<p>Veranstalter: Christoph Gr\u00f6ne, Dr\u00f6per\nMark 2, 49124 Georgsmarienh\u00fctte Tel: 05401-368650 oder 0170-9653730\nsowie per mail <a href=\"mailto:chris.groene@osnanet.de\">chris.groene@osnanet.de<\/a>\n oder fax 05401-368649<\/p>\n\n\n\n<p><a href=\"http:\/\/www.teutoburgerwaldtaubenrennen.de\/\">www.teutoburgerwaldtaubenrennen.de<\/a><\/p>\n\n\n\n<p>Veranstalter:\nChristoph Gr\u00f6ne, Dr\u00f6per Mark 2, 49124 Georgsmarienh\u00fctte Tel:\n05401-368650 oder 0170-9653730 sowie per mail <a href=\"mailto:chris.groene@osnanet.de\">chris.groene@osnanet.de<\/a>\n oder fax 05401-368649<\/p>\n\n\n\n<p><a href=\"http:\/\/www.teutoburgerwaldtaubenrennen.de\/\">www.teutoburgerwaldtaubenrennen.de<\/a><\/p>\n\n\n\n<p><strong>Anmeldung zum 13.\nTeutoburgerwaldtaubenrennen 2022<\/strong>:<\/p>\n\n\n\n<p>Hiermit melde ich ____ bezahlte Tauben\nan. FEB 1:________bzahlte Tauben!<\/p>\n\n\n\n<p>FEB2:_____bezahlte Tauben<\/p>\n\n\n\n<p>Den Betrag von _______ Euro entrichte\nich bei Anlieferung in bar________ oder \u00fcberweise ihn auf folgendes\nKonto: Christoph Gr\u00f6ne, Ktnr 7307366, BLZ 26550105 Sparkasse\nOsnabr\u00fcck<\/p>\n\n\n\n<p>Sparkasse Osnabr\u00fcck <br \/>Christoph\nGr\u00f6ne<\/p>\n\n\n\n<p>\nIBAN:\nDE07 2655 0105 0007 3073 66<\/p>\n\n\n\n<p>\nBIC:\nNOLADE22XXX<\/p>\n\n\n\n<p>Adresse und Teamname\n___________________________________________________________<\/p>\n\n\n\n<p>Kontaktdaten: email\ntel_____________________________________________________________<\/p>\n\n\n\n<p>Bankverbindung:____________________________________________________________________<\/p>\n\n\n\n<p><strong>Wir danken allen Sponsoren und\nHelfern, die das Teutoburgerwaldtaubenrennen mit unterst\u00fctzen! <\/strong>\n<\/p>\n\n\n\n<p><strong>Futter \u00fcber Beyer`s Familie Pahnke<\/strong><\/p>\n\n\n\n<p><strong>MIFUMA (Futter)<\/strong><\/p>\n\n\n\n<p><strong>Bony Farma<\/strong><\/p>\n\n\n\n<p><strong>De Weerd<\/strong><\/p>\n\n\n\n<p><strong>Backs<\/strong><\/p>\n\n\n\n<p><strong>Spinnes<\/strong><\/p>\n\n\n\n<p><strong>Teekontor<\/strong><\/p>\n\n\n\n<p><strong>Klaus Gritsteine<\/strong><\/p>\n\n\n\n<p><strong>Auktionshaus\nwww.tauben-versteigerung.de<\/strong><\/p>\n","protected":false},"excerpt":{"rendered":"<p>Ausschreibung zum 13. Teutoburgerwaldtaubenrennen 16. September 2022: Fr\u00fcheinzahlerbonus 1 und 2 (Abk\u00fcrzung:FEB1 und FEB2) beachten; FEB1 geht vom 01.01.2022 bis sp\u00e4testens zum 08.Januar 2022 Achtung: FEB1:Wer vom 01.01.2022 bis zum 08.01.2022 das Startgeld f\u00fcr 5 Tauben einzahlt, kann zus\u00e4tzlich 2 &hellip; <a href=\"https:\/\/taubenrennen.baiv.de\/?page_id=2808\">Weiterlesen <span class=\"meta-nav\">&rarr;<\/span><\/a><\/p>\n","protected":false},"author":1,"featured_media":0,"parent":2972,"menu_order":0,"comment_status":"closed","ping_status":"closed","template":"","meta":{"footnotes":"","_links_to":"","_links_to_target":""},"class_list":["post-2808","page","type-page","status-publish","hentry"],"_links":{"self":[{"href":"https:\/\/taubenrennen.baiv.de\/index.php?rest_route=\/wp\/v2\/pages\/2808","targetHints":{"allow":["GET"]}}],"collection":[{"href":"https:\/\/taubenrennen.baiv.de\/index.php?rest_route=\/wp\/v2\/pages"}],"about":[{"href":"https:\/\/taubenrennen.baiv.de\/index.php?rest_route=\/wp\/v2\/types\/page"}],"author":[{"embeddable":true,"href":"https:\/\/taubenrennen.baiv.de\/index.php?rest_route=\/wp\/v2\/users\/1"}],"replies":[{"embeddable":true,"href":"https:\/\/taubenrennen.baiv.de\/index.php?rest_route=%2Fwp%2Fv2%2Fcomments&post=2808"}],"version-history":[{"count":1,"href":"https:\/\/taubenrennen.baiv.de\/index.php?rest_route=\/wp\/v2\/pages\/2808\/revisions"}],"predecessor-version":[{"id":2809,"href":"https:\/\/taubenrennen.baiv.de\/index.php?rest_route=\/wp\/v2\/pages\/2808\/revisions\/2809"}],"up":[{"embeddable":true,"href":"https:\/\/taubenrennen.baiv.de\/index.php?rest_route=\/wp\/v2\/pages\/2972"}],"wp:attachment":[{"href":"https:\/\/taubenrennen.baiv.de\/index.php?rest_route=%2Fwp%2Fv2%2Fmedia&parent=2808"}],"curies":[{"name":"wp","href":"https:\/\/api.w.org\/{rel}","templated":true}]}}