{"id":2812,"date":"2021-10-22T09:56:22","date_gmt":"2021-10-22T08:56:22","guid":{"rendered":"http:\/\/taubenrennen.baiv.de\/?page_id=2812"},"modified":"2023-09-08T08:24:37","modified_gmt":"2023-09-08T07:24:37","slug":"frueheinzahlerbonus-1-und-2-beachten-ab-01-01-2022","status":"publish","type":"page","link":"https:\/\/taubenrennen.baiv.de\/?page_id=2812","title":{"rendered":"Fr\u00fcheinzahlerbonus 1 und 2!!!! Beachten ab 01.01.2022!!!"},"content":{"rendered":"\n<p>Ausschreibung zum <strong>13.\nTeutoburgerwaldtaubenrennen 16. September 2022<\/strong>:\n<strong>Fr\u00fcheinzahlerbonus 1 und 2  (Abk\u00fcrzung:FEB1 und FEB2) <\/strong>beachten;\nFEB1<strong> geht vom 01.01.2022 bis sp\u00e4testens zum 08.Januar 2022 <\/strong>\n<strong>Achtung: FEB1:Wer vom 01.01.2022 bis zum 08.01.2022 das Startgeld \nf\u00fcr 5 Tauben einzahlt, kann zus\u00e4tzlich 2 Freitauben mitschicken!\nFEB2:Wer vom 09.01.2022 bis zum 15.02.2022 das Startgeld  f\u00fcr 5\nTauben einzahlt, kann zus\u00e4tzlich 1 Freitaube mitschicken! Bitte erst\nab dem 01.01.2022 einzahlen!!!<\/strong><\/p>\n\n\n\n<p>Endflug S\u00fcdost \u00fcber 300 km! Es gibt\nf\u00fcr jede Taube 5 Gewinnchancen: drei Preisfl\u00fcge, Asstaubenwertung\nund der Finalflug! <strong>Bei nur 600 bezahlten Tauben gibt es 50000 Euro\nPreisgeld!<\/strong><\/p>\n\n\n\n<p><strong>Platz 1: 10000 Euro bei 600\nbezahlten Tauben (Insgesamt 50000 Euro Preisgeld!)<\/strong>. Bei mehr oder\nweniger bezahlten Tauben werden die Preisgelder angepasst und die\nGeldr\u00e4nge auf dem Endflug! <strong>Es gibt dann 100 Geldr\u00e4nge auf<\/strong>\n<strong>dem Endflug! <\/strong>\n<\/p>\n\n\n\n<p>Es werden \u00fcber 52% der Startgeb\u00fchr\nausgesch\u00fcttet.<\/p>\n\n\n\n<p><strong>Eine Taube kostet 160 Euro<\/strong>. Die\nStartgeb\u00fchr ist sp\u00e4testens bei Anlieferung f\u00e4llig!<\/p>\n\n\n\n<p><strong>Fr\u00fcheinzahlerbonus 1( FEB1):<\/strong><\/p>\n\n\n\n<p><strong>Wer vom 01.01.2022 bis zum\n08.01.2022 das Startgeld  f\u00fcr 5 Tauben einzahlt (800 Euro), kann\nzus\u00e4tzlich 2 Freitauben mitschicken! Zusammen 7 Tauben<\/strong><\/p>\n\n\n\n<p><strong>Wer vom 01.01.2022 bis zum\n08.01.2022 das Startgeld  f\u00fcr 10 Tauben einzahlt (1600), kann\nzus\u00e4tzlich 5 Freitauben mitschicken! Zusammen 15 Tauben<\/strong><\/p>\n\n\n\n<p><strong>Wer vom 01.01.2022 bis zum\n08.01.2022 das Startgeld  f\u00fcr 15 Tauben einzahlt (2400), kann\nzus\u00e4tzlich 10 Freitauben mitschicken! Zusammen 25 Tauben<\/strong><\/p>\n\n\n\n<p><strong>Wer vom 01.01.2022 bis zum\n08.01.2022 das Startgeld  f\u00fcr 20 Tauben einzahlt (3200), kann\nzus\u00e4tzlich 13 Freitauben mitschicken! Zusammen 33 Tauben<\/strong><\/p>\n\n\n\n<p><strong>Fr\u00fcheinzahlerbonus 2 (FEB2):<\/strong><\/p>\n\n\n\n<p><strong>Wer vom 09.01.2022 bis zum\n15.02.2022 das Startgeld  f\u00fcr 5 Tauben einzahlt (800), kann\nzus\u00e4tzlich 1 Freitaube mitschicken! Zusammen 6 Tauben<\/strong><\/p>\n\n\n\n<p><strong>Wer vom 09.01.2022 bis zum\n15.02.2022 das Startgeld  f\u00fcr 10 Tauben einzahlt (1600), kann\nzus\u00e4tzlich 3 Freitauben mitschicken! Zusammen 13 Tauben<\/strong><\/p>\n\n\n\n<p><strong>Wer vom 09.01.2022 bis zum\n15.02.2022 das Startgeld  f\u00fcr 15 Tauben einzahlt (2400), kann\nzus\u00e4tzlich 5 Freitauben mitschicken! Zusammen 20 Tauben<\/strong><\/p>\n\n\n\n<p><strong>Wer vom 09.01.2022 bis zum\n15.02.2022 das Startgeld  f\u00fcr 20 Tauben einzahlt (3200), kann\nzus\u00e4tzlich 10 Freitauben mitschicken! Zusammen 30 Tauben<\/strong><\/p>\n","protected":false},"excerpt":{"rendered":"<p>Ausschreibung zum 13. Teutoburgerwaldtaubenrennen 16. September 2022: Fr\u00fcheinzahlerbonus 1 und 2 (Abk\u00fcrzung:FEB1 und FEB2) beachten; FEB1 geht vom 01.01.2022 bis sp\u00e4testens zum 08.Januar 2022 Achtung: FEB1:Wer vom 01.01.2022 bis zum 08.01.2022 das Startgeld f\u00fcr 5 Tauben einzahlt, kann zus\u00e4tzlich 2 &hellip; <a href=\"https:\/\/taubenrennen.baiv.de\/?page_id=2812\">Weiterlesen <span class=\"meta-nav\">&rarr;<\/span><\/a><\/p>\n","protected":false},"author":1,"featured_media":0,"parent":2972,"menu_order":0,"comment_status":"closed","ping_status":"closed","template":"","meta":{"footnotes":"","_links_to":"","_links_to_target":""},"class_list":["post-2812","page","type-page","status-publish","hentry"],"_links":{"self":[{"href":"https:\/\/taubenrennen.baiv.de\/index.php?rest_route=\/wp\/v2\/pages\/2812","targetHints":{"allow":["GET"]}}],"collection":[{"href":"https:\/\/taubenrennen.baiv.de\/index.php?rest_route=\/wp\/v2\/pages"}],"about":[{"href":"https:\/\/taubenrennen.baiv.de\/index.php?rest_route=\/wp\/v2\/types\/page"}],"author":[{"embeddable":true,"href":"https:\/\/taubenrennen.baiv.de\/index.php?rest_route=\/wp\/v2\/users\/1"}],"replies":[{"embeddable":true,"href":"https:\/\/taubenrennen.baiv.de\/index.php?rest_route=%2Fwp%2Fv2%2Fcomments&post=2812"}],"version-history":[{"count":1,"href":"https:\/\/taubenrennen.baiv.de\/index.php?rest_route=\/wp\/v2\/pages\/2812\/revisions"}],"predecessor-version":[{"id":2813,"href":"https:\/\/taubenrennen.baiv.de\/index.php?rest_route=\/wp\/v2\/pages\/2812\/revisions\/2813"}],"up":[{"embeddable":true,"href":"https:\/\/taubenrennen.baiv.de\/index.php?rest_route=\/wp\/v2\/pages\/2972"}],"wp:attachment":[{"href":"https:\/\/taubenrennen.baiv.de\/index.php?rest_route=%2Fwp%2Fv2%2Fmedia&parent=2812"}],"curies":[{"name":"wp","href":"https:\/\/api.w.org\/{rel}","templated":true}]}}