{"id":2814,"date":"2021-10-22T09:59:05","date_gmt":"2021-10-22T08:59:05","guid":{"rendered":"http:\/\/taubenrennen.baiv.de\/?page_id=2814"},"modified":"2023-09-08T08:24:25","modified_gmt":"2023-09-08T07:24:25","slug":"anmeldung-zum-13-teutoburgerwaldtaubenrennen-am-16-09-2022","status":"publish","type":"page","link":"https:\/\/taubenrennen.baiv.de\/?page_id=2814","title":{"rendered":"Anmeldung zum 13. Teutoburgerwaldtaubenrennen am 16.09.2022!"},"content":{"rendered":"\n<p>Veranstalter:\nChristoph Gr\u00f6ne, Dr\u00f6per Mark 2, 49124 Georgsmarienh\u00fctte Tel:\n05401-368650 oder 0170-9653730 sowie per mail <a href=\"mailto:chris.groene@osnanet.de\">chris.groene@osnanet.de<\/a>\n oder fax 05401-368649<\/p>\n\n\n\n<p><a href=\"http:\/\/www.teutoburgerwaldtaubenrennen.de\/\">www.teutoburgerwaldtaubenrennen.de<\/a><\/p>\n\n\n\n<p><strong>Anmeldung zum 13.\nTeutoburgerwaldtaubenrennen 2022<\/strong>:<\/p>\n\n\n\n<p>Hiermit melde ich ____ bezahlte Tauben\nan. FEB 1:________bzahlte Tauben!<\/p>\n\n\n\n<p>FEB2:_____bezahlte Tauben<\/p>\n\n\n\n<p>Den Betrag von _______ Euro entrichte\nich bei Anlieferung in bar________ oder \u00fcberweise ihn auf folgendes\nKonto: Christoph Gr\u00f6ne, Ktnr 7307366, BLZ 26550105 Sparkasse\nOsnabr\u00fcck<\/p>\n\n\n\n<p>Sparkasse Osnabr\u00fcck <br \/>Christoph\nGr\u00f6ne<\/p>\n\n\n\n<p>\nIBAN:\nDE07 2655 0105 0007 3073 66<\/p>\n\n\n\n<p>\nBIC:\nNOLADE22XXX<\/p>\n\n\n\n<p>Adresse und Teamname\n___________________________________________________________<\/p>\n\n\n\n<p>Kontaktdaten: email\ntel_____________________________________________________________<\/p>\n\n\n\n<p>Bankverbindung:____________________________________________________________________<\/p>\n\n\n\n<p><strong>Wir danken allen Sponsoren und\nHelfern, die das Teutoburgerwaldtaubenrennen mit unterst\u00fctzen! <\/strong>\n<\/p>\n\n\n\n<p><strong>Futter \u00fcber Beyer`s Familie Pahnke<\/strong><\/p>\n\n\n\n<p><strong>MIFUMA (Futter)<\/strong><\/p>\n\n\n\n<p><strong>Bony Farma<\/strong><\/p>\n\n\n\n<p><strong>De Weerd<\/strong><\/p>\n\n\n\n<p><strong>Backs<\/strong><\/p>\n\n\n\n<p><strong>Spinnes<\/strong><\/p>\n\n\n\n<p><strong>Teekontor<\/strong><\/p>\n\n\n\n<p><strong>Klaus Gritsteine<\/strong><\/p>\n\n\n\n<p><strong>Auktionshaus\nwww.tauben-versteigerung.de<\/strong><\/p>\n","protected":false},"excerpt":{"rendered":"<p>Veranstalter: Christoph Gr\u00f6ne, Dr\u00f6per Mark 2, 49124 Georgsmarienh\u00fctte Tel: 05401-368650 oder 0170-9653730 sowie per mail chris.groene@osnanet.de oder fax 05401-368649 www.teutoburgerwaldtaubenrennen.de Anmeldung zum 13. Teutoburgerwaldtaubenrennen 2022: Hiermit melde ich ____ bezahlte Tauben an. FEB 1:________bzahlte Tauben! FEB2:_____bezahlte Tauben Den Betrag von &hellip; <a href=\"https:\/\/taubenrennen.baiv.de\/?page_id=2814\">Weiterlesen <span class=\"meta-nav\">&rarr;<\/span><\/a><\/p>\n","protected":false},"author":1,"featured_media":0,"parent":2972,"menu_order":0,"comment_status":"closed","ping_status":"closed","template":"","meta":{"footnotes":"","_links_to":"","_links_to_target":""},"class_list":["post-2814","page","type-page","status-publish","hentry"],"_links":{"self":[{"href":"https:\/\/taubenrennen.baiv.de\/index.php?rest_route=\/wp\/v2\/pages\/2814","targetHints":{"allow":["GET"]}}],"collection":[{"href":"https:\/\/taubenrennen.baiv.de\/index.php?rest_route=\/wp\/v2\/pages"}],"about":[{"href":"https:\/\/taubenrennen.baiv.de\/index.php?rest_route=\/wp\/v2\/types\/page"}],"author":[{"embeddable":true,"href":"https:\/\/taubenrennen.baiv.de\/index.php?rest_route=\/wp\/v2\/users\/1"}],"replies":[{"embeddable":true,"href":"https:\/\/taubenrennen.baiv.de\/index.php?rest_route=%2Fwp%2Fv2%2Fcomments&post=2814"}],"version-history":[{"count":1,"href":"https:\/\/taubenrennen.baiv.de\/index.php?rest_route=\/wp\/v2\/pages\/2814\/revisions"}],"predecessor-version":[{"id":2815,"href":"https:\/\/taubenrennen.baiv.de\/index.php?rest_route=\/wp\/v2\/pages\/2814\/revisions\/2815"}],"up":[{"embeddable":true,"href":"https:\/\/taubenrennen.baiv.de\/index.php?rest_route=\/wp\/v2\/pages\/2972"}],"wp:attachment":[{"href":"https:\/\/taubenrennen.baiv.de\/index.php?rest_route=%2Fwp%2Fv2%2Fmedia&parent=2814"}],"curies":[{"name":"wp","href":"https:\/\/api.w.org\/{rel}","templated":true}]}}