{"id":3197,"date":"2024-09-04T14:16:15","date_gmt":"2024-09-04T13:16:15","guid":{"rendered":"http:\/\/taubenrennen.baiv.de\/?page_id=3197"},"modified":"2025-04-10T11:41:38","modified_gmt":"2025-04-10T10:41:38","slug":"asstaubenwertung-2024-nach-drei-preisfluegen-es-fuehrt-eine-taube-vom-team-erdmann-dr-mildner","status":"publish","type":"page","link":"https:\/\/taubenrennen.baiv.de\/?page_id=3197","title":{"rendered":"Asstaubenwertung 2024 nach drei Preisfl\u00fcgen! Es f\u00fchrt eine Taube vom Team Erdmann \/ Dr. Mildner"},"content":{"rendered":"\n<p>Es gibt 48 Tauben, die nach drei Preisfl\u00fcgen 3 Preise haben! Es f\u00fchrt eine Taube vom Team Erdmann \/ Dr. Mildner, die in dieser Konstellation das erste Mal teilnehmen! Wir w\u00fcnschen allen weiter Gut Flug f\u00fcr das Finale! Platzierungen der Fl\u00fcge addiert und dann niedrigster Koeffizient!<\/p>\n\n\n\n<p>Teutoburgerwald Taubenrennen 2024<br \/>Asstauben<br \/>Stand 03.09.2024<br \/>nach 3. Preisflug<br \/>Rang Z\u00fcchter Taubennummer Preisflug 1 Preisflug 2 Preisflug 3 Gesamt<br \/>1 Team Erdmann \/ Dr. Mildner 09302-24-86 11 10 38 59<br \/>2 Aedtner, Jens &amp; Carina 0415-24-131 49 78 2 129<br \/>3 SG Koch R\u00fcsing 08820-24-97 83 7 51 141<br \/>4 Team Essemessix 05129-24-461 84 15 49 148<br \/>5 Team De Luxe 07773-24-40 18 46 99 163<br \/>6 Team 1933 04543-24-674 32 34 102 168<br \/>7 Team Auf zur Delme 07513-24-511 116 56 1 173<br \/>7 Team De Luxe 07773-24-277 21 57 95 173<br \/>8 Combinate Lin Y. NL-24-8436691 102 63 24 189<br \/>8 De Mestre, Daniel 08609-24-392 96 68 25 189<br \/>9 Team Bolze Hills 0309-24-414 12 145 41 198<br \/>10 Team Liberty 02238-24-479 33 140 26 199<br \/>12 Team Wolvers van \u0301t Oever NL-24-8436381 90 65 52 207<br \/>13 Team Wolvers Wouters NL-24-8436413 98 52 61 211<br \/>14 Team M\u00fcnsterland 01987-24-22 93 88 34 215<br \/>15 Schubring Siegward &amp;Sabine 0441-24-63 75 1 153 229<br \/>16 Team Klaas-Seib 0507-24-425 54 109 71 234<br \/>17 Team Erdmann \/ Dr. Mildner 09302-24-241 41 124 70 235<br \/>18 Team Brodo 0777-24-39 101 45 93 239<br \/>19 Team Wolvers van \u0301t Oever NL-24-8436360 36 73 137 246<br \/>20 Fenten Heinz &amp; Ute 07479-24-4944 42 75 135 252<br \/>21 Team Vissers-Baris NL-24-8520280 66 49 148 263<br \/>22 SG H+ S(+) +J+P Goebel 02539-24-930 166 89 15 270<br \/>23 SG Koch R\u00fcsing 08820-24-100 238 14 29 281<br \/>24 Team 1933 04543-24-651 40 173 73 286<br \/>25 SG Siebert Dieter &amp; Chen Yue 06723-24-439 159 110 19 288<br \/>26 Team De Luxe 07773-24-114 99 58 151 308<br \/>27 SG R\u00f6hlig \/ Burkowski 03658-24-71 89 51 171 311<br \/>28 Team Mi Ra 07422-24-678 109 95 113 317<br \/>29 Meur Luk NL-24-8437138 129 135 64 328<br \/>30 Team Essemessix 05129-24-444 194 53 96 343<br \/>31 Team Bony Farma NL-24-8544848 1 150 195 346<br \/>32 Zevens, J\u00fcrgen 03805-24-448 113 41 199 353<br \/>33 Team Wolvers van \u0301t Oever NL-24-8436355 167 115 75 357<br \/>34 Wim V.D. Bosch NL-24-8373211 239 37 88 364<br \/>35 Mahlow, Andreas 09639-24-83 72 160 136 368<br \/>36 Team De Luxe 07773-24-244 139 205 27 371<br \/>37 Strauss, Steffen 08510-24-19 192 98 118 408<br \/>38 Team Duisburg 03128-24-549 186 139 84 409<br \/>39 Kaes, Josef 06344-24-112 122 238 53 413<br \/>40 Team De Luxe 07773-24-39 87 166 175 428<br \/>41 Team M\u00f6we 06454-24-156 183 231 33 447<br \/>42 Zevens, J\u00fcrgen 03805-24-427 226 116 108 450<br \/>43 Fenten Heinz &amp; Ute 07479-24-4921 241 74 168 483<br \/>44 Team Ostseefighter 09445-24-445 172 149 165 486<br \/>45 Team De Luxe 07773-24-243 115 207 174 496<br \/>46 Familie S\u00f6llner 02733-24-879 240 146 166 552<br \/>47 SG Theo &amp; Markus Lecke 04087-24-161 205 192 164 561<br \/>48 Team Sylt 2000 Ullrich 09639-24-166 219 226 170 615<\/p>\n","protected":false},"excerpt":{"rendered":"<p>Es gibt 48 Tauben, die nach drei Preisfl\u00fcgen 3 Preise haben! Es f\u00fchrt eine Taube vom Team Erdmann \/ Dr. Mildner, die in dieser Konstellation das erste Mal teilnehmen! Wir w\u00fcnschen allen weiter Gut Flug f\u00fcr das Finale! Platzierungen der &hellip; <a href=\"https:\/\/taubenrennen.baiv.de\/?page_id=3197\">Weiterlesen <span class=\"meta-nav\">&rarr;<\/span><\/a><\/p>\n","protected":false},"author":1,"featured_media":0,"parent":3341,"menu_order":0,"comment_status":"closed","ping_status":"closed","template":"","meta":{"footnotes":"","_links_to":"","_links_to_target":""},"class_list":["post-3197","page","type-page","status-publish","hentry"],"_links":{"self":[{"href":"https:\/\/taubenrennen.baiv.de\/index.php?rest_route=\/wp\/v2\/pages\/3197","targetHints":{"allow":["GET"]}}],"collection":[{"href":"https:\/\/taubenrennen.baiv.de\/index.php?rest_route=\/wp\/v2\/pages"}],"about":[{"href":"https:\/\/taubenrennen.baiv.de\/index.php?rest_route=\/wp\/v2\/types\/page"}],"author":[{"embeddable":true,"href":"https:\/\/taubenrennen.baiv.de\/index.php?rest_route=\/wp\/v2\/users\/1"}],"replies":[{"embeddable":true,"href":"https:\/\/taubenrennen.baiv.de\/index.php?rest_route=%2Fwp%2Fv2%2Fcomments&post=3197"}],"version-history":[{"count":2,"href":"https:\/\/taubenrennen.baiv.de\/index.php?rest_route=\/wp\/v2\/pages\/3197\/revisions"}],"predecessor-version":[{"id":3199,"href":"https:\/\/taubenrennen.baiv.de\/index.php?rest_route=\/wp\/v2\/pages\/3197\/revisions\/3199"}],"up":[{"embeddable":true,"href":"https:\/\/taubenrennen.baiv.de\/index.php?rest_route=\/wp\/v2\/pages\/3341"}],"wp:attachment":[{"href":"https:\/\/taubenrennen.baiv.de\/index.php?rest_route=%2Fwp%2Fv2%2Fmedia&parent=3197"}],"curies":[{"name":"wp","href":"https:\/\/api.w.org\/{rel}","templated":true}]}}