{"id":3232,"date":"2024-10-17T05:24:32","date_gmt":"2024-10-17T04:24:32","guid":{"rendered":"http:\/\/taubenrennen.baiv.de\/?page_id=3232"},"modified":"2024-10-17T05:24:33","modified_gmt":"2024-10-17T04:24:33","slug":"ausschreibung-zum-16-teutoburgerwaldtaubenrennen-am-19-september-2025","status":"publish","type":"page","link":"https:\/\/taubenrennen.baiv.de\/?page_id=3232","title":{"rendered":"Ausschreibung zum 16. Teutoburgerwaldtaubenrennen am 19.September 2025"},"content":{"rendered":"\n<p>Ausschreibung zum <strong>16. Teutoburgerwaldtaubenrennen 19. September 2025<\/strong>: <strong>Fr\u00fcheinzahlerbonus 1 und 2 (Abk\u00fcrzung:FEB1 und FEB2) <\/strong>beachten; FEB1 <strong>geht vom 01.01.2025 bis sp\u00e4testens zum 08.Januar 2025 Achtung: FEB1:Wer vom 01.01.2025 bis zum 08.01.2025 das Startgeld f\u00fcr 5 Tauben einzahlt, kann zus\u00e4tzlich 2 Freitauben mitschicken! FEB2:Wer vom 09.01.2025 bis zum 28.02.2025 das Startgeld f\u00fcr 5 Tauben einzahlt, kann zus\u00e4tzlich 1 Freitaube mitschicken! Bitte erst ab dem 01.01.2025 einzahlen!!!<\/strong><\/p>\n\n\n\n<p>Endflug S\u00fcdost \u00fcber 300 km! Es gibt f\u00fcr jede Taube 5 Gewinnchancen: drei Preisfl\u00fcge, Asstaubenwertung und der Finalflug! <strong>Bei nur 400 bezahlten Tauben gibt es 44000 Euro Preisgeld!<\/strong><\/p>\n\n\n\n<p><strong>Platz 1: 8000 Euro bei 400 bezahlten Tauben (Insgesamt 44000 Euro Preisgeld!)<\/strong>. Bei mehr oder weniger bezahlten Tauben werden die Preisgelder auf den Preisfl\u00fcgen, der Asstaubenwertung und Endflug angepasst! F\u00fcr jede 4 bezahlte Tauben gibt es einen Geldrang im Finale!<\/p>\n\n\n\n<p><strong>Es gibt 100 Geldr\u00e4nge auf<\/strong> <strong>dem Endflug bei 400 bezahlten Tauben!<\/strong><\/p>\n\n\n\n<p>Es werden 55% der Startgeb\u00fchr ausgesch\u00fcttet. Nicht ausgeflogenes Preisgeld wird im kommenden Jahr ausgeflogen!<\/p>\n\n\n\n<p><strong>Eine Taube kostet 200 Euro<\/strong>. Die Startgeb\u00fchr ist sp\u00e4testens bei Anlieferung f\u00e4llig!<\/p>\n\n\n\n<p><strong>Fr\u00fcheinzahlerbonus 1( FEB1):<\/strong><\/p>\n\n\n\n<p><strong>Wer vom 01.01.2025 bis zum 08.01.2025 das Startgeld f\u00fcr 5 Tauben einzahlt (1000 Euro), kann zus\u00e4tzlich 2 Freitauben und bis zu 10 Reservetauben (pro Reservetaube 40 Euro Versorgungskosten) mitschicken! Zusammen 17 Tauben<\/strong><\/p>\n\n\n\n<p><strong>Wer vom 01.01.2025 bis zum 08.01.2025 das Startgeld f\u00fcr 10 Tauben einzahlt (2000), kann zus\u00e4tzlich 5 Freitauben und bis zu 20 Reservetauben (800 Euro) mitschicken! Zusammen 35 Tauben<\/strong><\/p>\n\n\n\n<p><strong>Fr\u00fcheinzahlerbonus 2 (FEB2):<\/strong><\/p>\n\n\n\n<p><strong>Wer vom 09.01.2025 bis zum 28.02.2025 das Startgeld f\u00fcr 5 Tauben einzahlt (1000 Euro), kann zus\u00e4tzlich 1 Freitaube und bis zu 10 Reservetauben (pro Reservetaube 40 Euro Versorgungskosten) mitschicken! Zusammen 16 Tauben<\/strong><\/p>\n\n\n\n<p><strong>Wer vom 09.01.2025 bis zum 28.02.2025 das Startgeld f\u00fcr 10 Tauben einzahlt (2000), kann zus\u00e4tzlich 3 Freitauben und bis zu 20 Reservetauben (800 Euro) mitschicken! Zusammen 33Tauben<\/strong><\/p>\n\n\n\n<p><strong>Achtung jede Reservetaube kostet 40 Euro Versorgung. Sollten die Reservetauben noch im August vor den Preisfl\u00fcgen da sein, m\u00fcssen sie mit 160 Euro vor dem 1. Preisflug aktiviert werden; ansonsten k\u00f6nnen sie von dritten f\u00fcr 200 Euro aktiviert werden! Der Eigent\u00fcmer hat dann keinen Anspruch auf Preisgeld und Versteigerungsanteil!<\/strong><\/p>\n\n\n\n<p><strong>Wer ab dem 30.03.2025 drei bezahlte Tauben anliefert, kann zus\u00e4tzlich bis zu zehn eine Reservetauben mitgeben (600 Euro plus bis zu 400Euro=1000 Euro)<\/strong><\/p>\n\n\n\n<p><strong>Es werden drei Preisfl\u00fcge durchgef\u00fchrt: Platz 1: 400 Euro Platz 2: 300, Platz 3-5: jeweils 200 Euro; Platz 6-10: jeweils 100 Euro (Bei mehr oder weniger Tauben werden die Preisgelder nach oben oder unten angepasst!)<\/strong><\/p>\n\n\n\n<p><strong>Asstaubenwertung (drei Preisfl\u00fcge plus Finalflug): Platz 1: 1000 Euro Platz 2: 400 Euro und Platz 3: 300 Euro; Platz 4-10: jeweils 200 Euro (Bei mehr oder weniger Tauben werden die Preisgelder nach oben oder unten angepasst!)<\/strong><\/p>\n\n\n\n<p><strong>Preisgeld auf dem Endflug: bei mindestens 400 bezahlten Tauben (Bei mehr oder weniger Tauben werden die Preisgelder und R\u00e4nge nach oben oder unten angepasst!)<\/strong><\/p>\n\n\n\n<p>Platz 1: 8000 Euro<\/p>\n\n\n\n<p>Platz 2: 4000 Euro<\/p>\n\n\n\n<p>Platz 3: 2000 Euro<\/p>\n\n\n\n<p>Platz 4-10: jeweils 1000 Euro<\/p>\n\n\n\n<p>Platz 11: 600 Euro<\/p>\n\n\n\n<p>Platz 12-15: 400 Euro<\/p>\n\n\n\n<p>Platz 16-20: 250 Euro<\/p>\n\n\n\n<p>Platz 21-60: 200 Euro<\/p>\n\n\n\n<p>Platz 61-80: 100Euro<\/p>\n\n\n\n<p>Platz 81-100: 100 Euro<\/p>\n\n\n\n<p>Bei 400 bezahlten Tauben gibt es 100 Geldpreise auf dem Endflug! \u00dcber 55% der Startgeb\u00fchr werden ausgesch\u00fcttet!!!!! Bei 500 bezahlten Tauben gibt es f\u00fcr Platz 1 dann 10000 Euro und 125 Geldpreise! Bei 600 bezahlten Tauben gibt es f\u00fcr Platz 1 dann 12000 Euro und 150 Geldpreise! F\u00fcr jede 4 bezahlte Tauben gibt es einen Geldpreis auf dem Endflug! Nicht ausgeflogene Geldpreise werden im darauffolgenden Jahr auf dem Endflug zus\u00e4tzlich ausgeflogen!<\/p>\n\n\n\n<p>F\u00fcr Verluste jedweder Art haftet nicht der Veranstalter. Der Veranstalter kann die gesamte Veranstaltung absagen. Der Rechtsweg ist ausgeschlossen.<\/p>\n\n\n\n<p><strong>Anlieferung der Tauben vom 30.03.2025 bis 31. Mai 2025<\/strong>; in der Eingew\u00f6hnungsphase verloren gegangene Tauben, k\u00f6nnen bis zum 31. Mai 2025 kostenlos ersetzt werden.<\/p>\n\n\n\n<p><strong>Siegerehrung der Sieger vom Teutoburgerwaldtaubenrennen 2024 am Samstag, den 11.10.2025 ab 15.00 Uhr bei Kaffee und Kuchen sowie Gegrilltem im Rahmen eines Z\u00fcchtertreffens! Besichtigung der ersten 50 Preistauben und weiterer ausgew\u00e4hlter Tauben m\u00f6glich!<\/strong><\/p>\n\n\n\n<p>Nach dem Endflug werden die Tauben im Internet <a href=\"http:\/\/www.tauben-versteigerung.de\/\" target=\"_blank\" rel=\"noreferrer noopener\">www.tauben-versteigerung.de<\/a> versteigert: voraussichtlich bis zum 12.10.2025 Sonntagabend ab 18.30 Uhr zeitversetzt auslaufend! Nichtversteigerte Preistauben und Nachpreistauben werden auf der gleichen Plattform bis zum 19.10.2025 versteigert (zeitversetzt auslaufend ab 18.30 Uhr)! Ersteigerte Tauben k\u00f6nnen per Logistik oder pers\u00f6nlich abgeholt werden bzw in Kassel auf dem Taubenmarkt (Transportkostenpauschale von 15 Euro pro Taube bei \u00dcbergabe). Evtl gibt es auch Sammeltransporte!<\/p>\n\n\n\n<p>Nach Abzug der Versteigerungskosten vom Versteigerungsentgelt erh\u00e4lt der Z\u00fcchter bei den Preistauben 50%( ca 40%vom Versteigerungsentgelt)! Bei den Nachpreistauben erh\u00e4lt der Z\u00fcchter ca 35% vom Versteigerungsentgelt! Wenn das Versteigerungsentgelt \u00fcber 500 Euro liegt, erh\u00e4lt der Z\u00fcchter 45%!<\/p>\n\n\n\n<p>Nach der 2. Auktion entfallen die Z\u00fcchteranteile an der Versteigerung!<\/p>\n\n\n\n<p>Nichtversteigerte Tauben k\u00f6nnen f\u00fcr 35 Euro vom Z\u00fcchter zur\u00fcckgekauft werden.<\/p>\n\n\n\n<p><strong>Wer bis zum 05.09.2025 keine Abstammung und Ringkarte eingereicht hat, erh\u00e4lt kein Preisgeld und nur 10% vom Versteigerungsentgelt!!!!<\/strong><\/p>\n\n\n\n<p>Der Rechtsweg ist ausgeschlossen. Gut Flug Ihr\/Euer Christoph Gr\u00f6ne<\/p>\n\n\n\n<p>Veranstalter: Christoph Gr\u00f6ne, Dr\u00f6per Mark 2, 49124 Georgsmarienh\u00fctte Tel: 05401-368650 oder 0170-9653730 sowie per mail <a href=\"mailto:groene.christoph@gmail.com\" target=\"_blank\" rel=\"noreferrer noopener\">groene.christoph@gmail.com<\/a> oder fax 05401-368649<\/p>\n\n\n\n<p><a href=\"http:\/\/www.teutoburgerwaldtaubenrennen.de\/\">www.teutoburgerwaldtaubenrennen.de<\/a><\/p>\n\n\n\n<p>Veranstalter: Christoph Gr\u00f6ne, Dr\u00f6per Mark 2, 49124 Georgsmarienh\u00fctte Tel: 05401-368650 oder 0170-9653730 sowie per mail <a href=\"mailto:groene.christoph@gmail.com\" target=\"_blank\" rel=\"noreferrer noopener\">groene.christoph@gmail.com<\/a> oder fax 05401-368649<\/p>\n\n\n\n<p><a href=\"http:\/\/www.teutoburgerwaldtaubenrennen.de\/\" target=\"_blank\" rel=\"noreferrer noopener\">www.teutoburgerwaldtaubenrennen.de<\/a><\/p>\n\n\n\n<p><strong>Anmeldung zum 16. Teutoburgerwaldtaubenrennen 2025<\/strong>:<\/p>\n\n\n\n<p>Hiermit melde ich ____ bezahlte Tauben an.________Reservetauben mit jeweils 40 Euro Versorgungsgeb\u00fchr!_____Freitauben (FT) bzw ___Startgutscheintauben (GT)<\/p>\n\n\n\n<p>Den Betrag von _______ Euro entrichte ich bei Anlieferung in bar________ oder \u00fcberweise ihn auf folgendes Konto: Christoph Gr\u00f6ne, Ktnr 7307366, BLZ 26550105 Sparkasse Osnabr\u00fcck<\/p>\n\n\n\n<p>Sparkasse Osnabr\u00fcck<br \/>Christoph Gr\u00f6ne<\/p>\n\n\n\n<p>IBAN: DE07 2655 0105 0007 3073 66<\/p>\n\n\n\n<p>BIC: NOLADE22XXX<\/p>\n\n\n\n<p>Adresse und Teamname ___________________________________________________________<\/p>\n\n\n\n<p>Kontaktdaten: email tel_____________________________________________________________<\/p>\n\n\n\n<p>Bankverbindung:____________________________________________________________________<\/p>\n\n\n\n<p><strong>Wir danken allen Sponsoren und Helfern, die das Teutoburgerwaldtaubenrennen mit unterst\u00fctzen!<\/strong><\/p>\n\n\n\n<p><strong>Futter \u00fcber Beyer`s Familie Pahnke<\/strong><\/p>\n\n\n\n<p><strong>MIFUMA (Futter)<\/strong><\/p>\n\n\n\n<p><strong>Bony Farma<\/strong><\/p>\n\n\n\n<p><strong>De Weerd<\/strong><\/p>\n\n\n\n<p><strong>Backs<\/strong><\/p>\n\n\n\n<p><strong>Spinnes<\/strong><\/p>\n\n\n\n<p><strong>Teekontor<\/strong><\/p>\n\n\n\n<p><strong>Klaus Gritsteine<\/strong><\/p>\n\n\n\n<p><strong>Auktionshaus <a href=\"http:\/\/www.tauben-versteigerung.de\/\" target=\"_blank\" rel=\"noreferrer noopener\">www.tauben-versteigerung.de<\/a><\/strong><\/p>\n","protected":false},"excerpt":{"rendered":"<p>Ausschreibung zum 16. Teutoburgerwaldtaubenrennen 19. September 2025: Fr\u00fcheinzahlerbonus 1 und 2 (Abk\u00fcrzung:FEB1 und FEB2) beachten; FEB1 geht vom 01.01.2025 bis sp\u00e4testens zum 08.Januar 2025 Achtung: FEB1:Wer vom 01.01.2025 bis zum 08.01.2025 das Startgeld f\u00fcr 5 Tauben einzahlt, kann zus\u00e4tzlich 2 &hellip; <a href=\"https:\/\/taubenrennen.baiv.de\/?page_id=3232\">Weiterlesen <span class=\"meta-nav\">&rarr;<\/span><\/a><\/p>\n","protected":false},"author":1,"featured_media":0,"parent":0,"menu_order":9,"comment_status":"closed","ping_status":"closed","template":"","meta":{"footnotes":"","_links_to":"","_links_to_target":""},"class_list":["post-3232","page","type-page","status-publish","hentry"],"_links":{"self":[{"href":"https:\/\/taubenrennen.baiv.de\/index.php?rest_route=\/wp\/v2\/pages\/3232","targetHints":{"allow":["GET"]}}],"collection":[{"href":"https:\/\/taubenrennen.baiv.de\/index.php?rest_route=\/wp\/v2\/pages"}],"about":[{"href":"https:\/\/taubenrennen.baiv.de\/index.php?rest_route=\/wp\/v2\/types\/page"}],"author":[{"embeddable":true,"href":"https:\/\/taubenrennen.baiv.de\/index.php?rest_route=\/wp\/v2\/users\/1"}],"replies":[{"embeddable":true,"href":"https:\/\/taubenrennen.baiv.de\/index.php?rest_route=%2Fwp%2Fv2%2Fcomments&post=3232"}],"version-history":[{"count":1,"href":"https:\/\/taubenrennen.baiv.de\/index.php?rest_route=\/wp\/v2\/pages\/3232\/revisions"}],"predecessor-version":[{"id":3233,"href":"https:\/\/taubenrennen.baiv.de\/index.php?rest_route=\/wp\/v2\/pages\/3232\/revisions\/3233"}],"wp:attachment":[{"href":"https:\/\/taubenrennen.baiv.de\/index.php?rest_route=%2Fwp%2Fv2%2Fmedia&parent=3232"}],"curies":[{"name":"wp","href":"https:\/\/api.w.org\/{rel}","templated":true}]}}