{"id":3343,"date":"2025-04-10T12:09:50","date_gmt":"2025-04-10T11:09:50","guid":{"rendered":"http:\/\/taubenrennen.baiv.de\/?page_id=3343"},"modified":"2025-04-10T12:09:51","modified_gmt":"2025-04-10T11:09:51","slug":"trainings-und-preisflugplan-2025","status":"publish","type":"page","link":"https:\/\/taubenrennen.baiv.de\/?page_id=3343","title":{"rendered":"Trainings- und Preisflugplan 2025"},"content":{"rendered":"\n<p><\/p>\n\n\n\n<p>Trainingsplan und Preisflugplan 2025<\/p>\n\n\n\n<p>Je nach Witterung kann davon abgewichen werden sei es zu hei\u00df oder zu regnerisch!<\/p>\n\n\n\n<p>Wir w\u00fcnschen allen Gut Flug!<\/p>\n\n\n\n<p>Ab Ende Juni \u2013 11.07.2024 zwei bis 4mal die Woche Training auf kurzer Entfernung<\/p>\n\n\n\n<p>14.07. und 15.07. 10 km<\/p>\n\n\n\n<p>17.07. oder 18.07. ;21.07.oder 22.07. 14 km Bockhorst<\/p>\n\n\n\n<p>24.07.oder 25.07.;28.07. oder 29.07.; 31.07.oder 01.08. 24 km Greffen<\/p>\n\n\n\n<p>, 04.08.oder05.08. 30km Harsewinkel<\/p>\n\n\n\n<p>07.08. oder 08.08.41 km Rheda-Wiedenbr\u00fcck<\/p>\n\n\n\n<p>11.08. oder 12.08. 51 km Wadersloh<\/p>\n\n\n\n<p>18.08. oder 19.08. 61km Delbr\u00fcck<\/p>\n\n\n\n<p>21.08. 14 km Bockhorst<\/p>\n\n\n\n<p>(zwischen den weiteren Trainingsfl\u00fcgen werden evtl kurze je nach Witterung eingebaut; bei schlechtem Wetter gibt es keine Trainingsfl\u00fcge bzw Verschiebungen)<\/p>\n\n\n\n<p>1. Preisflug 90 km (25.08.; 26.08.. oder 28.08.) Bad W\u00fcnnenberg<\/p>\n\n\n\n<p>2. Preisflug 120 km (01.09., 02.09. oder 04.09.) Berndorf \/Breuna<\/p>\n\n\n\n<p>3. Preisflug 165 (09.09., 11.,12.09.) Schwalmstadt \/ Homberg Efze<\/p>\n\n\n\n<p>Evtl Training 20 km 15.\/16.09.<\/p>\n\n\n\n<p>Finale am 19.09., 20.09. oder 21.09. falls die Witterung es zul\u00e4\u00dft. ca 310-360 km kurzfristige \u00c4nderungen m\u00f6glich, je nach Wetter und Windvorhersage!<\/p>\n\n\n\n<p>Der Veranstalter beh\u00e4lt sich vor, das Finale um ein paar Tage nach vorn oder hinten zu verschieben. \u00c4nderungen witterungsbedingt vorbehalten!<\/p>\n\n\n\n<p>Allen Gut Flug<\/p>\n","protected":false},"excerpt":{"rendered":"<p>Trainingsplan und Preisflugplan 2025 Je nach Witterung kann davon abgewichen werden sei es zu hei\u00df oder zu regnerisch! Wir w\u00fcnschen allen Gut Flug! Ab Ende Juni \u2013 11.07.2024 zwei bis 4mal die Woche Training auf kurzer Entfernung 14.07. und 15.07. &hellip; <a href=\"https:\/\/taubenrennen.baiv.de\/?page_id=3343\">Weiterlesen <span class=\"meta-nav\">&rarr;<\/span><\/a><\/p>\n","protected":false},"author":1,"featured_media":0,"parent":0,"menu_order":0,"comment_status":"closed","ping_status":"closed","template":"","meta":{"footnotes":"","_links_to":"","_links_to_target":""},"class_list":["post-3343","page","type-page","status-publish","hentry"],"_links":{"self":[{"href":"https:\/\/taubenrennen.baiv.de\/index.php?rest_route=\/wp\/v2\/pages\/3343","targetHints":{"allow":["GET"]}}],"collection":[{"href":"https:\/\/taubenrennen.baiv.de\/index.php?rest_route=\/wp\/v2\/pages"}],"about":[{"href":"https:\/\/taubenrennen.baiv.de\/index.php?rest_route=\/wp\/v2\/types\/page"}],"author":[{"embeddable":true,"href":"https:\/\/taubenrennen.baiv.de\/index.php?rest_route=\/wp\/v2\/users\/1"}],"replies":[{"embeddable":true,"href":"https:\/\/taubenrennen.baiv.de\/index.php?rest_route=%2Fwp%2Fv2%2Fcomments&post=3343"}],"version-history":[{"count":1,"href":"https:\/\/taubenrennen.baiv.de\/index.php?rest_route=\/wp\/v2\/pages\/3343\/revisions"}],"predecessor-version":[{"id":3344,"href":"https:\/\/taubenrennen.baiv.de\/index.php?rest_route=\/wp\/v2\/pages\/3343\/revisions\/3344"}],"wp:attachment":[{"href":"https:\/\/taubenrennen.baiv.de\/index.php?rest_route=%2Fwp%2Fv2%2Fmedia&parent=3343"}],"curies":[{"name":"wp","href":"https:\/\/api.w.org\/{rel}","templated":true}]}}