{"id":3436,"date":"2025-11-11T17:22:58","date_gmt":"2025-11-11T16:22:58","guid":{"rendered":"https:\/\/taubenrennen.baiv.de\/?page_id=3436"},"modified":"2025-11-11T17:22:58","modified_gmt":"2025-11-11T16:22:58","slug":"anmeldung-zum-17-teutoburgerwaldtaubenrennen-am-18-09-2026","status":"publish","type":"page","link":"https:\/\/taubenrennen.baiv.de\/?page_id=3436","title":{"rendered":"Anmeldung zum 17. Teutoburgerwaldtaubenrennen am 18.09.2026"},"content":{"rendered":"<p><span style=\"font-size: medium;\"><b>Anmeldung zum 17. Teutoburgerwaldtaubenrennen 2026<\/b>:<\/span><\/p>\n<p><span style=\"font-size: medium;\">Hiermit melde ich ____ bezahlte Tauben an.________Reservetauben mit jeweils 50 Euro Versorgungsgeb\u00fchr!_____Freitauben (FT) bzw ___Startgutscheintauben (GT)<\/span><\/p>\n<p><span style=\"font-size: medium;\">Den Betrag von _______ Euro entrichte ich bei Anlieferung in bar________ oder \u00fcberweise ihn auf folgendes Konto: Christoph Gr\u00f6ne, Ktnr 7307366, BLZ 26550105 Sparkasse Osnabr\u00fcck<\/span><\/p>\n<p><span style=\"font-size: medium;\">Sparkasse Osnabr\u00fcck<br \/>\nChristoph Gr\u00f6ne<\/span><\/p>\n<p><span style=\"color: #666666;\"><span style=\"font-family: sparkasseweb, helvetica, arial, sans-serif;\"><span style=\"font-size: medium;\">IBAN: DE07 2655 0105 0007 3073 66<\/span><\/span><\/span><\/p>\n<p><span style=\"color: #666666;\">\u00a0<\/span><\/p>\n<p><span style=\"color: #666666;\"><span style=\"font-family: sparkasseweb, helvetica, arial, sans-serif;\"><span style=\"font-size: medium;\">BIC: NOLADE22XXX<\/span><\/span><\/span><\/p>\n<p><span style=\"font-size: medium;\">Adresse und Teamname ___________________________________________________________<\/span><\/p>\n<p><span style=\"font-size: medium;\">Kontaktdaten: email tel_____________________________________________________________<\/span><\/p>\n<p><span style=\"font-size: medium;\">Bankverbindung:____________________________________________________________________<\/span><\/p>\n<p><span style=\"font-size: medium;\"><b>Wir danken allen Sponsoren und Helfern, die das Teutoburgerwaldtaubenrennen mit unterst\u00fctzen! <\/b><\/span><\/p>\n<p><span style=\"font-size: medium;\"><b>Futter \u00fcber Beyer`s Familie Pahnke<\/b><\/span><\/p>\n<p><span style=\"font-size: medium;\"><b>MIFUMA (Futter)<\/b><\/span><\/p>\n<p><span style=\"font-size: medium;\"><b>Bony Farma<\/b><\/span><\/p>\n<p><span style=\"font-size: medium;\"><b>De Weerd<\/b><\/span><\/p>\n<p><span style=\"font-size: medium;\"><b>Backs<\/b><\/span><\/p>\n<p><span style=\"font-size: medium;\"><b>Spinnes<\/b><\/span><\/p>\n<p><span style=\"font-size: medium;\"><b>Teekontor<\/b><\/span><\/p>\n<p><span style=\"font-size: medium;\"><b>Klaus Gritsteine<\/b><\/span><\/p>\n<p><span style=\"font-size: medium;\"><b>Auktionshaus <a href=\"http:\/\/www.tauben-versteigerung.de\/\">www.tauben-versteigerung.de<\/a><\/b><\/span><\/p>\n<p><span style=\"font-size: medium;\">Veranstalter: Christoph Gr\u00f6ne, Dr\u00f6per Mark 2, 49124 Georgsmarienh\u00fctte Tel: 05401-368650 oder 0170-9653730 sowie per mail <a href=\"mailto:groene.christoph@gmail.com\" target=\"_blank\" rel=\"noopener\">groene.christoph@gmail.com<\/a> oder fax 05401-368649<\/span><\/p>\n<p><a href=\"http:\/\/www.teutoburgerwaldtaubenrennen.de\/\" target=\"_blank\" rel=\"noopener\"><span style=\"font-size: medium;\"><b>www.teutoburgerwaldtaubenrennen.de<\/b><\/span><\/a><\/p>\n","protected":false},"excerpt":{"rendered":"<p>Anmeldung zum 17. Teutoburgerwaldtaubenrennen 2026: Hiermit melde ich ____ bezahlte Tauben an.________Reservetauben mit jeweils 50 Euro Versorgungsgeb\u00fchr!_____Freitauben (FT) bzw ___Startgutscheintauben (GT) Den Betrag von _______ Euro entrichte ich bei Anlieferung in bar________ oder \u00fcberweise ihn auf folgendes Konto: Christoph Gr\u00f6ne, &hellip; <a href=\"https:\/\/taubenrennen.baiv.de\/?page_id=3436\">Weiterlesen <span class=\"meta-nav\">&rarr;<\/span><\/a><\/p>\n","protected":false},"author":1,"featured_media":0,"parent":0,"menu_order":0,"comment_status":"closed","ping_status":"closed","template":"","meta":{"footnotes":"","_links_to":"","_links_to_target":""},"class_list":["post-3436","page","type-page","status-publish","hentry"],"_links":{"self":[{"href":"https:\/\/taubenrennen.baiv.de\/index.php?rest_route=\/wp\/v2\/pages\/3436","targetHints":{"allow":["GET"]}}],"collection":[{"href":"https:\/\/taubenrennen.baiv.de\/index.php?rest_route=\/wp\/v2\/pages"}],"about":[{"href":"https:\/\/taubenrennen.baiv.de\/index.php?rest_route=\/wp\/v2\/types\/page"}],"author":[{"embeddable":true,"href":"https:\/\/taubenrennen.baiv.de\/index.php?rest_route=\/wp\/v2\/users\/1"}],"replies":[{"embeddable":true,"href":"https:\/\/taubenrennen.baiv.de\/index.php?rest_route=%2Fwp%2Fv2%2Fcomments&post=3436"}],"version-history":[{"count":1,"href":"https:\/\/taubenrennen.baiv.de\/index.php?rest_route=\/wp\/v2\/pages\/3436\/revisions"}],"predecessor-version":[{"id":3437,"href":"https:\/\/taubenrennen.baiv.de\/index.php?rest_route=\/wp\/v2\/pages\/3436\/revisions\/3437"}],"wp:attachment":[{"href":"https:\/\/taubenrennen.baiv.de\/index.php?rest_route=%2Fwp%2Fv2%2Fmedia&parent=3436"}],"curies":[{"name":"wp","href":"https:\/\/api.w.org\/{rel}","templated":true}]}}