{"id":360,"date":"2010-04-11T20:32:41","date_gmt":"2010-04-11T19:32:41","guid":{"rendered":"http:\/\/taubenrennen.baiv.de\/?page_id=360"},"modified":"2011-08-19T22:21:55","modified_gmt":"2011-08-19T21:21:55","slug":"infos-2010","status":"publish","type":"page","link":"https:\/\/taubenrennen.baiv.de\/?page_id=360","title":{"rendered":"Infos 2010"},"content":{"rendered":"<h2>aktuelle Informationen:<\/h2>\n<h2>Einsetzen der Tauben zum Endflug am Samstag den 18.09.2010 ab 18.30. Der Endflug findet am sonntag den 19.09. ab Hammelburg statt! Gemeinsames warten auf das Eintreffen der Tauben am Sonntag ab 11.00 Uhr Dr\u00f6per Mark 2 in 49124 Georgsmarienh\u00fctte. Die Aufla\u00dfleitung macht Heinrich Scheiper; zertifizierter Alufla\u00dfleiter!<\/h2>\n<h2>Die Tauben werden zur Zeit 2-3 mal pro Woche auf kurzen Entfernungen (ein paar km)\u00a0trainiert; w\u00f6chentlich werden aktuelle Bestandslisten hier erscheinen; bis Ende August finden regelm\u00e4\u00dfig\u00a0Trainingsfl\u00fcge bis zu 100 km statt; Im September finden am\u00a0Freitag den 03.09.2010 und am Freitag den 10.09.2010 jeweils bei guter Witterung die Preisfl\u00fcge statt (ca 150 km und ca 220 km); der Endflug findet dann am Sonntag den 19.09.2010 dem 40. Geburtstag der Stadt Georgsmarienh\u00fctte <a href=\"http:\/\/www.georgsmarienhuette.de\/\">www.georgsmarienhuette.de<\/a>\u00a0ab Bamberg ca 330 km S\u00fcdostrichtung statt. Georgsmarienh\u00fctte liegt\u00a010 km s\u00fcdlich von der Stadt Osnabr\u00fcck in Niedersachsen\u00a0an der A 30 und in der N\u00e4he der A1 sowie der A33. Der Flughafen M\u00fcnster\/Osnabr\u00fcck ist ca 30 Autominuten von osnabr\u00fcck entfernt. Mit Bus und Bahn ist Georgsmarienh\u00fctte auch zu erreichen. Weitere Informationen bei den Veranstaltern:\u00a0\u00a0Anschrift: Christoph Gr\u00f6ne, Dr\u00f6per Mark 2, 49124 Georgsmarienh\u00fctte Tel: 05401-368650 oder mobil unter 0170-9653730.<\/h2>\n<p><a href=\"http:\/\/taubenrennen.baiv.de\/wp-content\/uploads\/2010\/05\/Kopie-von-Kopie-von-IMG_2107.JPG\"><img loading=\"lazy\" decoding=\"async\" title=\"Kopie von Kopie von IMG_2107\" src=\"http:\/\/taubenrennen.baiv.de\/wp-content\/uploads\/2010\/05\/Kopie-von-Kopie-von-IMG_2107-300x225.jpg\" alt=\"Kopie von Kopie von IMG_2107\" width=\"300\" height=\"225\" \/><\/a><\/p>\n<p>Erste Impressionen des neu errichteten Taubenschlages f\u00fcr das Teutoburgerwaldtaubenrennen \u2013 Heinz Lunte, B\u00fcrgermeister der Stadt Georgsmarienh\u00fctte, gratuliert den Organisatoren, Christoph Gr\u00f6ne und Johannes Bu\u00dfmann, zur Erstellung dieses Schlages und w\u00fcnscht dem gesamten Team alles Gute!<\/p>\n<p>Auf dem Foto von links nach rechts: Johannes Bu\u00dfmann, Udo Hehmann, Christoph Gr\u00f6ne, BM Heinz Lunte, Clemens Gr\u00f6ne<\/p>\n<p>Der Endflug des 1. Teutoburgerwaldtaubenrennens findet am 19. September, dem 40. Geburtstag der Stadt Georgsmarienh\u00fctte, ab Bamberg statt!<\/p>\n<p>Sind auch Sie beim Rennen dabei!<\/p>\n<h1><img loading=\"lazy\" decoding=\"async\" title=\"taubenrennen\" src=\"http:\/\/taubenrennen.baiv.de\/wp-content\/uploads\/2009\/11\/taubenrennen-1024x682.jpg\" alt=\"taubenrennen\" width=\"730\" height=\"450\" \/><\/h1>\n<h1><strong>Preisrennen:<\/strong><\/h1>\n<h1>19. September 2010<\/h1>\n<p>600 Tauben \/ 150 Preise<\/p>\n<h1>1. Preis 20.000 Euro<\/h1>\n<p>200 Euro pro Taube<br \/>\nEs besteht die M\u00f6glichkeit Tauben f\u00fcr 30 bzw 40 Euro vorzuaktivieren!<\/p>\n<p>Jedermann\/-frau -verein -familie\u00a0 &#8211;\u00a0 also nicht nur Taubenz\u00fcchter &#8211;\u00a0 k\u00f6nnen Tauben aktiveren!!!!<\/p>\n<p>Anlieferung der Tauben: 22.5.-2.6.2010 von 10-18 Uhr oder nach Absprache.<\/p>\n<p>Ansprechpartner:<\/p>\n<p>Johannes Bussmann<br \/>\nTel.: 05401-980053<\/p>\n<p>und<\/p>\n<p>Christoph Gr\u00f6ne<br \/>\nTel.: 05401 368650 (Mo-Fr: 9-10.30 und 21-22.30; Sa-So: 20-21.30)<br \/>\n<a href=\"mailto:chris.groene@osnanet.de\">chris.groene@osnanet.de<\/a><\/p>\n<p>Kontoverbindung:<\/p>\n<p>Christoph Gr\u00f6ne, Sparkasse Osnabr\u00fcck, Ktnr 7307366, BLZ 26550105<\/p>\n<p>From another Country: IBAN: DE 07265501050007307366 BIC-\/SWIFT-Code: NOLADE22XXX<\/p>\n<h2><a href=\"http:\/\/taubenrennen.baiv.de\/wp-content\/uploads\/2009\/11\/flyerteutorennen_Antwort.pdf\">!!!!vorl\u00e4ufige Ausschreibung\/<br \/>\nAnmeldung zum Download mit weiteren Informationen!!!!<\/a><\/h2>\n<p><strong>Christoph Gr\u00f6ne erringt mit seiner Taube 08510-09-1166 am Samstag den 30.01.2010 den 28. Platz beim h\u00f6chstdotierten Taubenrennen der Welt in Sun City in S\u00fcdafrika One Million Dollars Race!!!!<\/strong><\/p>\n<p><strong>\u00a0<\/strong><\/p>\n<p><strong>Johannes Bu\u00dfmann erringt mit seiner Taube auf dem gleichen Rennen den 168. Platz und den 31. Platz beim Rennen in Carnival City am 23.01.2010 ebenfalls in S\u00fcdafrika!<\/strong><\/p>\n<p><strong>\u00a0<\/strong><\/p>\n<p><strong>Beides sind hervorragende Platzierungen! Weitere Infos telef!!!!!!<\/strong><\/p>\n","protected":false},"excerpt":{"rendered":"<p>aktuelle Informationen: Einsetzen der Tauben zum Endflug am Samstag den 18.09.2010 ab 18.30. Der Endflug findet am sonntag den 19.09. ab Hammelburg statt! Gemeinsames warten auf das Eintreffen der Tauben am Sonntag ab 11.00 Uhr Dr\u00f6per Mark 2 in 49124 &hellip; <a href=\"https:\/\/taubenrennen.baiv.de\/?page_id=360\">Weiterlesen <span class=\"meta-nav\">&rarr;<\/span><\/a><\/p>\n","protected":false},"author":1,"featured_media":0,"parent":182,"menu_order":41,"comment_status":"open","ping_status":"closed","template":"","meta":{"footnotes":"","_links_to":"","_links_to_target":""},"class_list":["post-360","page","type-page","status-publish","hentry"],"_links":{"self":[{"href":"https:\/\/taubenrennen.baiv.de\/index.php?rest_route=\/wp\/v2\/pages\/360","targetHints":{"allow":["GET"]}}],"collection":[{"href":"https:\/\/taubenrennen.baiv.de\/index.php?rest_route=\/wp\/v2\/pages"}],"about":[{"href":"https:\/\/taubenrennen.baiv.de\/index.php?rest_route=\/wp\/v2\/types\/page"}],"author":[{"embeddable":true,"href":"https:\/\/taubenrennen.baiv.de\/index.php?rest_route=\/wp\/v2\/users\/1"}],"replies":[{"embeddable":true,"href":"https:\/\/taubenrennen.baiv.de\/index.php?rest_route=%2Fwp%2Fv2%2Fcomments&post=360"}],"version-history":[{"count":3,"href":"https:\/\/taubenrennen.baiv.de\/index.php?rest_route=\/wp\/v2\/pages\/360\/revisions"}],"predecessor-version":[{"id":363,"href":"https:\/\/taubenrennen.baiv.de\/index.php?rest_route=\/wp\/v2\/pages\/360\/revisions\/363"}],"up":[{"embeddable":true,"href":"https:\/\/taubenrennen.baiv.de\/index.php?rest_route=\/wp\/v2\/pages\/182"}],"wp:attachment":[{"href":"https:\/\/taubenrennen.baiv.de\/index.php?rest_route=%2Fwp%2Fv2%2Fmedia&parent=360"}],"curies":[{"name":"wp","href":"https:\/\/api.w.org\/{rel}","templated":true}]}}