{"id":638,"date":"2011-09-01T22:54:49","date_gmt":"2011-09-01T21:54:49","guid":{"rendered":"http:\/\/taubenrennen.baiv.de\/?page_id=638"},"modified":"2011-09-01T22:55:06","modified_gmt":"2011-09-01T21:55:06","slug":"preisgeldverteilung-preisfluge-asstauben-fruheinzahler","status":"publish","type":"page","link":"https:\/\/taubenrennen.baiv.de\/?page_id=638","title":{"rendered":"Preisgeldverteilung Preisfl\u00fcge, AssTauben, Fr\u00fcheinzahler 2011"},"content":{"rendered":"<p>Preisgeldverteilung auf den Preisfl\u00fcgen vor dem Endflug am 18.09.2011 bei folgenden mit 200 Euro bezahlten Taubenzahlen:<br \/>\nAb  100 Tauben      ab 200 Tauben\t ab 300 Tauben\t ab 400 Tauben<br \/>\nJeweils<br \/>\n1. \t200 Euro\t         200 Euro\t         200 Euro\t         200 Euro<br \/>\n2.\t150\t\t150\t\t150\t\t150<br \/>\n3.\t50\t\t100\t\t100\t\t100<br \/>\n4.\t50\t\t50\t\t100\t\t100<br \/>\n5.\t50\t\t50\t\t50\t\t100<br \/>\n6. -10. Der Z\u00fcchter bekommt jeweils einen Gutschein in H\u00f6he von 50 Euro Anlieferungsgeb\u00fchr, wenn er mindestens eine mit 50 Euro im Jahr 2012 anliefert, dann kann er die zweite ohne Anlieferungsgeb\u00fchr anliefern!\t\t\t\t\t\t\t\t\t<\/p>\n<p>Preisgeldverteilung f\u00fcr die ASTaubenwertung (Zu dieser Wertung werden die Asspunkte  der einzelnen Tauben auf  den  Preisfl\u00fcgen und dem Endflug  am 18.09.2011 zusammenaddiert und somit die schnellsten Tauben bestimmt) bei folgenden mit 200 Euro bezahlten Taubenzahlen:<br \/>\nAb  100 Tauben  ab 200 Tauben\t ab 300 Tauben\t ab 400 Tauben<br \/>\n1.\t200 Euro\t300 Euro\t          500 Euro\t          500 Euro<br \/>\n2.\t\t200 Euro\t          300 Euro\t          300 Euro<br \/>\n3.\t\t100 Euro\t          200 Euro    \t 200 Euro\t<\/p>\n<p>Fr\u00fchzeitiger Geldeingang:<br \/>\n1.\tWer den vollen Betrag: 200 Euro \/ Taube bis zum 15.01.2011 \u00fcberweist, dann bekommt derjenige 300 Euro, der von diesen Fr\u00fcheinzahlern die erste Taube hat.<\/p>\n<p>2.\tWer den vollen Betrag: 200 Euro \/ Taube bis zum 15.03.2011 \u00fcberweist, dann bekommt derjenige 200 Euro, der von allen Fr\u00fcheinzahlern (bis zum 15.03.11) die erste Taube hat.<\/p>\n<p>3.\tWer den vollen Betrag: 200 Euro \/ Taube bis zum 01.05.2011 \u00fcberweist, dann bekommt derjenige 150 Euro, der von allen Fr\u00fcheinzahlern (bis zum 01.05.11) die erste Taube hat.<\/p>\n","protected":false},"excerpt":{"rendered":"<p>Preisgeldverteilung auf den Preisfl\u00fcgen vor dem Endflug am 18.09.2011 bei folgenden mit 200 Euro bezahlten Taubenzahlen: Ab 100 Tauben ab 200 Tauben ab 300 Tauben ab 400 Tauben Jeweils 1. 200 Euro 200 Euro 200 Euro 200 Euro 2. 150 &hellip; <a href=\"https:\/\/taubenrennen.baiv.de\/?page_id=638\">Weiterlesen <span class=\"meta-nav\">&rarr;<\/span><\/a><\/p>\n","protected":false},"author":1,"featured_media":0,"parent":445,"menu_order":0,"comment_status":"open","ping_status":"closed","template":"","meta":{"footnotes":"","_links_to":"","_links_to_target":""},"class_list":["post-638","page","type-page","status-publish","hentry"],"_links":{"self":[{"href":"https:\/\/taubenrennen.baiv.de\/index.php?rest_route=\/wp\/v2\/pages\/638","targetHints":{"allow":["GET"]}}],"collection":[{"href":"https:\/\/taubenrennen.baiv.de\/index.php?rest_route=\/wp\/v2\/pages"}],"about":[{"href":"https:\/\/taubenrennen.baiv.de\/index.php?rest_route=\/wp\/v2\/types\/page"}],"author":[{"embeddable":true,"href":"https:\/\/taubenrennen.baiv.de\/index.php?rest_route=\/wp\/v2\/users\/1"}],"replies":[{"embeddable":true,"href":"https:\/\/taubenrennen.baiv.de\/index.php?rest_route=%2Fwp%2Fv2%2Fcomments&post=638"}],"version-history":[{"count":2,"href":"https:\/\/taubenrennen.baiv.de\/index.php?rest_route=\/wp\/v2\/pages\/638\/revisions"}],"predecessor-version":[{"id":640,"href":"https:\/\/taubenrennen.baiv.de\/index.php?rest_route=\/wp\/v2\/pages\/638\/revisions\/640"}],"up":[{"embeddable":true,"href":"https:\/\/taubenrennen.baiv.de\/index.php?rest_route=\/wp\/v2\/pages\/445"}],"wp:attachment":[{"href":"https:\/\/taubenrennen.baiv.de\/index.php?rest_route=%2Fwp%2Fv2%2Fmedia&parent=638"}],"curies":[{"name":"wp","href":"https:\/\/api.w.org\/{rel}","templated":true}]}}