{"id":64,"date":"2010-07-01T14:47:36","date_gmt":"2010-07-01T13:47:36","guid":{"rendered":"http:\/\/taubenrennen.baiv.de\/?page_id=64"},"modified":"2011-08-19T22:25:27","modified_gmt":"2011-08-19T21:25:27","slug":"angelieferte-tauben-teutoburgerwaldtaubenrennen-2010","status":"publish","type":"page","link":"https:\/\/taubenrennen.baiv.de\/?page_id=64","title":{"rendered":"Angelieferte Tauben: Rennen 2010"},"content":{"rendered":"<p>Angelieferte Tauben Teutoburgerwaldtaubenrennen 2010:<\/p>\n<p>Peter und Erna Schacht<br \/>\n08345-10-195<br \/>\n08345-10-245<br \/>\n08345-10-250<br \/>\n08345-10-256<br \/>\n08345-10-257<\/p>\n<p>Peter Fuschera<br \/>\n08345-10-113<br \/>\n08345-10-114<br \/>\n08345-10-181<\/p>\n<p>Altmiks\/Soudy<br \/>\n02694-10-638<br \/>\n02694-10-660<br \/>\n02694-10-664<br \/>\n02694-10-665<br \/>\n02694-10-666<br \/>\n02684-10-667<br \/>\n02694-10-674<br \/>\n02694-10-675<br \/>\n02694-10-677<\/p>\n<p>Blankenauffulland, Wilhelm<br \/>\n03771-10-90<\/p>\n<p>TOPTEAM Buchloh<br \/>\n05986-10-1031<br \/>\n05986-10-1028<br \/>\n05986-10-1038<\/p>\n<p>Casselmann, Albert und Elfriede<br \/>\n01190-10-920<br \/>\n01190-10-932<br \/>\n01190-10-934<\/p>\n<p>Deigner-Sun<br \/>\nChina 2010-02-245564<br \/>\nChina 2010-02-245523<br \/>\nChina 2010-02-245545<br \/>\nChina 2010-02-245537<br \/>\nChina 2010-02-245558<\/p>\n<p>Dierks, G\u00fcnter<br \/>\n04236-10-541<br \/>\n04236-10-543<br \/>\n04236-10-555<\/p>\n<p>Ferchen, Willi und Marlies<br \/>\n05536-10-264<br \/>\n05536-10-269<br \/>\n05536-10-260<br \/>\n05536-10-261<br \/>\n05536-10-259<br \/>\n05536-10-254<br \/>\n05536-10-255<br \/>\n05536-10-265<br \/>\n05536-10-252<\/p>\n<p>F\u00fcllbier, Peter<br \/>\n08741-10-722<\/p>\n<p>Gl\u00fcsen<br \/>\n01538-10-452<br \/>\n01538-10-450<br \/>\n01538-10-455<\/p>\n<p>G\u00f6bel HS<br \/>\n0855-10-457<br \/>\n0855-10-409<br \/>\n0855-10-459<br \/>\n0855-10-454<br \/>\n0855-10-263<br \/>\n02539-10-145<\/p>\n<p>Hallmann H.J.<br \/>\n03801-10-281<br \/>\n03801-10-296<br \/>\n03801-10-297<\/p>\n<p>Hansen, Heinz<br \/>\n07648-10-55<br \/>\n07648-10-51<\/p>\n<p>Hartk\u00e4mper<br \/>\n07639-10-214<br \/>\n07639-10-151<\/p>\n<p>Hemann, Ottmar<br \/>\n03214-10-338<\/p>\n<p>Hogg, Alistair<br \/>\nSU 10 3024 CA<br \/>\nSU 10 3011 CA<br \/>\nSU 10 3030 CA<br \/>\nSU 10 3103 CA<br \/>\nSU 10 3068 CA<br \/>\nSU 10 3044 CA<br \/>\nHoldorf Gerd<br \/>\n01966-10-783<br \/>\n01966-10-781<\/p>\n<p>SG Jasper, Vieten, Korte<br \/>\n01494-10-553<br \/>\n01494-10-531<br \/>\n01494-10-560<\/p>\n<p>Kegelclub Hei wackelt<br \/>\n06784-10-2855<\/p>\n<p>Keller, Hubert<br \/>\n07847-10-393<\/p>\n<p>Klaas, Alfons<br \/>\n0507-10-895<br \/>\n0507-10-1129<br \/>\n0507-10-795<\/p>\n<p>Kleser Eddie<br \/>\n03801-10-283<br \/>\n03801-10-284<br \/>\n03801-10-289<\/p>\n<p>Kr\u00f6ger,\u00a0 Bernd<br \/>\n0135-10-778<br \/>\n0135-10-779<\/p>\n<p>K\u00fcpper, Robert<br \/>\n06628-10-535<br \/>\n06628-10-538<br \/>\n06628-10-536<br \/>\n06628-10-541<br \/>\n06628-10-445<\/p>\n<p>Lang, Karl Heinz<br \/>\n08596-10-2099<br \/>\n08596-10-2063<br \/>\n08596-10-2150<br \/>\n08596-10-2182<\/p>\n<p>Marien, Rainer und Raiko<br \/>\n09683-10-463<br \/>\n09683-10-451<br \/>\n09683-10-462<\/p>\n<p>Mayer, Siegfried<br \/>\n0435-10-497<br \/>\n0435-10-495<br \/>\n0435-10-569<\/p>\n<p>M\u00f6dder, Manfred<br \/>\n08726-10-206<br \/>\n08726-10-192<br \/>\n08726-10-195<br \/>\n08726-10-210<\/p>\n<p>Osteerennen.de Gerrits<br \/>\n04657-10-727<br \/>\n04657-10-729<br \/>\n04657-10-726<\/p>\n<p>Paetsch, Manfred<br \/>\n08510-10-500<\/p>\n<p>Pahnke, Erhard<br \/>\n04976-10-650<br \/>\n03273-10-676<br \/>\n04976-10-665<\/p>\n<p>04976-10-654<br \/>\n93273-10-680<br \/>\n03273-10-671<\/p>\n<p>04976-10-669<br \/>\n04976-10-649<br \/>\n03273-10-553<\/p>\n<p>Peitzmeier, Adolf<br \/>\n0507-10-367<br \/>\n0507-10-373<br \/>\n0507-10-368<\/p>\n<p>Placke, Johannes<br \/>\n07847-10-392<\/p>\n<p>Reese, Friedhelm<br \/>\n07207-10-93<\/p>\n<p>Rehm, Wilhelm und Jens, Kramer<br \/>\n04236-10-809<br \/>\n07911-10-278<\/p>\n<p>Rottmann, Josef<br \/>\n06784-10-2852<br \/>\n06784-10-2854<br \/>\n03214-10-336<br \/>\n03214-10-332<br \/>\n03214-10-335<\/p>\n<p>Sauert, Harald<br \/>\n080-10-296<br \/>\n080-10-298<\/p>\n<p>Schlenk, Walter<br \/>\n05425-10-115<br \/>\n05425-10-118<br \/>\n05425-10-110<\/p>\n<p>Schnackenberg, Hinrich<br \/>\n08173-10-775<\/p>\n<p>Schone, Volker<br \/>\n08009-10-584<br \/>\n08009-10-582<br \/>\n08009-10-585<\/p>\n<p>Schoppmeyer, Reinhold<br \/>\n06784-10-2853<\/p>\n<p>Schweers, Hermann<br \/>\n0667-10-422<br \/>\n0667-10-423<br \/>\n0667-10-434<\/p>\n<p>Siekmann, Heiko<br \/>\n06332-10-791<br \/>\n06332-10-779<br \/>\n06332-10-792<br \/>\n06332-10-787<\/p>\n<p>Team Aichazandt<br \/>\n03485-10-1070<br \/>\n08382-10-658<br \/>\n05308-10-1115<br \/>\n05057-10-110<\/p>\n<p>Team Allg\u00e4uer-Jungtaubenderby Kaiser, Dietmar<br \/>\n02741-10-658<br \/>\n02741-10-646<\/p>\n<p>Team Amazone<br \/>\n01866-10-531<br \/>\n06784-10-2879<\/p>\n<p>Team Ali<br \/>\n08510-10-455<br \/>\n08510-10-454<br \/>\n08510-10-449<\/p>\n<p>Team www.as-finanz.de<br \/>\n06784-10-2282<br \/>\n06784-10-2298<br \/>\n06784-10-2281<br \/>\n06784-10-2287<br \/>\n06784-10-2285<br \/>\n08510-10-396<br \/>\n08510-10-371<br \/>\n08510-10-299<br \/>\n08510-10-383<br \/>\n08510-10-379<\/p>\n<p>Team Dressurpferde<br \/>\n08510-10-517<br \/>\n08510-10-518<br \/>\n08510-10-519<br \/>\n08510-10-520<br \/>\n08510-10-525<br \/>\n08510-10-526<br \/>\n08510-10-524<br \/>\n08510-10-516<\/p>\n<p>TEAM Eggebote<br \/>\n01170-10-634<br \/>\n01170-10-1007<br \/>\n01170-10-1009<\/p>\n<p>Team Fortuna Oesede<br \/>\n08510-10-501<br \/>\n08510-10-551<br \/>\n08510-10-41<\/p>\n<p>Team Kegelclub Waldwinkel<br \/>\n06784-10-2839<\/p>\n<p>Team Leimbrink<br \/>\n08510-10-598<br \/>\n08510-10-601<\/p>\n<p>Team M\u00fcnsterland-Derby Wilken, Leo<br \/>\n02238-10-416<br \/>\n02238-10-549<br \/>\n01038-10-297<br \/>\n01038-10-299<\/p>\n<p>Team Nord S\u00fcd<br \/>\n08173-10-773<\/p>\n<p>Team Oesede S\u00fcd<br \/>\n08510-10-140<br \/>\n08510-10-143<br \/>\n08510-10-145<br \/>\n08510-10-223<br \/>\nTeam RGWM<br \/>\n02301-10-381<br \/>\n02301-10-385<br \/>\n02301-10-386<br \/>\n02301-10-387<br \/>\n02301-10-388<br \/>\n02301-10-389<br \/>\n02301-10-390<br \/>\n02301-10-391<br \/>\n02301-10-392<br \/>\n02301-10-393<br \/>\n02301-10-394<br \/>\n02301-10-395<br \/>\n02301-10-396<br \/>\n02301-10-397<br \/>\n02301-10-398<\/p>\n<p>Team Saak<br \/>\n06310-10-66<br \/>\n06310-10-99<br \/>\n06310-10-114<\/p>\n<p>Team Schalke<br \/>\n06956-10-517<br \/>\n03911-10-387<br \/>\n03911-10-1244<\/p>\n<p>Team www.schaumburg-rennen.de Plenert, J\u00f6rg<br \/>\n08852-10-128<br \/>\n08852-10-151<br \/>\n08852-10-159<br \/>\n08852-10-170<\/p>\n<p>Team www.schausteller-Waldmann.de<br \/>\n08510-10-408<br \/>\n08510-10-314<\/p>\n<p>Team Scholz und Holzgrefe<br \/>\n0144-10-102<br \/>\n0144-10-105<br \/>\n0144-10-172<\/p>\n<p>Team G. Schulze<br \/>\n07603-10-681<br \/>\n07603-10-847<br \/>\n07603-10-849<\/p>\n<p>Team Sharon<br \/>\n08510-10-148<\/p>\n<p>Team Stagge<br \/>\n05298-10-1323<br \/>\n05298-10-1329<br \/>\n05298-10-1757<\/p>\n<p>Team Sylt 2000<br \/>\n06278-10-321 Fleschenberg\/Wolter<br \/>\n03585-10-108 Heun\/Makowski<br \/>\n03585-10-116 Heun\/Makowski<br \/>\n05536-10-257 Ferchen, Willi u Marlies<br \/>\n05536-10-263 Ferchen, Willi u Marlies<br \/>\n05536-10-266 Ferchen, Willi u Marlies<br \/>\n02694-10-658 Altmiks\/Soudy<br \/>\n02694-10-661 Altmiks\/Soudy<br \/>\n02694-10-676 Altmiks\/Soudy<br \/>\n03911-10-28 Wienekamp, Hermann<br \/>\n03911-10-38 Wienekamp, Hermann<br \/>\n0334-10-125 G\u00f6bel-Varney<br \/>\n0334-10-126 G\u00f6bel-Varney<br \/>\n04236-10-807 Rehm, Wilhelm und Jens<br \/>\n07648-10-123 Hansen, Heinz<br \/>\n04963-10-68 Schwarzkopf<br \/>\n04963-10-67 Schwarzkopf<br \/>\n08173-10-771 Schnackenberg, Hinrich<br \/>\n04657-10-728 Gerrits, Harry<\/p>\n<p>Team Tanicciari<br \/>\n08592-10-934<br \/>\n08592-10-1006<br \/>\n08592-10-1007<br \/>\n08592-10-1010<br \/>\n08592-10-1015<br \/>\n08592-10-1016<br \/>\n08592-10-1020<br \/>\n08592-10-1022<br \/>\n08592-10-1023<br \/>\n08592-10-1024<br \/>\n08592-10-1025<br \/>\n08592-10-1026<br \/>\n08592-10-1027<br \/>\n08592-10-1028<br \/>\n08592-10-1030<br \/>\n08592-10-1042<\/p>\n<p>Team www.Taubenschlag-Blockhaus.de<br \/>\n07194-10-218<br \/>\n07194-10-222<br \/>\n07194-10-223<\/p>\n<p>Team XXL<br \/>\n08510-10-372<br \/>\n08510-10-300<br \/>\n08510-10-393<\/p>\n<p>Thun, Walter<br \/>\n01455-10-445<br \/>\n01455-10-449<\/p>\n<p>Trautmann<br \/>\n02415-10-261<br \/>\n02415-10-265<br \/>\n02415-10-259<br \/>\n02415-10-262<\/p>\n<p>V\u00f6lkel, Eckehard<br \/>\n03285-10-26<br \/>\n03285-10-8<\/p>\n<p>Waldow, Werner und Thiel, Silvia<br \/>\n04858-10-1394<br \/>\n04858-10-1376<br \/>\n04858-10-1575<br \/>\n04858-10-1579<br \/>\n04858-10-1580<br \/>\n04858-10-1585<\/p>\n<p>Wienekamp Hermann<br \/>\n03911-10-41<br \/>\n03911-10-47<br \/>\n03911-10-49<\/p>\n<p>SG Winter, Helmut und J\u00fcrgen<br \/>\n07499-10-572<br \/>\n07499-10-571<\/p>\n<p>Witte, Udo<br \/>\n05271-10-1463<br \/>\n05271-10-1897<br \/>\n05271-10-1898<\/p>\n<p>Team Georgsmarienh\u00fctte (bis zu zehn Tauben)(max 40 Anteile zu 50 Euro; Taubenz\u00fcchter und Nichttaubenz\u00fcchter k\u00f6nnen sich daran beteiligen) Wenn Zehn Tauben mit 200 Euro bezahlt sind,\u00a0 also 40 Anteile vergeben sind, gibt es eine Jokertaube umsonst!) Also Mitmachen lohnt sich!<\/p>\n","protected":false},"excerpt":{"rendered":"<p>Angelieferte Tauben Teutoburgerwaldtaubenrennen 2010: Peter und Erna Schacht 08345-10-195 08345-10-245 08345-10-250 08345-10-256 08345-10-257 Peter Fuschera 08345-10-113 08345-10-114 08345-10-181 Altmiks\/Soudy 02694-10-638 02694-10-660 02694-10-664 02694-10-665 02694-10-666 02684-10-667 02694-10-674 02694-10-675 02694-10-677 Blankenauffulland, Wilhelm 03771-10-90 TOPTEAM Buchloh 05986-10-1031 05986-10-1028 05986-10-1038 Casselmann, Albert und Elfriede &hellip; <a href=\"https:\/\/taubenrennen.baiv.de\/?page_id=64\">Weiterlesen <span class=\"meta-nav\">&rarr;<\/span><\/a><\/p>\n","protected":false},"author":1,"featured_media":0,"parent":182,"menu_order":39,"comment_status":"open","ping_status":"closed","template":"","meta":{"footnotes":"","_links_to":"","_links_to_target":""},"class_list":["post-64","page","type-page","status-publish","hentry"],"_links":{"self":[{"href":"https:\/\/taubenrennen.baiv.de\/index.php?rest_route=\/wp\/v2\/pages\/64","targetHints":{"allow":["GET"]}}],"collection":[{"href":"https:\/\/taubenrennen.baiv.de\/index.php?rest_route=\/wp\/v2\/pages"}],"about":[{"href":"https:\/\/taubenrennen.baiv.de\/index.php?rest_route=\/wp\/v2\/types\/page"}],"author":[{"embeddable":true,"href":"https:\/\/taubenrennen.baiv.de\/index.php?rest_route=\/wp\/v2\/users\/1"}],"replies":[{"embeddable":true,"href":"https:\/\/taubenrennen.baiv.de\/index.php?rest_route=%2Fwp%2Fv2%2Fcomments&post=64"}],"version-history":[{"count":9,"href":"https:\/\/taubenrennen.baiv.de\/index.php?rest_route=\/wp\/v2\/pages\/64\/revisions"}],"predecessor-version":[{"id":583,"href":"https:\/\/taubenrennen.baiv.de\/index.php?rest_route=\/wp\/v2\/pages\/64\/revisions\/583"}],"up":[{"embeddable":true,"href":"https:\/\/taubenrennen.baiv.de\/index.php?rest_route=\/wp\/v2\/pages\/182"}],"wp:attachment":[{"href":"https:\/\/taubenrennen.baiv.de\/index.php?rest_route=%2Fwp%2Fv2%2Fmedia&parent=64"}],"curies":[{"name":"wp","href":"https:\/\/api.w.org\/{rel}","templated":true}]}}