{"id":841,"date":"2011-10-18T09:29:44","date_gmt":"2011-10-18T08:29:44","guid":{"rendered":"http:\/\/taubenrennen.baiv.de\/?page_id=841"},"modified":"2012-06-29T00:30:07","modified_gmt":"2012-06-28T23:30:07","slug":"liste-der-noch-zu-erwerbenden-tauben","status":"publish","type":"page","link":"https:\/\/taubenrennen.baiv.de\/?page_id=841","title":{"rendered":"Liste der noch zu erwerbenden Tauben:"},"content":{"rendered":"<p>Liste noch zu erwerbender Tauben; Mindestgebot 30 Euro; bei einigen gibt es schon h\u00f6here Gebote: Gebote k\u00f6nnen bis zum 04.11.2011 (Taubenmarkt Kassel) abgegeben werden. Ich werde selbst am sp\u00e4ten Samstagnachmittag und Abend auf der Messe sein; Tauben\u00fcbergabe k\u00f6nnte dort stattfinden. Die K\u00e4ufer sind f\u00fcr die Abholung selbst verantwortlich.<br \/>\nKontaktdaten: Christoph Gr\u00f6ne, Dr\u00f6per Mark 2, 49124 Georgsmarienh\u00fctte<br \/>\nTel: 05401-368650 oder 0170-9653730 fax: 05401-368649 und mail: chris.groene@osnanet.de<br \/>\nAllen Z\u00fcchtern w\u00fcnsche ich auf diesem Wege weiterhin Erfolg bei den k\u00fcnftigen Taubenrennen und in den eigenen regionalen Flugverb\u00e4nden sowie nat\u00fcrlich Gesundheit!<br \/>\nIhr Euer Christoph Gr\u00f6ne<\/p>\n<p>0855-11-1428 Heiko S. G\u00f6bel(K\u00e4fig 43) stammt aus dem &#8222;391&#8220; (aus Bruder &#8222;Sprint&#8220; (22x 1. Konkurs, Olympiataube) Albert Marcelis x &#8222;608&#8220; (2. As-T\u00e4ubin Regionalverband 405)) mit der &#8222;338&#8220; (Schwester zu mehreren As-Tauben; aus Sohn &#8222;Voske 23&#8220; Albert Marcelis) 80 Euro<\/p>\n<p>0855-11-1425 Heiko S. G\u00f6bel(K\u00e4fig 44) stammt aus dem Schimmel &#8222;285&#8220; (Raymond Van den Bruel; mit 9 Tauben 2. nationaler Meister von Belgien in 2005 x ALTE GOEBEL-RASSE) mit der B03-891 (6x 1. Konkurs; Raymond Van den Bruel, Schwester zu Stammvogel &#8222;Donkere 641&#8220;). ACHTUNG: Heinz Neubert aus Lichtenau war bereits 1. NATIONALER J\u00c4HRIGENMEISTER 2008 mit der Nachzucht unserer VAN DEN BRUEL &#8211; Tauben (wir haben den gesamten van den Bruel &#8211; Bestand im Winter 2006\/2007 aufgekauft). In 2011 hat Heinz Neubert wahrscheinlich die 1. NATIONALE AS-T\u00c4UBIN von DEUTSCHLAND. Sie stammt aus unserer Van den Bruel &#8211; Linie. In ihrer Abstammung u.a. der &#8222;Donkere 641&#8220; und die &#8222;B892&#8220;, die Nestschwester der &#8222;B891&#8220; &#8211; siehe oben!!! Die Va\u00b4n den Bruel &#8211; Tauben sind \u00fcberwiegend Huyskens-Van riel mit etwas Janssen. 100 Euro<\/p>\n<p>0855-11-1433 Heiko S. G\u00f6bel: stammt aus dem &#8222;418&#8220; (Sohn &#8222;Piranha&#8220; (bei uns 2x 1. Konkurs; aus Sohn &#8222;Blauwe Winterjonge Gebr. Janssen) x Tochter &#8222;Chantilie&#8220; (orig. Gebr. J anssen) mit der &#8222;119&#8220; (Huyskens-Van Riel x ALTE GOEBEL-RASSE). &#8222;119&#8220; ist unsere betse Zuchtt\u00e4ubin; Nachzucht fliegt \u00fcber ein dutzend 1. Konkurse; ein Jungtier aus &#8222;119&#8220; gewinnt beim Eijerkamp-China-Rennen 2009 gegen mehr als 6.000 Tauben 10.000 \u20ac.<br \/>\nDie Schwester der &#8222;119&#8220; ist die Stammt\u00e4ubin bei Bott-Josefowicz, Worms, mehrfach 1. Regionalverbandsmeister! 80 Euro<\/p>\n<p>07773-11-66 gehscheck Vogel Andre Blome Vorgebot 50 Euro<\/p>\n<p>08382-11-59 Team Aichazandt<\/p>\n<p>08345-11-414 Peter und Erna Schacht<\/p>\n<p>06021-11-513 Reckermann, Hubert<\/p>\n<p>05308-11-140 Team Aichazandt<\/p>\n<p>08382-11-58 Team Aichazandt<\/p>\n<p>0643-11-1557 Team Bertlich<\/p>\n<p>03585-11-441 Team Sylt 2000 Heun\/Makowski<\/p>\n<p>0334-11-105 Team Sylt 2000 Goebel-Varney<\/p>\n<p>0435-11-266 Mayer, Siegfried<\/p>\n<p>03485-11-1423 Team Aichazandt<\/p>\n<p>03417-11-93 Sch\u00f6nrock, Holger<\/p>\n<p>0435-11-449 Mayer, Siegfried<\/p>\n<p>0435-11-430 Mayer, Siegfried<\/p>\n<p>0334-11-47 Team Sylt 2000 Goebel-Varney<\/p>\n<p>05950-11-733 Toni Deigner<\/p>\n<p>0435-11-425 Team Herman und Marius<\/p>\n<p>0777-11-50 Team Brodo (Brocksch Hirsch)<\/p>\n<p>0777-11-55 Team BRODO (Brocksch Hirsch)<\/p>\n<p>Nicht verkaufte Tiere werden dann wahrscheinlich vom Veranstalter weiter genutzt!<\/p>\n","protected":false},"excerpt":{"rendered":"<p>Liste noch zu erwerbender Tauben; Mindestgebot 30 Euro; bei einigen gibt es schon h\u00f6here Gebote: Gebote k\u00f6nnen bis zum 04.11.2011 (Taubenmarkt Kassel) abgegeben werden. Ich werde selbst am sp\u00e4ten Samstagnachmittag und Abend auf der Messe sein; Tauben\u00fcbergabe k\u00f6nnte dort stattfinden. &hellip; <a href=\"https:\/\/taubenrennen.baiv.de\/?page_id=841\">Weiterlesen <span class=\"meta-nav\">&rarr;<\/span><\/a><\/p>\n","protected":false},"author":1,"featured_media":0,"parent":445,"menu_order":0,"comment_status":"open","ping_status":"closed","template":"","meta":{"footnotes":"","_links_to":"","_links_to_target":""},"class_list":["post-841","page","type-page","status-publish","hentry"],"_links":{"self":[{"href":"https:\/\/taubenrennen.baiv.de\/index.php?rest_route=\/wp\/v2\/pages\/841","targetHints":{"allow":["GET"]}}],"collection":[{"href":"https:\/\/taubenrennen.baiv.de\/index.php?rest_route=\/wp\/v2\/pages"}],"about":[{"href":"https:\/\/taubenrennen.baiv.de\/index.php?rest_route=\/wp\/v2\/types\/page"}],"author":[{"embeddable":true,"href":"https:\/\/taubenrennen.baiv.de\/index.php?rest_route=\/wp\/v2\/users\/1"}],"replies":[{"embeddable":true,"href":"https:\/\/taubenrennen.baiv.de\/index.php?rest_route=%2Fwp%2Fv2%2Fcomments&post=841"}],"version-history":[{"count":5,"href":"https:\/\/taubenrennen.baiv.de\/index.php?rest_route=\/wp\/v2\/pages\/841\/revisions"}],"predecessor-version":[{"id":846,"href":"https:\/\/taubenrennen.baiv.de\/index.php?rest_route=\/wp\/v2\/pages\/841\/revisions\/846"}],"up":[{"embeddable":true,"href":"https:\/\/taubenrennen.baiv.de\/index.php?rest_route=\/wp\/v2\/pages\/445"}],"wp:attachment":[{"href":"https:\/\/taubenrennen.baiv.de\/index.php?rest_route=%2Fwp%2Fv2%2Fmedia&parent=841"}],"curies":[{"name":"wp","href":"https:\/\/api.w.org\/{rel}","templated":true}]}}